{"id":994,"date":"2026-03-27T19:51:26","date_gmt":"2026-03-27T19:51:26","guid":{"rendered":"https:\/\/novaluxeurope.com\/producto\/french-avenue-royal-blend-vintage-exp-u-100-ml\/"},"modified":"2026-05-07T12:01:21","modified_gmt":"2026-05-07T12:01:21","slug":"french-avenue-royal-blend-vintage-exp-u-100-ml","status":"publish","type":"product","link":"https:\/\/novaluxeurope.com\/en\/product\/french-avenue-royal-blend-vintage-exp-u-100-ml\/","title":{"rendered":"French Avenue Royal Blend Vintage EXP"},"content":{"rendered":"<p>Descubra el refinado encanto de Royal Blend Vintage de French Avenue, un Extrait de Parfum unisex de primera calidad que celebra la sofisticaci\u00f3n atemporal y el estilo moderno. Presentada en 2025 y elaborada en los Emiratos \u00c1rabes Unidos, esta fragancia refleja la rica tradici\u00f3n de la perfumer\u00eda de Oriente Medio, al tiempo que adopta una elegancia contempor\u00e1nea que se adapta a los exigentes amantes de las fragancias de hoy en d\u00eda. Perteneciente a la familia olfativa Ambarina Fougere, Royal Blend Vintage se abre con un delicioso y arom\u00e1tico d\u00fao: la jugosa dulzura de la ciruela se encuentra con la calidez ligeramente amarga y herbal de la davana. A medida que la fragancia evoluciona, revela un coraz\u00f3n de Immortelle , una nota floral dorada apreciada por su perfil meloso y especiado que a\u00f1ade un inesperado toque de profundidad y encanto. La fase de secado es suave y dominante, con la cremosa riqueza del B\u00e1lsamo de Tol\u00fa, el atrevido humo del Tabaco y la reconfortante dulzura de la Vainilla, que dejan tras de s\u00ed una c\u00e1lida y duradera estela de sofisticaci\u00f3n. Magn\u00edficamente presentada en un elegante frasco de 100 ml, Royal Blend Vintage es la elecci\u00f3n perfecta para cualquiera que desee una fragancia lujosa y vers\u00e1til. Tanto si se lleva a diario como si se reserva para momentos especiales, esta fragancia ofrece una impresi\u00f3n duradera de elegancia e individualidad. Eleve su colecci\u00f3n con Royal Blend Vintage, una fragancia en la que la herencia se une a la innovaci\u00f3n en un equilibrio perfecto. NOTAS DE PERFUME Notas altas: Ciruela, Davana Notas medias: Siempreviva Notas de Fondo: B\u00e1lsamo de Tol\u00fa, Tabaco, Vainilla<\/p>\n<h4>Pir\u00e1mide olfativa<\/h4>\n<ul>\n<li><strong>Notas de entrada:<\/strong> Ciruela, Davana<\/li>\n<li><strong>Notas de coraz\u00f3n:<\/strong> Siempreviva<\/li>\n<li><strong>Notas de salida:<\/strong> B\u00e1lsamo de Tol\u00fa, Tabaco, Vainilla<\/li>\n<\/ul>","protected":false},"excerpt":{"rendered":"<p>Descubra el refinado encanto de Royal Blend Vintage de French Avenue, un Extrait de Parfum unisex de primera calidad que celebra la sofisticaci\u00f3n atemporal y el estilo moderno. Presentada en 2025 y elaborada en los Emiratos \u00c1rabes Unidos, esta fragancia refleja la rica tradici\u00f3n de la perfumer\u00eda de Oriente Medio, al tiempo que adopta una [&hellip;]<\/p>\n","protected":false},"featured_media":993,"comment_status":"open","ping_status":"closed","template":"","meta":[],"product_brand":[150],"product_cat":[225],"product_tag":[197,198,130,199,163,63],"class_list":{"0":"post-994","1":"product","2":"type-product","3":"status-publish","4":"has-post-thumbnail","6":"product_brand-french-avenue","7":"product_cat-perfumes-y-fragancias","8":"product_tag-balsamo-de-tolu","9":"product_tag-ciruela","10":"product_tag-davana","11":"product_tag-siempreviva","12":"product_tag-tabaco","13":"product_tag-vainilla","15":"first","16":"instock","17":"taxable","18":"shipping-taxable","19":"product-type-simple"},"_links":{"self":[{"href":"https:\/\/novaluxeurope.com\/en\/wp-json\/wp\/v2\/product\/994","targetHints":{"allow":["GET"]}}],"collection":[{"href":"https:\/\/novaluxeurope.com\/en\/wp-json\/wp\/v2\/product"}],"about":[{"href":"https:\/\/novaluxeurope.com\/en\/wp-json\/wp\/v2\/types\/product"}],"replies":[{"embeddable":true,"href":"https:\/\/novaluxeurope.com\/en\/wp-json\/wp\/v2\/comments?post=994"}],"wp:featuredmedia":[{"embeddable":true,"href":"https:\/\/novaluxeurope.com\/en\/wp-json\/wp\/v2\/media\/993"}],"wp:attachment":[{"href":"https:\/\/novaluxeurope.com\/en\/wp-json\/wp\/v2\/media?parent=994"}],"wp:term":[{"taxonomy":"product_brand","embeddable":true,"href":"https:\/\/novaluxeurope.com\/en\/wp-json\/wp\/v2\/product_brand?post=994"},{"taxonomy":"product_cat","embeddable":true,"href":"https:\/\/novaluxeurope.com\/en\/wp-json\/wp\/v2\/product_cat?post=994"},{"taxonomy":"product_tag","embeddable":true,"href":"https:\/\/novaluxeurope.com\/en\/wp-json\/wp\/v2\/product_tag?post=994"}],"curies":[{"name":"wp","href":"https:\/\/api.w.org\/{rel}","templated":true}]}}