{"id":991,"date":"2026-03-27T19:51:24","date_gmt":"2026-03-27T19:51:24","guid":{"rendered":"https:\/\/novaluxeurope.com\/producto\/french-avenue-royal-blend-sequoia\/"},"modified":"2026-05-08T08:01:28","modified_gmt":"2026-05-08T08:01:28","slug":"french-avenue-royal-blend-sequoia","status":"publish","type":"product","link":"https:\/\/novaluxeurope.com\/en\/product\/french-avenue-royal-blend-sequoia\/","title":{"rendered":"French Avenue Royal Blend Sequoia"},"content":{"rendered":"<p>Cada d\u00eda es una nueva oportunidad para afrontar retos. El eau de parfum unisex French Avenue Royal Blend Sequoia refresca tu mente para que puedas seguir tu instinto con valent\u00eda. L\u00e1nzate al encuentro de la aventura diaria.<\/p>\n<ul>\n<li>fragancia amaderada<\/li>\n<li>fragancia frutal<\/li>\n<li>para todas aquellas personas que no tienen miedo a destacar<\/li>\n<li>fragancia c\u00e1lida, ideal para las \u00e9pocas fr\u00edas<\/li>\n<li>fragancia original para las ocasiones especiales<\/li>\n<li>fragancia unisex<\/li>\n<\/ul>\n<h4>Pir\u00e1mide olfativa<\/h4>\n<ul>\n<li><strong>Notas de entrada:<\/strong> frambuesa, licor<\/li>\n<li><strong>Notas de coraz\u00f3n:<\/strong> rosa, musgo<\/li>\n<li><strong>Notas de salida:<\/strong> roble, pralin\u00e9, madera de s\u00e1ndalo<\/li>\n<\/ul>","protected":false},"excerpt":{"rendered":"<p>Cada d\u00eda es una nueva oportunidad para afrontar retos. El eau de parfum unisex French Avenue Royal Blend Sequoia refresca tu mente para que puedas seguir tu instinto con valent\u00eda. L\u00e1nzate al encuentro de la aventura diaria. fragancia amaderada fragancia frutal para todas aquellas personas que no tienen miedo a destacar fragancia c\u00e1lida, ideal para [&hellip;]<\/p>\n","protected":false},"featured_media":990,"comment_status":"open","ping_status":"closed","template":"","meta":[],"product_brand":[150],"product_cat":[225],"product_tag":[97,105,47,161,159,195,49],"class_list":{"0":"post-991","1":"product","2":"type-product","3":"status-publish","4":"has-post-thumbnail","6":"product_brand-french-avenue","7":"product_cat-perfumes-y-fragancias","8":"product_tag-frambuesa","9":"product_tag-licor","10":"product_tag-madera-de-sandalo","11":"product_tag-musgo","12":"product_tag-praline","13":"product_tag-roble","14":"product_tag-rosa","16":"first","17":"outofstock","18":"taxable","19":"shipping-taxable","20":"product-type-simple"},"_links":{"self":[{"href":"https:\/\/novaluxeurope.com\/en\/wp-json\/wp\/v2\/product\/991","targetHints":{"allow":["GET"]}}],"collection":[{"href":"https:\/\/novaluxeurope.com\/en\/wp-json\/wp\/v2\/product"}],"about":[{"href":"https:\/\/novaluxeurope.com\/en\/wp-json\/wp\/v2\/types\/product"}],"replies":[{"embeddable":true,"href":"https:\/\/novaluxeurope.com\/en\/wp-json\/wp\/v2\/comments?post=991"}],"wp:featuredmedia":[{"embeddable":true,"href":"https:\/\/novaluxeurope.com\/en\/wp-json\/wp\/v2\/media\/990"}],"wp:attachment":[{"href":"https:\/\/novaluxeurope.com\/en\/wp-json\/wp\/v2\/media?parent=991"}],"wp:term":[{"taxonomy":"product_brand","embeddable":true,"href":"https:\/\/novaluxeurope.com\/en\/wp-json\/wp\/v2\/product_brand?post=991"},{"taxonomy":"product_cat","embeddable":true,"href":"https:\/\/novaluxeurope.com\/en\/wp-json\/wp\/v2\/product_cat?post=991"},{"taxonomy":"product_tag","embeddable":true,"href":"https:\/\/novaluxeurope.com\/en\/wp-json\/wp\/v2\/product_tag?post=991"}],"curies":[{"name":"wp","href":"https:\/\/api.w.org\/{rel}","templated":true}]}}