{"id":981,"date":"2026-03-27T19:51:19","date_gmt":"2026-03-27T19:51:19","guid":{"rendered":"https:\/\/novaluxeurope.com\/producto\/french-avenue-vulcan-feu\/"},"modified":"2026-05-05T12:01:30","modified_gmt":"2026-05-05T12:01:30","slug":"french-avenue-vulcan-feu","status":"publish","type":"product","link":"https:\/\/novaluxeurope.com\/en\/product\/french-avenue-vulcan-feu\/","title":{"rendered":"French Avenue Vulcan Feu"},"content":{"rendered":"<p dir=\"ltr\"><strong>Energ\u00eda volc\u00e1nica para los m\u00e1s valientes<\/strong><\/p>\n<p dir=\"ltr\">Enciende tu chispa interior con una fragancia que combina exotismo, pasi\u00f3n y una profundidad inesperada. El eau de parfum French Avenue Vulcan Feu te sumergir\u00e1 en un mundo lleno de fruta jugosa, especias y tonos amaderados. Moderna y provocadora, resulta ideal para todas aquellas personas que quieren dejar una impresi\u00f3n inolvidable.<\/p>\n<ul>\n<li value=\"1\">composici\u00f3n floral\u00a0<\/li>\n<li value=\"2\">ideal para los amantes de los perfumes audaces y sensuales<\/li>\n<li value=\"3\">novedad de 2025<\/li>\n<\/ul>\n<p dir=\"ltr\"><strong>Composici\u00f3n de la fragancia:<\/strong><br \/>La fragancia se abre con una combinaci\u00f3n jugosa de mango, lim\u00f3n y frutos rojos, atravesada por el jengibre picante: el resultado son unas notas de salida refrescantes, radiantes y llenas de energ\u00eda. En las notas de coraz\u00f3n, se despliega la sutil dulzura de la cumarina acompa\u00f1ada del embriagador jazm\u00edn y la c\u00e1lida madera de cedro, que le aportan un equilibrio elegante a la fragancia. Las notas de fondo est\u00e1n formadas por la sensualidad del almizcle y el \u00e1mbar, a los que se suman la oscura madera de agar y el cipriol terroso, creando as\u00ed una huella profunda, amaderada y ligeramente ahumada.<\/p>\n<p dir=\"ltr\"><strong>Historia de la fragancia:<\/strong><br \/>El eau de parfum French Avenue Vulcan Feu es una celebraci\u00f3n del fuego y del poder de la transformaci\u00f3n. Inspirada en uno de los cuatro elementos, el fuego, representa la armon\u00eda entre el ardor y la calma, entre la luz y la sombra. Su composici\u00f3n est\u00e1 dise\u00f1ada para desarrollarse de forma gradual e ir revelando nuevas capas, de manera similar a un volc\u00e1n que despierta con toda su fuerza. Este perfume est\u00e1 pensado para todas las personas que no tienen miedo a destacar entre la multitud e irradiar confianza.<\/p>\n<h4>Pir\u00e1mide olfativa<\/h4>\n<ul>\n<li><strong>Notas de entrada:<\/strong> jengibre, lim\u00f3n, mango, ruibarbo<\/li>\n<li><strong>Notas de coraz\u00f3n:<\/strong> jazm\u00edn, pralin\u00e9, violeta, pimienta rosada<\/li>\n<li><strong>Notas de salida:<\/strong> \u00e1mbar gris, madera de cedro, haba tonka, musgo<\/li>\n<\/ul>","protected":false},"excerpt":{"rendered":"<p>Energ\u00eda volc\u00e1nica para los m\u00e1s valientes Enciende tu chispa interior con una fragancia que combina exotismo, pasi\u00f3n y una profundidad inesperada. El eau de parfum French Avenue Vulcan Feu te sumergir\u00e1 en un mundo lleno de fruta jugosa, especias y tonos amaderados. Moderna y provocadora, resulta ideal para todas aquellas personas que quieren dejar una [&hellip;]<\/p>\n","protected":false},"featured_media":980,"comment_status":"open","ping_status":"closed","template":"","meta":[],"product_brand":[150],"product_cat":[225],"product_tag":[64,79,56,180,140,46,190,161,181,159,191,51],"class_list":{"0":"post-981","1":"product","2":"type-product","3":"status-publish","4":"has-post-thumbnail","6":"product_brand-french-avenue","7":"product_cat-perfumes-y-fragancias","8":"product_tag-ambar-gris","9":"product_tag-haba-tonka","10":"product_tag-jazmin","11":"product_tag-jengibre","12":"product_tag-limon","13":"product_tag-madera-de-cedro","14":"product_tag-mango","15":"product_tag-musgo","16":"product_tag-pimienta-rosada","17":"product_tag-praline","18":"product_tag-ruibarbo","19":"product_tag-violeta","21":"first","22":"outofstock","23":"taxable","24":"shipping-taxable","25":"product-type-simple"},"_links":{"self":[{"href":"https:\/\/novaluxeurope.com\/en\/wp-json\/wp\/v2\/product\/981","targetHints":{"allow":["GET"]}}],"collection":[{"href":"https:\/\/novaluxeurope.com\/en\/wp-json\/wp\/v2\/product"}],"about":[{"href":"https:\/\/novaluxeurope.com\/en\/wp-json\/wp\/v2\/types\/product"}],"replies":[{"embeddable":true,"href":"https:\/\/novaluxeurope.com\/en\/wp-json\/wp\/v2\/comments?post=981"}],"wp:featuredmedia":[{"embeddable":true,"href":"https:\/\/novaluxeurope.com\/en\/wp-json\/wp\/v2\/media\/980"}],"wp:attachment":[{"href":"https:\/\/novaluxeurope.com\/en\/wp-json\/wp\/v2\/media?parent=981"}],"wp:term":[{"taxonomy":"product_brand","embeddable":true,"href":"https:\/\/novaluxeurope.com\/en\/wp-json\/wp\/v2\/product_brand?post=981"},{"taxonomy":"product_cat","embeddable":true,"href":"https:\/\/novaluxeurope.com\/en\/wp-json\/wp\/v2\/product_cat?post=981"},{"taxonomy":"product_tag","embeddable":true,"href":"https:\/\/novaluxeurope.com\/en\/wp-json\/wp\/v2\/product_tag?post=981"}],"curies":[{"name":"wp","href":"https:\/\/api.w.org\/{rel}","templated":true}]}}