{"id":970,"date":"2026-03-27T19:51:13","date_gmt":"2026-03-27T19:51:13","guid":{"rendered":"https:\/\/novaluxeurope.com\/producto\/french-avenue-vulcan-baie\/"},"modified":"2026-05-06T20:29:13","modified_gmt":"2026-05-06T20:29:13","slug":"french-avenue-vulcan-baie","status":"publish","type":"product","link":"https:\/\/novaluxeurope.com\/en\/product\/french-avenue-vulcan-baie\/","title":{"rendered":"French Avenue Vulcan Baie"},"content":{"rendered":"<p dir=\"ltr\"><strong>La fuerza de los contrastes<\/strong><\/p>\n<p dir=\"ltr\">El eau de parfum French Avenue Vulcan Baie te ayuda a encontrar un equilibrio entre el frescor y la intensidad. Armoniza la delicadeza de las flores con la energ\u00eda de la fruta jugosa y la calidez de sus notas amaderadas. La fragancia es una oda a la creatividad, la elegancia natural y la libertad de expresarte a tu manera.\u00a0<\/p>\n<ul>\n<li value=\"1\">notas florales y frutales<\/li>\n<li value=\"2\">fragancia unisex<\/li>\n<li value=\"3\">ideal para quienes buscan una fragancia con car\u00e1cter y profundidad<\/li>\n<\/ul>\n<p dir=\"ltr\"><strong>Composici\u00f3n de la fragancia:<\/strong><br \/>La fragancia se abre con frescor y con un c\u00f3ctel frutal de grosella negra, zarzamora, bergamota y romero, que crean una apertura chispeante, en\u00e9rgica y natural. A continuaci\u00f3n, la composici\u00f3n pasa a sus delicadas notas de coraz\u00f3n, en las que se a\u00fana la dulce frambuesa con la pureza del lirio de los valles, mientras que unas notas de vodka y albahaca aportan a la fragancia un contraste fr\u00edo y verde. Las notas de fondo consisten en unos acordes sensuales y c\u00e1lidos de fresa, melocot\u00f3n, madera de s\u00e1ndalo, incienso, \u00e1mbar, pachuli y almizcle, que dejan sobre la piel una huella elegante y duradera.<\/p>\n<p dir=\"ltr\"><strong>Historia de la fragancia:<\/strong><br \/>La fragancia<strong> <\/strong>French Avenue Vulcan Baie es una proclamaci\u00f3n de la perfumer\u00eda moderna. Una composici\u00f3n que traspasa las fronteras entre el mundo femenino y el masculino. La marca French Avenue la present\u00f3 como homenaje a la libertad, la originalidad y a los ingredientes naturales aut\u00e9nticos. Cada una de sus notas cuenta una historia sobre la naturaleza y la vida urbana, entre la delicadeza y la fuerza.<\/p>\n<h4>Pir\u00e1mide olfativa<\/h4>\n<ul>\n<li><strong>Notas de entrada:<\/strong> bergamota, grosella negra, moras, romero<\/li>\n<li><strong>Notas de coraz\u00f3n:<\/strong> albahaca, frambuesa, vodka, lirio de los valles<\/li>\n<li><strong>Notas de salida:<\/strong> \u00e1mbar, almizcle, pachuli, melocot\u00f3n, madera de s\u00e1ndalo, fresa, incenso<\/li>\n<\/ul>","protected":false},"excerpt":{"rendered":"<p>La fuerza de los contrastes El eau de parfum French Avenue Vulcan Baie te ayuda a encontrar un equilibrio entre el frescor y la intensidad. Armoniza la delicadeza de las flores con la energ\u00eda de la fruta jugosa y la calidez de sus notas amaderadas. La fragancia es una oda a la creatividad, la elegancia [&hellip;]<\/p>\n","protected":false},"featured_media":969,"comment_status":"open","ping_status":"closed","template":"","meta":[],"product_brand":[150],"product_cat":[225],"product_tag":[184,59,52,102,97,165,111,185,85,47,186,166,67,187,188],"class_list":{"0":"post-970","1":"product","2":"type-product","3":"status-publish","4":"has-post-thumbnail","6":"product_brand-french-avenue","7":"product_cat-perfumes-y-fragancias","8":"product_tag-albahaca","9":"product_tag-almizcle","10":"product_tag-ambar","11":"product_tag-bergamota","12":"product_tag-frambuesa","13":"product_tag-fresa","14":"product_tag-grosella-negra","15":"product_tag-incenso","16":"product_tag-lirio-de-los-valles","17":"product_tag-madera-de-sandalo","18":"product_tag-melocoton","19":"product_tag-moras","20":"product_tag-pachuli","21":"product_tag-romero","22":"product_tag-vodka","24":"first","25":"instock","26":"taxable","27":"shipping-taxable","28":"product-type-simple"},"_links":{"self":[{"href":"https:\/\/novaluxeurope.com\/en\/wp-json\/wp\/v2\/product\/970","targetHints":{"allow":["GET"]}}],"collection":[{"href":"https:\/\/novaluxeurope.com\/en\/wp-json\/wp\/v2\/product"}],"about":[{"href":"https:\/\/novaluxeurope.com\/en\/wp-json\/wp\/v2\/types\/product"}],"replies":[{"embeddable":true,"href":"https:\/\/novaluxeurope.com\/en\/wp-json\/wp\/v2\/comments?post=970"}],"wp:featuredmedia":[{"embeddable":true,"href":"https:\/\/novaluxeurope.com\/en\/wp-json\/wp\/v2\/media\/969"}],"wp:attachment":[{"href":"https:\/\/novaluxeurope.com\/en\/wp-json\/wp\/v2\/media?parent=970"}],"wp:term":[{"taxonomy":"product_brand","embeddable":true,"href":"https:\/\/novaluxeurope.com\/en\/wp-json\/wp\/v2\/product_brand?post=970"},{"taxonomy":"product_cat","embeddable":true,"href":"https:\/\/novaluxeurope.com\/en\/wp-json\/wp\/v2\/product_cat?post=970"},{"taxonomy":"product_tag","embeddable":true,"href":"https:\/\/novaluxeurope.com\/en\/wp-json\/wp\/v2\/product_tag?post=970"}],"curies":[{"name":"wp","href":"https:\/\/api.w.org\/{rel}","templated":true}]}}