{"id":967,"date":"2026-03-27T19:51:10","date_gmt":"2026-03-27T19:51:10","guid":{"rendered":"https:\/\/novaluxeurope.com\/producto\/french-avenue-spectre-wraith\/"},"modified":"2026-05-06T20:29:13","modified_gmt":"2026-05-06T20:29:13","slug":"french-avenue-spectre-wraith","status":"publish","type":"product","link":"https:\/\/novaluxeurope.com\/en\/product\/french-avenue-spectre-wraith\/","title":{"rendered":"French Avenue Spectre Wraith"},"content":{"rendered":"<p dir=\"ltr\"><strong>Un viaje al mundo de los sentidos que comienza con un acorde de ron<\/strong><\/p>\n<p dir=\"ltr\">Luce un aroma que no deja indiferente a nadie. El eau de parfum French Avenue Wraith Spectre es algo m\u00e1s que una fragancia: es una declaraci\u00f3n original de valent\u00eda, estilo y experiencia sensual. Su composici\u00f3n arom\u00e1tica te invita a un extraordinario viaje para descubrir sus refinados tonos. \u00bfTe animas a probarla?<\/p>\n<ul>\n<li value=\"1\">fragancia arom\u00e1tica amaderada para hombre<\/li>\n<li value=\"2\">con una evoluci\u00f3n profunda que va del ron a la madera de s\u00e1ndalo<\/li>\n<li value=\"3\">se lanz\u00f3 en el a\u00f1o 2024<\/li>\n<\/ul>\n<p dir=\"ltr\"><strong>Composici\u00f3n de la fragancia:<\/strong><br \/>Desde el primer instante, la seductora fusi\u00f3n de ron y especias despierta los sentidos y desata una atracci\u00f3n inmediata e irresistible. En la siguiente inhalaci\u00f3n, el intenso aroma del caf\u00e9 se despliega poco a poco, dando paso a la profundidad terrosa y misteriosa del pachul\u00ed. La composici\u00f3n se cierra con la relajante madera de s\u00e1ndalo, cuya suavidad deja una estela elegante y duradera.<\/p>\n<p dir=\"ltr\"><strong>Historia de la fragancia:<\/strong><br \/>El eau de parfum Wraith Spectre ha sido creado para hombres que buscan una experiencia olfativa que se transforme a lo largo del d\u00eda. El frasco ostenta un dise\u00f1o que refleja la calidad y el refinamiento de la propia composici\u00f3n arom\u00e1tica. As\u00ed, la fragancia se convierte en el reflejo perfecto de la persona que la lleva y que no teme destacar entre la multitud.<\/p>\n<h4>Pir\u00e1mide olfativa<\/h4>\n<ul>\n<li><strong>Notas de entrada:<\/strong> ron, especia<\/li>\n<li><strong>Notas de coraz\u00f3n:<\/strong> caf\u00e9, vetiver, pachuli, madera de s\u00e1ndalo<\/li>\n<li><strong>Notas de salida:<\/strong> ca\u00f1a de az\u00facar<\/li>\n<\/ul>","protected":false},"excerpt":{"rendered":"<p>Un viaje al mundo de los sentidos que comienza con un acorde de ron Luce un aroma que no deja indiferente a nadie. El eau de parfum French Avenue Wraith Spectre es algo m\u00e1s que una fragancia: es una declaraci\u00f3n original de valent\u00eda, estilo y experiencia sensual. Su composici\u00f3n arom\u00e1tica te invita a un extraordinario [&hellip;]<\/p>\n","protected":false},"featured_media":966,"comment_status":"open","ping_status":"closed","template":"","meta":[],"product_brand":[150],"product_cat":[225],"product_tag":[182,176,65,47,67,183,50],"class_list":{"0":"post-967","1":"product","2":"type-product","3":"status-publish","4":"has-post-thumbnail","6":"product_brand-french-avenue","7":"product_cat-perfumes-y-fragancias","8":"product_tag-cafe","9":"product_tag-cana-de-azucar","10":"product_tag-especia","11":"product_tag-madera-de-sandalo","12":"product_tag-pachuli","13":"product_tag-ron","14":"product_tag-vetiver","16":"first","17":"instock","18":"taxable","19":"shipping-taxable","20":"product-type-simple"},"_links":{"self":[{"href":"https:\/\/novaluxeurope.com\/en\/wp-json\/wp\/v2\/product\/967","targetHints":{"allow":["GET"]}}],"collection":[{"href":"https:\/\/novaluxeurope.com\/en\/wp-json\/wp\/v2\/product"}],"about":[{"href":"https:\/\/novaluxeurope.com\/en\/wp-json\/wp\/v2\/types\/product"}],"replies":[{"embeddable":true,"href":"https:\/\/novaluxeurope.com\/en\/wp-json\/wp\/v2\/comments?post=967"}],"wp:featuredmedia":[{"embeddable":true,"href":"https:\/\/novaluxeurope.com\/en\/wp-json\/wp\/v2\/media\/966"}],"wp:attachment":[{"href":"https:\/\/novaluxeurope.com\/en\/wp-json\/wp\/v2\/media?parent=967"}],"wp:term":[{"taxonomy":"product_brand","embeddable":true,"href":"https:\/\/novaluxeurope.com\/en\/wp-json\/wp\/v2\/product_brand?post=967"},{"taxonomy":"product_cat","embeddable":true,"href":"https:\/\/novaluxeurope.com\/en\/wp-json\/wp\/v2\/product_cat?post=967"},{"taxonomy":"product_tag","embeddable":true,"href":"https:\/\/novaluxeurope.com\/en\/wp-json\/wp\/v2\/product_tag?post=967"}],"curies":[{"name":"wp","href":"https:\/\/api.w.org\/{rel}","templated":true}]}}