{"id":964,"date":"2026-03-27T19:51:08","date_gmt":"2026-03-27T19:51:08","guid":{"rendered":"https:\/\/novaluxeurope.com\/producto\/french-avenue-spectre-ghost\/"},"modified":"2026-05-09T11:19:11","modified_gmt":"2026-05-09T11:19:11","slug":"french-avenue-spectre-ghost","status":"publish","type":"product","link":"https:\/\/novaluxeurope.com\/en\/product\/french-avenue-spectre-ghost\/","title":{"rendered":"French Avenue Spectre Ghost"},"content":{"rendered":"<p dir=\"ltr\"><strong>Olv\u00eddate de las normas<\/strong><\/p>\n<p dir=\"ltr\">\u00bfCu\u00e1l ser\u00e1 tu pr\u00f3xima jugada? En este juego, eres t\u00fa quien fija las reglas. El eau de parfum French Avenue Spectre Ghost te sorprender\u00e1 con su energ\u00eda electrizante. Pero no te dejes enga\u00f1ar: bajo la superficie se esconde la profundidad creando una inconfundible sensaci\u00f3n de victoria.<\/p>\n<ul>\n<li value=\"1\">fragancia masculina amaderada con notas orientales arom\u00e1ticas<\/li>\n<li value=\"2\">una elecci\u00f3n perfecta para las noches en las que deseas brillar<\/li>\n<li value=\"3\">lanzada en el a\u00f1o 2023<\/li>\n<\/ul>\n<p dir=\"ltr\"><strong>Composici\u00f3n de la fragancia:<\/strong><br \/>Las notas de salida combinan jengibre fresco, bergamota y lima para perfumar con energ\u00eda la primera impresi\u00f3n, mientras que la pimienta rosa aporta una chispa especiada que despierta los sentidos. Luego surge la elegante combinaci\u00f3n de grosella negra, cardamomo especiado y embriagadora rosa turca, que confiere a toda la composici\u00f3n un tono noble. El siguiente acorde revela una armon\u00eda envolvente de vainilla cremosa, s\u00e1ndalo y cedro, enriquecida por la calidez del benju\u00ed, \u00e1mbar y almizcle.<\/p>\n<p dir=\"ltr\"><strong>Historia de la fragancia:<\/strong><br \/>Su frasco original de l\u00edneas elegantes refleja su contenido: seguro de s\u00ed mismo, expresivo y sofisticado al mismo tiempo. El eau de parfum Spectre Ghost ha sido dise\u00f1ado como contrapunto a las fragancias masculinas convencionales. Su composici\u00f3n arom\u00e1tica trasciende lo accesorio para convertirse en una manifestaci\u00f3n de actitud y declaraci\u00f3n de car\u00e1cter y autenticidad.<\/p>\n<h4>Pir\u00e1mide olfativa<\/h4>\n<ul>\n<li><strong>Notas de entrada:<\/strong> bergamota, jengibre, cardamomo<\/li>\n<li><strong>Notas de coraz\u00f3n:<\/strong> rosa, grosella negra, pimienta rosada<\/li>\n<li><strong>Notas de salida:<\/strong> pachuli, madera de cedro, vainilla<\/li>\n<\/ul>","protected":false},"excerpt":{"rendered":"<p>Olv\u00eddate de las normas \u00bfCu\u00e1l ser\u00e1 tu pr\u00f3xima jugada? En este juego, eres t\u00fa quien fija las reglas. El eau de parfum French Avenue Spectre Ghost te sorprender\u00e1 con su energ\u00eda electrizante. Pero no te dejes enga\u00f1ar: bajo la superficie se esconde la profundidad creando una inconfundible sensaci\u00f3n de victoria. fragancia masculina amaderada con notas [&hellip;]<\/p>\n","protected":false},"featured_media":963,"comment_status":"open","ping_status":"closed","template":"","meta":[],"product_brand":[150],"product_cat":[225],"product_tag":[102,77,111,180,46,67,181,49,63],"class_list":{"0":"post-964","1":"product","2":"type-product","3":"status-publish","4":"has-post-thumbnail","6":"product_brand-french-avenue","7":"product_cat-perfumes-y-fragancias","8":"product_tag-bergamota","9":"product_tag-cardamomo","10":"product_tag-grosella-negra","11":"product_tag-jengibre","12":"product_tag-madera-de-cedro","13":"product_tag-pachuli","14":"product_tag-pimienta-rosada","15":"product_tag-rosa","16":"product_tag-vainilla","18":"first","19":"instock","20":"taxable","21":"shipping-taxable","22":"product-type-simple"},"_links":{"self":[{"href":"https:\/\/novaluxeurope.com\/en\/wp-json\/wp\/v2\/product\/964","targetHints":{"allow":["GET"]}}],"collection":[{"href":"https:\/\/novaluxeurope.com\/en\/wp-json\/wp\/v2\/product"}],"about":[{"href":"https:\/\/novaluxeurope.com\/en\/wp-json\/wp\/v2\/types\/product"}],"replies":[{"embeddable":true,"href":"https:\/\/novaluxeurope.com\/en\/wp-json\/wp\/v2\/comments?post=964"}],"wp:featuredmedia":[{"embeddable":true,"href":"https:\/\/novaluxeurope.com\/en\/wp-json\/wp\/v2\/media\/963"}],"wp:attachment":[{"href":"https:\/\/novaluxeurope.com\/en\/wp-json\/wp\/v2\/media?parent=964"}],"wp:term":[{"taxonomy":"product_brand","embeddable":true,"href":"https:\/\/novaluxeurope.com\/en\/wp-json\/wp\/v2\/product_brand?post=964"},{"taxonomy":"product_cat","embeddable":true,"href":"https:\/\/novaluxeurope.com\/en\/wp-json\/wp\/v2\/product_cat?post=964"},{"taxonomy":"product_tag","embeddable":true,"href":"https:\/\/novaluxeurope.com\/en\/wp-json\/wp\/v2\/product_tag?post=964"}],"curies":[{"name":"wp","href":"https:\/\/api.w.org\/{rel}","templated":true}]}}