{"id":958,"date":"2026-03-27T19:51:05","date_gmt":"2026-03-27T19:51:05","guid":{"rendered":"https:\/\/novaluxeurope.com\/producto\/french-avenue-spectre-edp-m-80-ml\/"},"modified":"2026-04-24T13:31:35","modified_gmt":"2026-04-24T13:31:35","slug":"french-avenue-spectre-edp-m-80-ml","status":"publish","type":"product","link":"https:\/\/novaluxeurope.com\/en\/product\/french-avenue-spectre-edp-m-80-ml\/","title":{"rendered":"French Avenue Spectre"},"content":{"rendered":"<p>French Avenue Spectre Eau de Parfum 80 ml es una fragancia masculina cautivadora y misteriosa que mezcla notas ahumadas , de cuero y amaderadas para crear un aroma audaz pero sofisticado. Lanzado en 2024, este perfume para hombre ofrece una composici\u00f3n compleja dise\u00f1ada para dejar una impresi\u00f3n duradera. La fragancia se abre con una rica mezcla de incienso, azafr\u00e1n y madera de ga\u00efac, ofreciendo una introducci\u00f3n ahumada y sutilmente especiada que marca el tono de su profundidad y complejidad. En su coraz\u00f3n, Spectre combina cuero, ca\u00f1a de az\u00facar, violeta y madera de \u00e1mbar, a\u00f1adiendo dulzura y elegancia floral para equilibrar la apertura ahumada. La base revela una mezcla c\u00e1lida y sensual de humo, pachul\u00ed, notas amaderadas, s\u00e1ndalo y almizcle negro, creando un acabado profundo y duradero que realza el misterioso atractivo de la fragancia. Spectre es perfecto para ocasiones nocturnas y eventos especiales, ofreciendo un aroma distintivo y memorable para aquellos que quieren destacar. NOTAS DE PERFUME Notas de salida: Incienso, Azafr\u00e1n, Madera de Gaiac Notas medias: Cuero, Ca\u00f1a de Az\u00facar, Violeta, Madera de \u00c1mbar Notas de Fondo: Humo, Pachul\u00ed, Notas Amaderadas, S\u00e1ndalo, Almizcle Negro<\/p>\n<h4>Pir\u00e1mide olfativa<\/h4>\n<ul>\n<li><strong>Notas de entrada:<\/strong> Incienso, Madera de Gaiac, Azafr\u00e1n<\/li>\n<li><strong>Notas de coraz\u00f3n:<\/strong> Piel, Amberwood, Violeta, Ca\u00f1a de az\u00facar<\/li>\n<li><strong>Notas de salida:<\/strong> Humo, Pachul\u00ed, S\u00e1ndalo, Notas amaderadas, Almizcle negro<\/li>\n<\/ul>","protected":false},"excerpt":{"rendered":"<p>French Avenue Spectre Eau de Parfum 80 ml es una fragancia masculina cautivadora y misteriosa que mezcla notas ahumadas , de cuero y amaderadas para crear un aroma audaz pero sofisticado. Lanzado en 2024, este perfume para hombre ofrece una composici\u00f3n compleja dise\u00f1ada para dejar una impresi\u00f3n duradera. La fragancia se abre con una rica [&hellip;]<\/p>\n","protected":false},"featured_media":957,"comment_status":"open","ping_status":"closed","template":"","meta":[],"product_brand":[150],"product_cat":[225],"product_tag":[175,120,87,176,177,127,178,179,67,137,174,51],"class_list":{"0":"post-958","1":"product","2":"type-product","3":"status-publish","4":"has-post-thumbnail","6":"product_brand-french-avenue","7":"product_cat-perfumes-y-fragancias","8":"product_tag-almizcle-negro","9":"product_tag-amberwood","10":"product_tag-azafran","11":"product_tag-cana-de-azucar","12":"product_tag-humo","13":"product_tag-incienso","14":"product_tag-madera-de-gaiac","15":"product_tag-notas-amaderadas","16":"product_tag-pachuli","17":"product_tag-piel","18":"product_tag-sandalo","19":"product_tag-violeta","21":"first","22":"instock","23":"taxable","24":"shipping-taxable","25":"product-type-simple"},"_links":{"self":[{"href":"https:\/\/novaluxeurope.com\/en\/wp-json\/wp\/v2\/product\/958","targetHints":{"allow":["GET"]}}],"collection":[{"href":"https:\/\/novaluxeurope.com\/en\/wp-json\/wp\/v2\/product"}],"about":[{"href":"https:\/\/novaluxeurope.com\/en\/wp-json\/wp\/v2\/types\/product"}],"replies":[{"embeddable":true,"href":"https:\/\/novaluxeurope.com\/en\/wp-json\/wp\/v2\/comments?post=958"}],"wp:featuredmedia":[{"embeddable":true,"href":"https:\/\/novaluxeurope.com\/en\/wp-json\/wp\/v2\/media\/957"}],"wp:attachment":[{"href":"https:\/\/novaluxeurope.com\/en\/wp-json\/wp\/v2\/media?parent=958"}],"wp:term":[{"taxonomy":"product_brand","embeddable":true,"href":"https:\/\/novaluxeurope.com\/en\/wp-json\/wp\/v2\/product_brand?post=958"},{"taxonomy":"product_cat","embeddable":true,"href":"https:\/\/novaluxeurope.com\/en\/wp-json\/wp\/v2\/product_cat?post=958"},{"taxonomy":"product_tag","embeddable":true,"href":"https:\/\/novaluxeurope.com\/en\/wp-json\/wp\/v2\/product_tag?post=958"}],"curies":[{"name":"wp","href":"https:\/\/api.w.org\/{rel}","templated":true}]}}