{"id":952,"date":"2026-03-27T19:51:01","date_gmt":"2026-03-27T19:51:01","guid":{"rendered":"https:\/\/novaluxeurope.com\/producto\/french-avenue-elinor-green-edp-u-100-ml\/"},"modified":"2026-05-07T21:14:04","modified_gmt":"2026-05-07T21:14:04","slug":"french-avenue-elinor-green-edp-u-100-ml","status":"publish","type":"product","link":"https:\/\/novaluxeurope.com\/en\/product\/french-avenue-elinor-green-edp-u-100-ml\/","title":{"rendered":"French Avenue Elinor Green"},"content":{"rendered":"<p>French Avenue Elinor Green 100 ml Eau de Parfum es una refinada fragancia unisex que equilibra con maestr\u00eda la frescura afrutada, los florales elegantes y los matices c\u00e1lidos y amaderados de fondo. Lanzada en 2025, ofrece un perfil olfativo vers\u00e1til adecuado tanto para el d\u00eda como para la noche, lo que la convierte en una elecci\u00f3n perfecta para diversas ocasiones y estaciones. La fragancia se abre con una animada mezcla de higo, brotes de grosella negra y notas acuosas, que proporcionan una introducci\u00f3n fresca y vigorizante. Su coraz\u00f3n revela un delicado bouquet floral de iris, jazm\u00edn y flores blancas, que le aportan profundidad y sofisticaci\u00f3n. El fondo est\u00e1 anclado por almizcle, vainilla, s\u00e1ndalo y pachul\u00ed, proporcionando un acabado c\u00e1lido y duradero que realza la elegancia general de la fragancia. Elinor Green se presenta en un lujoso frasco de 100 ml con un caracter\u00edstico tap\u00f3n verde, que refleja el car\u00e1cter fresco y natural del perfume. Su elegante dise\u00f1o lo convierte en un elegante complemento para cualquier colecci\u00f3n de fragancias. NOTAS DE PERFUME Notas de salida: Higo, Capullos de grosella negra, Notas acuosas Notas medias: Iris, Jazm\u00edn, Flores Blancas Notas de Fondo: Almizcle, Vainilla, S\u00e1ndalo, Pachul\u00ed<\/p>\n<h4>Pir\u00e1mide olfativa<\/h4>\n<ul>\n<li><strong>Notas de entrada:<\/strong> Figura, Capullos de grosella negra, Notas acuosas<\/li>\n<li><strong>Notas de coraz\u00f3n:<\/strong> Iris, Jazm\u00edn, Flores blancas<\/li>\n<li><strong>Notas de salida:<\/strong> Almizcle, Vainilla, S\u00e1ndalo, Pachul\u00ed<\/li>\n<\/ul>","protected":false},"excerpt":{"rendered":"<p>French Avenue Elinor Green 100 ml Eau de Parfum es una refinada fragancia unisex que equilibra con maestr\u00eda la frescura afrutada, los florales elegantes y los matices c\u00e1lidos y amaderados de fondo. Lanzada en 2025, ofrece un perfil olfativo vers\u00e1til adecuado tanto para el d\u00eda como para la noche, lo que la convierte en una [&hellip;]<\/p>\n","protected":false},"featured_media":951,"comment_status":"open","ping_status":"closed","template":"","meta":[],"product_brand":[150],"product_cat":[225],"product_tag":[59,171,172,110,55,56,173,67,174,63],"class_list":{"0":"post-952","1":"product","2":"type-product","3":"status-publish","4":"has-post-thumbnail","6":"product_brand-french-avenue","7":"product_cat-perfumes-y-fragancias","8":"product_tag-almizcle","9":"product_tag-capullos-de-grosella-negra","10":"product_tag-figura","11":"product_tag-flores-blancas","12":"product_tag-iris","13":"product_tag-jazmin","14":"product_tag-notas-acuosas","15":"product_tag-pachuli","16":"product_tag-sandalo","17":"product_tag-vainilla","19":"first","20":"instock","21":"taxable","22":"shipping-taxable","23":"product-type-simple"},"_links":{"self":[{"href":"https:\/\/novaluxeurope.com\/en\/wp-json\/wp\/v2\/product\/952","targetHints":{"allow":["GET"]}}],"collection":[{"href":"https:\/\/novaluxeurope.com\/en\/wp-json\/wp\/v2\/product"}],"about":[{"href":"https:\/\/novaluxeurope.com\/en\/wp-json\/wp\/v2\/types\/product"}],"replies":[{"embeddable":true,"href":"https:\/\/novaluxeurope.com\/en\/wp-json\/wp\/v2\/comments?post=952"}],"wp:featuredmedia":[{"embeddable":true,"href":"https:\/\/novaluxeurope.com\/en\/wp-json\/wp\/v2\/media\/951"}],"wp:attachment":[{"href":"https:\/\/novaluxeurope.com\/en\/wp-json\/wp\/v2\/media?parent=952"}],"wp:term":[{"taxonomy":"product_brand","embeddable":true,"href":"https:\/\/novaluxeurope.com\/en\/wp-json\/wp\/v2\/product_brand?post=952"},{"taxonomy":"product_cat","embeddable":true,"href":"https:\/\/novaluxeurope.com\/en\/wp-json\/wp\/v2\/product_cat?post=952"},{"taxonomy":"product_tag","embeddable":true,"href":"https:\/\/novaluxeurope.com\/en\/wp-json\/wp\/v2\/product_tag?post=952"}],"curies":[{"name":"wp","href":"https:\/\/api.w.org\/{rel}","templated":true}]}}