{"id":944,"date":"2026-03-27T19:50:57","date_gmt":"2026-03-27T19:50:57","guid":{"rendered":"https:\/\/novaluxeurope.com\/producto\/french-avenue-el-dorado-extrait-de-parfum-u-100-ml\/"},"modified":"2026-05-06T20:29:13","modified_gmt":"2026-05-06T20:29:13","slug":"french-avenue-el-dorado-extrait-de-parfum-u-100-ml","status":"publish","type":"product","link":"https:\/\/novaluxeurope.com\/en\/product\/french-avenue-el-dorado-extrait-de-parfum-u-100-ml\/","title":{"rendered":"French Avenue El Dorado Extrait de"},"content":{"rendered":"<p>French Avenue El Dorado Extrait de Parfum 100 ml es una poderosa y opulenta fragancia unisex creada para aquellos que se sienten atra\u00eddos por los aromas intensos, con profundidad y car\u00e1cter. Elaborado por French Avenue, este extrait de parfum pertenece a la familia olfativa oriental amaderada ambarina especiada y ofrece una concentraci\u00f3n de alta intensidad dise\u00f1ada para perdurar y evolucionar en la piel. Aunque a menudo se presenta con un toque masculino, El Dorado posee un claro atractivo unisex, por lo que es adecuado para usuarios seguros de s\u00ed mismos de cualquier sexo que aprecien las composiciones atrevidas y lujosas con un aura oscura y seductora. La fragancia se abre con una sorprendente combinaci\u00f3n de caramelo, nuez moscada, mandarina y comino. Esta introducci\u00f3n se siente rica y cautivadora, donde la dulzura se encuentra con el c\u00e1lido picante y el refinado brillo de los c\u00edtricos. A medida que la fragancia se adentra en el coraz\u00f3n, el ambrox\u00e1n adquiere protagonismo, aportando una moderna resonancia ambarina. El azafr\u00e1n a\u00f1ade profundidad, mientras que la violeta suaviza la composici\u00f3n con un suave acento floral que realza la complejidad. En la fase seca, El Dorado revela su car\u00e1cter m\u00e1s intenso y sensual. Cuero , Vainilla , Madera de Akigala , Almizcle Blanco , Musgo y Oud forman una base en capas que se siente oscura, texturizada y duradera. El resultado es una estela segura y dominante con un impacto duradero, ideal para la noche y las estaciones m\u00e1s fr\u00edas. NOTAS DE PERFUME Notas de salida: Caramelo, Nuez Moscada, Mandarina, Comino Notas medias: Ambroxan, Azafr\u00e1n, Violeta Notas de Fondo: Cuero, Vainilla, Madera de Akigala, Almizcle blanco, Musgo, Oud<\/p>\n<h4>Pir\u00e1mide olfativa<\/h4>\n<ul>\n<li><strong>Notas de entrada:<\/strong> Caramelo, Nuez moscada, Mandar\u00edn, Comino<\/li>\n<li><strong>Notas de coraz\u00f3n:<\/strong> Ambroxan, Azafr\u00e1n, Violeta<\/li>\n<li><strong>Notas de salida:<\/strong> Piel, Vainilla, Akigalawood, Almizcle blanco, Musgo, Oud<\/li>\n<\/ul>","protected":false},"excerpt":{"rendered":"<p>French Avenue El Dorado Extrait de Parfum 100 ml es una poderosa y opulenta fragancia unisex creada para aquellos que se sienten atra\u00eddos por los aromas intensos, con profundidad y car\u00e1cter. Elaborado por French Avenue, este extrait de parfum pertenece a la familia olfativa oriental amaderada ambarina especiada y ofrece una concentraci\u00f3n de alta intensidad [&hellip;]<\/p>\n","protected":false},"featured_media":943,"comment_status":"open","ping_status":"closed","template":"","meta":[],"product_brand":[150],"product_cat":[225],"product_tag":[74,169,76,87,60,170,122,161,95,48,137,63,51],"class_list":{"0":"post-944","1":"product","2":"type-product","3":"status-publish","4":"has-post-thumbnail","6":"product_brand-french-avenue","7":"product_cat-perfumes-y-fragancias","8":"product_tag-akigalawood","9":"product_tag-almizcle-blanco","10":"product_tag-ambroxan","11":"product_tag-azafran","12":"product_tag-caramelo","13":"product_tag-comino","14":"product_tag-mandarin","15":"product_tag-musgo","16":"product_tag-nuez-moscada","17":"product_tag-oud","18":"product_tag-piel","19":"product_tag-vainilla","20":"product_tag-violeta","22":"first","23":"instock","24":"taxable","25":"shipping-taxable","26":"product-type-simple"},"_links":{"self":[{"href":"https:\/\/novaluxeurope.com\/en\/wp-json\/wp\/v2\/product\/944","targetHints":{"allow":["GET"]}}],"collection":[{"href":"https:\/\/novaluxeurope.com\/en\/wp-json\/wp\/v2\/product"}],"about":[{"href":"https:\/\/novaluxeurope.com\/en\/wp-json\/wp\/v2\/types\/product"}],"replies":[{"embeddable":true,"href":"https:\/\/novaluxeurope.com\/en\/wp-json\/wp\/v2\/comments?post=944"}],"wp:featuredmedia":[{"embeddable":true,"href":"https:\/\/novaluxeurope.com\/en\/wp-json\/wp\/v2\/media\/943"}],"wp:attachment":[{"href":"https:\/\/novaluxeurope.com\/en\/wp-json\/wp\/v2\/media?parent=944"}],"wp:term":[{"taxonomy":"product_brand","embeddable":true,"href":"https:\/\/novaluxeurope.com\/en\/wp-json\/wp\/v2\/product_brand?post=944"},{"taxonomy":"product_cat","embeddable":true,"href":"https:\/\/novaluxeurope.com\/en\/wp-json\/wp\/v2\/product_cat?post=944"},{"taxonomy":"product_tag","embeddable":true,"href":"https:\/\/novaluxeurope.com\/en\/wp-json\/wp\/v2\/product_tag?post=944"}],"curies":[{"name":"wp","href":"https:\/\/api.w.org\/{rel}","templated":true}]}}