{"id":938,"date":"2026-03-27T19:50:55","date_gmt":"2026-03-27T19:50:55","guid":{"rendered":"https:\/\/novaluxeurope.com\/producto\/french-avenue-eclair-affair-edp-u-100-ml\/"},"modified":"2026-05-06T20:29:13","modified_gmt":"2026-05-06T20:29:13","slug":"french-avenue-eclair-affair-edp-u-100-ml","status":"publish","type":"product","link":"https:\/\/novaluxeurope.com\/en\/product\/french-avenue-eclair-affair-edp-u-100-ml\/","title":{"rendered":"French Avenue Eclair Affair"},"content":{"rendered":"<p>\u00c9clair Affair Eau de Parfum 100 ml de French Avenue es una fragancia gourmand unisex que captura el encanto de un postre parisino. Lanzada en 2025, esta fragancia se inspira en el arte de la pasteler\u00eda francesa y combina notas dulces y cremosas con una elegante profundidad para crear un viaje olfativo c\u00e1lido y acogedor. La apertura desvela una mezcla suave y cremosa de jazm\u00edn, vaina de vainilla y leche de coco, que ofrece una introducci\u00f3n irresistiblemente suave. Este tr\u00edo marca la pauta de una fragancia golosa, delicada e indulgente, que atrae inmediatamente con su encanto de postre. En el coraz\u00f3n de la fragancia se encuentra una rica capa de caramelo y \u00e1mbar, entrelazada con un acorde gourmand que profundiza la composici\u00f3n. Estas notas a\u00f1aden una calidez dorada y una textura exquisita, creando un sofisticado coraz\u00f3n que evoca confort y elegancia. El fondo perdura con una combinaci\u00f3n sensual y duradera de haba tonka, vainilla y almizcle, que garantiza una estela duradera que se adhiere suavemente a la piel. Estos elementos crean un acabado aterciopelado que es a la vez dulce y refinado, ofreciendo una presencia caracter\u00edstica dif\u00edcil de olvidar. \u00c9clair Affair es una fragancia vers\u00e1til dise\u00f1ada para adaptarse tanto a los momentos cotidianos como a las ocasiones especiales. Con su equilibrio de notas dulces, cremosas y c\u00e1lidas, ofrece un atractivo durante todo el a\u00f1o y constituye una elegante declaraci\u00f3n tanto para hombres como para mujeres que aprecian las fragancias lujosas y gourmand. NOTAS DE PERFUME Notas de salida: Jazm\u00edn, Vainilla, Leche de coco Notas medias: Caramelo, \u00c1mbar, Acorde Gourmand Notas de Fondo: Haba Tonka, Vainilla, Almizcle<\/p>\n<h4>Pir\u00e1mide olfativa<\/h4>\n<ul>\n<li><strong>Notas de entrada:<\/strong> Jazm\u00edn, Vainilla, Leche de coco<\/li>\n<li><strong>Notas de coraz\u00f3n:<\/strong> Caramelo, \u00c1mbar, Acorde Gourmand<\/li>\n<li><strong>Notas de salida:<\/strong> Haba Tonka, Vainilla, Almizcle<\/li>\n<\/ul>","protected":false},"excerpt":{"rendered":"<p>\u00c9clair Affair Eau de Parfum 100 ml de French Avenue es una fragancia gourmand unisex que captura el encanto de un postre parisino. Lanzada en 2025, esta fragancia se inspira en el arte de la pasteler\u00eda francesa y combina notas dulces y cremosas con una elegante profundidad para crear un viaje olfativo c\u00e1lido y acogedor. [&hellip;]<\/p>\n","protected":false},"featured_media":937,"comment_status":"open","ping_status":"closed","template":"","meta":[],"product_brand":[150],"product_cat":[225],"product_tag":[167,59,52,60,79,56,115,63],"class_list":{"0":"post-938","1":"product","2":"type-product","3":"status-publish","4":"has-post-thumbnail","6":"product_brand-french-avenue","7":"product_cat-perfumes-y-fragancias","8":"product_tag-acorde-gourmand","9":"product_tag-almizcle","10":"product_tag-ambar","11":"product_tag-caramelo","12":"product_tag-haba-tonka","13":"product_tag-jazmin","14":"product_tag-leche-de-coco","15":"product_tag-vainilla","17":"first","18":"instock","19":"taxable","20":"shipping-taxable","21":"product-type-simple"},"_links":{"self":[{"href":"https:\/\/novaluxeurope.com\/en\/wp-json\/wp\/v2\/product\/938","targetHints":{"allow":["GET"]}}],"collection":[{"href":"https:\/\/novaluxeurope.com\/en\/wp-json\/wp\/v2\/product"}],"about":[{"href":"https:\/\/novaluxeurope.com\/en\/wp-json\/wp\/v2\/types\/product"}],"replies":[{"embeddable":true,"href":"https:\/\/novaluxeurope.com\/en\/wp-json\/wp\/v2\/comments?post=938"}],"wp:featuredmedia":[{"embeddable":true,"href":"https:\/\/novaluxeurope.com\/en\/wp-json\/wp\/v2\/media\/937"}],"wp:attachment":[{"href":"https:\/\/novaluxeurope.com\/en\/wp-json\/wp\/v2\/media?parent=938"}],"wp:term":[{"taxonomy":"product_brand","embeddable":true,"href":"https:\/\/novaluxeurope.com\/en\/wp-json\/wp\/v2\/product_brand?post=938"},{"taxonomy":"product_cat","embeddable":true,"href":"https:\/\/novaluxeurope.com\/en\/wp-json\/wp\/v2\/product_cat?post=938"},{"taxonomy":"product_tag","embeddable":true,"href":"https:\/\/novaluxeurope.com\/en\/wp-json\/wp\/v2\/product_tag?post=938"}],"curies":[{"name":"wp","href":"https:\/\/api.w.org\/{rel}","templated":true}]}}