{"id":935,"date":"2026-03-27T19:50:54","date_gmt":"2026-03-27T19:50:54","guid":{"rendered":"https:\/\/novaluxeurope.com\/producto\/french-avenue-veneno-scarlet\/"},"modified":"2026-05-06T20:29:13","modified_gmt":"2026-05-06T20:29:13","slug":"french-avenue-veneno-scarlet","status":"publish","type":"product","link":"https:\/\/novaluxeurope.com\/en\/product\/french-avenue-veneno-scarlet\/","title":{"rendered":"French Avenue Veneno Scarlet"},"content":{"rendered":"<p dir=\"ltr\"><strong>La seductora armon\u00eda del mundo gourmand<\/strong><\/p>\n<p dir=\"ltr\">El eau de parfum French Avenue Veneno Scarlet es original y sofisticado. Encarna un equilibrio armonioso entre una sensualidad dulce, una profundidad c\u00e1lida y una elegancia moderna, convirti\u00e9ndose en la firma ideal para cualquier persona que busque originalidad.<\/p>\n<ul>\n<li value=\"1\">fragancia unisex oriental y gourmand<\/li>\n<li value=\"2\">novedad del a\u00f1o 2025<\/li>\n<li value=\"3\">cautivar\u00e1 a los amantes de las fragancias intensas y duraderas<\/li>\n<\/ul>\n<p dir=\"ltr\"><strong>Composici\u00f3n de la fragancia:<\/strong><br \/>Las notas de salida combinan fresas dulces y refrescantes, caramelo y moras, evocando la fruta crujiente recogida en su punto de madurez y una alegr\u00eda gourmand inmediata. En las notas de coraz\u00f3n se combina la delicada frambuesa con unos elegantes matices amaderados de cedro y la profundidad especiada de la canela, dando lugar a una composici\u00f3n adictiva y armoniosa que cautiva por su intensidad y complejidad. A su vez, las notas de fondo a\u00fanan la sensualidad del cuero con la calidez de la vainilla, el dulzor de las habas tonka y la terrosidad del pachuli, complement\u00e1ndose con unas notas verdes y amaderadas de abeto para ofrecer un cierre sofisticado y duradero que deja una huella inolvidable.<\/p>\n<p dir=\"ltr\"><strong>Historia de la fragancia:<\/strong><br \/>El eau de parfum French Avenue Veneno Scarlet es una creaci\u00f3n unisex moderna que supera orgullosamente las frontes tradicionales del g\u00e9nero. Es el resultado de una cuidada selecci\u00f3n de ingredientes y la experiencia de French Avenue, que combinan elementos orientales, gourmand y amaderados en un conjunto armonioso. Su nombre simboliza la pasi\u00f3n, la fuerza y el valor de expresar originalidad sin condiciones.<\/p>\n<h4>Pir\u00e1mide olfativa<\/h4>\n<ul>\n<li><strong>Notas de entrada:<\/strong> caramelo, fresa, moras<\/li>\n<li><strong>Notas de coraz\u00f3n:<\/strong> cedro, frambuesa, canela<\/li>\n<li><strong>Notas de salida:<\/strong> caramelo, cuero, pachuli, haba tonka, vainilla, abeto<\/li>\n<\/ul>","protected":false},"excerpt":{"rendered":"<p>La seductora armon\u00eda del mundo gourmand El eau de parfum French Avenue Veneno Scarlet es original y sofisticado. Encarna un equilibrio armonioso entre una sensualidad dulce, una profundidad c\u00e1lida y una elegancia moderna, convirti\u00e9ndose en la firma ideal para cualquier persona que busque originalidad. fragancia unisex oriental y gourmand novedad del a\u00f1o 2025 cautivar\u00e1 a [&hellip;]<\/p>\n","protected":false},"featured_media":934,"comment_status":"open","ping_status":"closed","template":"","meta":[],"product_brand":[150],"product_cat":[225],"product_tag":[164,94,60,53,69,97,165,79,166,67,63],"class_list":{"0":"post-935","1":"product","2":"type-product","3":"status-publish","4":"has-post-thumbnail","6":"product_brand-french-avenue","7":"product_cat-perfumes-y-fragancias","8":"product_tag-abeto","9":"product_tag-canela","10":"product_tag-caramelo","11":"product_tag-cedro","12":"product_tag-cuero","13":"product_tag-frambuesa","14":"product_tag-fresa","15":"product_tag-haba-tonka","16":"product_tag-moras","17":"product_tag-pachuli","18":"product_tag-vainilla","20":"first","21":"instock","22":"taxable","23":"shipping-taxable","24":"product-type-simple"},"_links":{"self":[{"href":"https:\/\/novaluxeurope.com\/en\/wp-json\/wp\/v2\/product\/935","targetHints":{"allow":["GET"]}}],"collection":[{"href":"https:\/\/novaluxeurope.com\/en\/wp-json\/wp\/v2\/product"}],"about":[{"href":"https:\/\/novaluxeurope.com\/en\/wp-json\/wp\/v2\/types\/product"}],"replies":[{"embeddable":true,"href":"https:\/\/novaluxeurope.com\/en\/wp-json\/wp\/v2\/comments?post=935"}],"wp:featuredmedia":[{"embeddable":true,"href":"https:\/\/novaluxeurope.com\/en\/wp-json\/wp\/v2\/media\/934"}],"wp:attachment":[{"href":"https:\/\/novaluxeurope.com\/en\/wp-json\/wp\/v2\/media?parent=935"}],"wp:term":[{"taxonomy":"product_brand","embeddable":true,"href":"https:\/\/novaluxeurope.com\/en\/wp-json\/wp\/v2\/product_brand?post=935"},{"taxonomy":"product_cat","embeddable":true,"href":"https:\/\/novaluxeurope.com\/en\/wp-json\/wp\/v2\/product_cat?post=935"},{"taxonomy":"product_tag","embeddable":true,"href":"https:\/\/novaluxeurope.com\/en\/wp-json\/wp\/v2\/product_tag?post=935"}],"curies":[{"name":"wp","href":"https:\/\/api.w.org\/{rel}","templated":true}]}}