{"id":932,"date":"2026-03-27T19:50:51","date_gmt":"2026-03-27T19:50:51","guid":{"rendered":"https:\/\/novaluxeurope.com\/producto\/french-avenue-veneno\/"},"modified":"2026-04-24T13:14:30","modified_gmt":"2026-04-24T13:14:30","slug":"french-avenue-veneno","status":"publish","type":"product","link":"https:\/\/novaluxeurope.com\/en\/product\/french-avenue-veneno\/","title":{"rendered":"French Avenue Veneno"},"content":{"rendered":"<p dir=\"ltr\"><strong>Un veneno seductor al que sucumbir\u00e1s desde el primer momento<\/strong><\/p>\n<p dir=\"ltr\">Prep\u00e1rate para descubrir una fragancia que trasciende los l\u00edmites de lo normal. El eau de parfum unisex French Avenue Veneno te sorprender\u00e1 por su intensidad, profundidad y poder seductor. No es solo una fragancia: es una emoci\u00f3n.<\/p>\n<ul>\n<li value=\"1\">eau de parfum tanto para ella como para \u00e9l<\/li>\n<li value=\"2\">ideal para los amantes de las fragancias originales, intensas y sensuales<\/li>\n<li value=\"3\">se lanz\u00f3 en el a\u00f1o 2025<\/li>\n<\/ul>\n<p dir=\"ltr\"><strong>Composici\u00f3n de la fragancia:<\/strong><br \/>Las notas de salida de la fragancia se caracterizan por un contraste seductor: el dulzor de la manzana se entrelaza con la canela y el humo, aportando un car\u00e1cter misterioso a la composici\u00f3n. En las notas de coraz\u00f3n se despliegan acordes de h\u00famedo musgo y terroso tabaco. Al final se incorpora la cremosa vainilla en combinaci\u00f3n con el ingrediente Orcanox\u2122, que proporciona profundidad, duraci\u00f3n y un toque atemporal a la fragancia.<\/p>\n<p dir=\"ltr\"><strong>Historia de la fragancia:<\/strong><br \/>Veneno: esta palabra describe a la perfecci\u00f3n el car\u00e1cter de esta fragancia. Es embriagadora, encantadora y sorprendentemente adictiva. El frasco cuenta con un dise\u00f1o oscuro y elegante que recuerda a la noche misteriosa en la que empieza la seducci\u00f3n. La marca French Avenue vuelve a demostrar su maestr\u00eda a la hora de crear composiciones inusuales que combinan refinamiento, originalidad y pasi\u00f3n.<\/p>\n<h4>Pir\u00e1mide olfativa<\/h4>\n<ul>\n<li><strong>Notas de entrada:<\/strong> manzana, canela, notas ahumadas<\/li>\n<li><strong>Notas de coraz\u00f3n:<\/strong> musgo, tabaco<\/li>\n<li><strong>Notas de salida:<\/strong> vainilla de bourbon, orcanox<\/li>\n<\/ul>","protected":false},"excerpt":{"rendered":"<p>Un veneno seductor al que sucumbir\u00e1s desde el primer momento Prep\u00e1rate para descubrir una fragancia que trasciende los l\u00edmites de lo normal. El eau de parfum unisex French Avenue Veneno te sorprender\u00e1 por su intensidad, profundidad y poder seductor. No es solo una fragancia: es una emoci\u00f3n. eau de parfum tanto para ella como para [&hellip;]<\/p>\n","protected":false},"featured_media":931,"comment_status":"open","ping_status":"closed","template":"","meta":[],"product_brand":[150],"product_cat":[225],"product_tag":[94,88,161,71,162,163,160],"class_list":{"0":"post-932","1":"product","2":"type-product","3":"status-publish","4":"has-post-thumbnail","6":"product_brand-french-avenue","7":"product_cat-perfumes-y-fragancias","8":"product_tag-canela","9":"product_tag-manzana","10":"product_tag-musgo","11":"product_tag-notas-ahumadas","12":"product_tag-orcanox","13":"product_tag-tabaco","14":"product_tag-vainilla-de-bourbon","16":"first","17":"outofstock","18":"taxable","19":"shipping-taxable","20":"product-type-simple"},"_links":{"self":[{"href":"https:\/\/novaluxeurope.com\/en\/wp-json\/wp\/v2\/product\/932","targetHints":{"allow":["GET"]}}],"collection":[{"href":"https:\/\/novaluxeurope.com\/en\/wp-json\/wp\/v2\/product"}],"about":[{"href":"https:\/\/novaluxeurope.com\/en\/wp-json\/wp\/v2\/types\/product"}],"replies":[{"embeddable":true,"href":"https:\/\/novaluxeurope.com\/en\/wp-json\/wp\/v2\/comments?post=932"}],"wp:featuredmedia":[{"embeddable":true,"href":"https:\/\/novaluxeurope.com\/en\/wp-json\/wp\/v2\/media\/931"}],"wp:attachment":[{"href":"https:\/\/novaluxeurope.com\/en\/wp-json\/wp\/v2\/media?parent=932"}],"wp:term":[{"taxonomy":"product_brand","embeddable":true,"href":"https:\/\/novaluxeurope.com\/en\/wp-json\/wp\/v2\/product_brand?post=932"},{"taxonomy":"product_cat","embeddable":true,"href":"https:\/\/novaluxeurope.com\/en\/wp-json\/wp\/v2\/product_cat?post=932"},{"taxonomy":"product_tag","embeddable":true,"href":"https:\/\/novaluxeurope.com\/en\/wp-json\/wp\/v2\/product_tag?post=932"}],"curies":[{"name":"wp","href":"https:\/\/api.w.org\/{rel}","templated":true}]}}