{"id":929,"date":"2026-03-27T19:50:49","date_gmt":"2026-03-27T19:50:49","guid":{"rendered":"https:\/\/novaluxeurope.com\/producto\/french-avenue-liquid-brun\/"},"modified":"2026-05-08T11:08:31","modified_gmt":"2026-05-08T11:08:31","slug":"french-avenue-liquid-brun","status":"publish","type":"product","link":"https:\/\/novaluxeurope.com\/en\/product\/french-avenue-liquid-brun\/","title":{"rendered":"French Avenue Liquid Brun"},"content":{"rendered":"<p dir=\"ltr\"><strong>Absolutamente cautivador<\/strong><\/p>\n<p dir=\"ltr\">Ad\u00e9ntrate en el mundo de la elegancia y la sensualidad con una fragancia que dejar\u00e1 su estela mucho despu\u00e9s de que te hayas ido. El eau de parfum French Avenue Liquid Brun te arrastrar\u00e1 a un mundo donde el refinamiento oriental se encuentra con el encanto y la sensualidad natural.<\/p>\n<ul>\n<li value=\"1\">composici\u00f3n amaderada oriental para hombre<\/li>\n<li value=\"2\">se lanz\u00f3 en el a\u00f1o 2025<\/li>\n<li value=\"3\">ideal para ocasiones especiales, eventos nocturnos y encuentros inolvidables<\/li>\n<\/ul>\n<p dir=\"ltr\"><strong>Composici\u00f3n de la fragancia:<\/strong><br \/>La fragancia se abre con una combinaci\u00f3n suave de canela y bergamota complementada con la flor de azahar y el cardamomo especiado. M\u00e1s adelante se despliega la dulce vainilla bourbon equilibrada por la arom\u00e1tica resina de elemi. Por \u00faltimo, las notas de fondo se componen de sensual almizcle, c\u00e1lida madera de guayaco y delicioso pralin\u00e9 ensalzado por el ambroxan.<\/p>\n<p dir=\"ltr\"><strong>Historia de la fragancia:<\/strong><br \/>El eau de parfum Liquid Brun se merece la misma acogida que los elixires m\u00e1s exclusivos. Su frasco marr\u00f3n adornado con detalles dorados evoca una joya, un s\u00edmbolo de calidad, elegancia y sofisticaci\u00f3n del arte de la perfumer\u00eda. La fragancia ha sido concebida como una invitaci\u00f3n a un encuentro especial donde cada gota irradia carisma y estilo.<\/p>\n<h4>Pir\u00e1mide olfativa<\/h4>\n<ul>\n<li><strong>Notas de entrada:<\/strong> canela, bergamota, cardamomo, flor de naranjo<\/li>\n<li><strong>Notas de coraz\u00f3n:<\/strong> vainilla de bourbon, elemi<\/li>\n<li><strong>Notas de salida:<\/strong> pralin\u00e9, ambroxan, madera de guayaco<\/li>\n<\/ul>","protected":false},"excerpt":{"rendered":"<p>Absolutamente cautivador Ad\u00e9ntrate en el mundo de la elegancia y la sensualidad con una fragancia que dejar\u00e1 su estela mucho despu\u00e9s de que te hayas ido. El eau de parfum French Avenue Liquid Brun te arrastrar\u00e1 a un mundo donde el refinamiento oriental se encuentra con el encanto y la sensualidad natural. composici\u00f3n amaderada oriental [&hellip;]<\/p>\n","protected":false},"featured_media":928,"comment_status":"open","ping_status":"closed","template":"","meta":[],"product_brand":[150],"product_cat":[225],"product_tag":[76,102,94,77,107,84,147,159,160],"class_list":{"0":"post-929","1":"product","2":"type-product","3":"status-publish","4":"has-post-thumbnail","6":"product_brand-french-avenue","7":"product_cat-perfumes-y-fragancias","8":"product_tag-ambroxan","9":"product_tag-bergamota","10":"product_tag-canela","11":"product_tag-cardamomo","12":"product_tag-elemi","13":"product_tag-flor-de-naranjo","14":"product_tag-madera-de-guayaco","15":"product_tag-praline","16":"product_tag-vainilla-de-bourbon","18":"first","19":"instock","20":"taxable","21":"shipping-taxable","22":"product-type-simple"},"_links":{"self":[{"href":"https:\/\/novaluxeurope.com\/en\/wp-json\/wp\/v2\/product\/929","targetHints":{"allow":["GET"]}}],"collection":[{"href":"https:\/\/novaluxeurope.com\/en\/wp-json\/wp\/v2\/product"}],"about":[{"href":"https:\/\/novaluxeurope.com\/en\/wp-json\/wp\/v2\/types\/product"}],"replies":[{"embeddable":true,"href":"https:\/\/novaluxeurope.com\/en\/wp-json\/wp\/v2\/comments?post=929"}],"wp:featuredmedia":[{"embeddable":true,"href":"https:\/\/novaluxeurope.com\/en\/wp-json\/wp\/v2\/media\/928"}],"wp:attachment":[{"href":"https:\/\/novaluxeurope.com\/en\/wp-json\/wp\/v2\/media?parent=929"}],"wp:term":[{"taxonomy":"product_brand","embeddable":true,"href":"https:\/\/novaluxeurope.com\/en\/wp-json\/wp\/v2\/product_brand?post=929"},{"taxonomy":"product_cat","embeddable":true,"href":"https:\/\/novaluxeurope.com\/en\/wp-json\/wp\/v2\/product_cat?post=929"},{"taxonomy":"product_tag","embeddable":true,"href":"https:\/\/novaluxeurope.com\/en\/wp-json\/wp\/v2\/product_tag?post=929"}],"curies":[{"name":"wp","href":"https:\/\/api.w.org\/{rel}","templated":true}]}}