{"id":923,"date":"2026-03-27T19:50:44","date_gmt":"2026-03-27T19:50:44","guid":{"rendered":"https:\/\/novaluxeurope.com\/producto\/french-avenue-vulcan-sable\/"},"modified":"2026-05-06T20:29:13","modified_gmt":"2026-05-06T20:29:13","slug":"french-avenue-vulcan-sable","status":"publish","type":"product","link":"https:\/\/novaluxeurope.com\/en\/product\/french-avenue-vulcan-sable\/","title":{"rendered":"French Avenue Vulcan Sable"},"content":{"rendered":"<p dir=\"ltr\"><strong>Una fragancia unisex inspirada en la atm\u00f3sfera del desierto<\/strong><\/p>\n<p dir=\"ltr\">\u00bfAcaso no puedes resistirte al llamado de tierras lejanas que prometen nuevas aventuras? Entonces, inevitablemente, tu coraz\u00f3n caer\u00e1 rendido ante el eau de parfum unisex French Avenue Vulcan Sable. Con una sola inhalaci\u00f3n, esta fragancia te transporta al desierto abrasado por el sol, dejando una huella sensual sobre tu piel.<\/p>\n<ul>\n<li value=\"1\">composici\u00f3n arom\u00e1tica fragante<\/li>\n<li value=\"2\">se lanz\u00f3 al mercado en el a\u00f1o 2025<\/li>\n<li value=\"3\">frasco original con motivo de serpiente<\/li>\n<\/ul>\n<p dir=\"ltr\"><strong>Composici\u00f3n de la fragancia:<\/strong><br \/>Los acordes iniciales del eau de parfum para hombre y mujer French Avenue Vulcan Sable revelan un intenso aroma del whisky, acompa\u00f1ado por la frescura de la naranja, la mandarina y el cilantro. El coraz\u00f3n late al ritmo del cachemir, la tonka, el styrax y el an\u00eds. \u00bfY las notas de fondo? El fondo se asienta sobre las notas de vainilla, pachuli y benju\u00ed.<\/p>\n<h4>Pir\u00e1mide olfativa<\/h4>\n<ul>\n<li><strong>Notas de entrada:<\/strong> whisky, cilantro, mandarina, naranja<\/li>\n<li><strong>Notas de coraz\u00f3n:<\/strong> cashmeran, an\u00eds, styrax, haba tonka<\/li>\n<li><strong>Notas de salida:<\/strong> benju\u00ed, pachuli, vainilla<\/li>\n<\/ul>","protected":false},"excerpt":{"rendered":"<p>Una fragancia unisex inspirada en la atm\u00f3sfera del desierto \u00bfAcaso no puedes resistirte al llamado de tierras lejanas que prometen nuevas aventuras? Entonces, inevitablemente, tu coraz\u00f3n caer\u00e1 rendido ante el eau de parfum unisex French Avenue Vulcan Sable. Con una sola inhalaci\u00f3n, esta fragancia te transporta al desierto abrasado por el sol, dejando una huella [&hellip;]<\/p>\n","protected":false},"featured_media":922,"comment_status":"open","ping_status":"closed","template":"","meta":[],"product_brand":[150],"product_cat":[225],"product_tag":[154,126,121,155,79,99,98,67,156,63,157],"class_list":{"0":"post-923","1":"product","2":"type-product","3":"status-publish","4":"has-post-thumbnail","6":"product_brand-french-avenue","7":"product_cat-perfumes-y-fragancias","8":"product_tag-anis","9":"product_tag-benjui","10":"product_tag-cashmeran","11":"product_tag-cilantro","12":"product_tag-haba-tonka","13":"product_tag-mandarina","14":"product_tag-naranja","15":"product_tag-pachuli","16":"product_tag-styrax","17":"product_tag-vainilla","18":"product_tag-whisky","20":"first","21":"instock","22":"taxable","23":"shipping-taxable","24":"product-type-simple"},"_links":{"self":[{"href":"https:\/\/novaluxeurope.com\/en\/wp-json\/wp\/v2\/product\/923","targetHints":{"allow":["GET"]}}],"collection":[{"href":"https:\/\/novaluxeurope.com\/en\/wp-json\/wp\/v2\/product"}],"about":[{"href":"https:\/\/novaluxeurope.com\/en\/wp-json\/wp\/v2\/types\/product"}],"replies":[{"embeddable":true,"href":"https:\/\/novaluxeurope.com\/en\/wp-json\/wp\/v2\/comments?post=923"}],"wp:featuredmedia":[{"embeddable":true,"href":"https:\/\/novaluxeurope.com\/en\/wp-json\/wp\/v2\/media\/922"}],"wp:attachment":[{"href":"https:\/\/novaluxeurope.com\/en\/wp-json\/wp\/v2\/media?parent=923"}],"wp:term":[{"taxonomy":"product_brand","embeddable":true,"href":"https:\/\/novaluxeurope.com\/en\/wp-json\/wp\/v2\/product_brand?post=923"},{"taxonomy":"product_cat","embeddable":true,"href":"https:\/\/novaluxeurope.com\/en\/wp-json\/wp\/v2\/product_cat?post=923"},{"taxonomy":"product_tag","embeddable":true,"href":"https:\/\/novaluxeurope.com\/en\/wp-json\/wp\/v2\/product_tag?post=923"}],"curies":[{"name":"wp","href":"https:\/\/api.w.org\/{rel}","templated":true}]}}