{"id":920,"date":"2026-03-27T19:50:41","date_gmt":"2026-03-27T19:50:41","guid":{"rendered":"https:\/\/novaluxeurope.com\/producto\/french-avenue-venus-de-milo\/"},"modified":"2026-05-06T20:29:13","modified_gmt":"2026-05-06T20:29:13","slug":"french-avenue-venus-de-milo","status":"publish","type":"product","link":"https:\/\/novaluxeurope.com\/en\/product\/french-avenue-venus-de-milo\/","title":{"rendered":"French Avenue Venus de Milo"},"content":{"rendered":"<p>La combinaci\u00f3n de suavidad y fuerza que se esconde dentro de cada mujer se ha materializado en el mundo de las fragancias. El eau de parfum French Avenue Venus de Milo revelar\u00e1 poco a poco todas las caras de tu personalidad y resaltar\u00e1 a la perfecci\u00f3n tu extraordinario atractivo.<\/p>\n<ul>\n<li>fragancia gourmand<\/li>\n<li>fragancia dulce<\/li>\n<li>fragancia floral<\/li>\n<li>una elecci\u00f3n ideal para mujeres de mente abierta<\/li>\n<li>fragancia adecuada para uso diario<\/li>\n<li>sugerencia para regalo, satisfacci\u00f3n garantizada<\/li>\n<\/ul>\n<h4>Pir\u00e1mide olfativa<\/h4>\n<ul>\n<li><strong>Notas de entrada:<\/strong> caramelo, n\u00e9ctar, pera, naranja dulce<\/li>\n<li><strong>Notas de coraz\u00f3n:<\/strong> jazm\u00edn, lirio de los valles, leche<\/li>\n<li><strong>Notas de salida:<\/strong> ambroxan, benju\u00ed, almizcle, vainilla de Madagascar<\/li>\n<\/ul>","protected":false},"excerpt":{"rendered":"<p>La combinaci\u00f3n de suavidad y fuerza que se esconde dentro de cada mujer se ha materializado en el mundo de las fragancias. El eau de parfum French Avenue Venus de Milo revelar\u00e1 poco a poco todas las caras de tu personalidad y resaltar\u00e1 a la perfecci\u00f3n tu extraordinario atractivo. fragancia gourmand fragancia dulce fragancia floral [&hellip;]<\/p>\n","protected":false},"featured_media":919,"comment_status":"open","ping_status":"closed","template":"","meta":[],"product_brand":[150],"product_cat":[225],"product_tag":[59,76,126,60,56,146,85,151,152,112,153],"class_list":{"0":"post-920","1":"product","2":"type-product","3":"status-publish","4":"has-post-thumbnail","6":"product_brand-french-avenue","7":"product_cat-perfumes-y-fragancias","8":"product_tag-almizcle","9":"product_tag-ambroxan","10":"product_tag-benjui","11":"product_tag-caramelo","12":"product_tag-jazmin","13":"product_tag-leche","14":"product_tag-lirio-de-los-valles","15":"product_tag-naranja-dulce","16":"product_tag-nectar","17":"product_tag-pera","18":"product_tag-vainilla-de-madagascar","20":"first","21":"instock","22":"taxable","23":"shipping-taxable","24":"product-type-simple"},"_links":{"self":[{"href":"https:\/\/novaluxeurope.com\/en\/wp-json\/wp\/v2\/product\/920","targetHints":{"allow":["GET"]}}],"collection":[{"href":"https:\/\/novaluxeurope.com\/en\/wp-json\/wp\/v2\/product"}],"about":[{"href":"https:\/\/novaluxeurope.com\/en\/wp-json\/wp\/v2\/types\/product"}],"replies":[{"embeddable":true,"href":"https:\/\/novaluxeurope.com\/en\/wp-json\/wp\/v2\/comments?post=920"}],"wp:featuredmedia":[{"embeddable":true,"href":"https:\/\/novaluxeurope.com\/en\/wp-json\/wp\/v2\/media\/919"}],"wp:attachment":[{"href":"https:\/\/novaluxeurope.com\/en\/wp-json\/wp\/v2\/media?parent=920"}],"wp:term":[{"taxonomy":"product_brand","embeddable":true,"href":"https:\/\/novaluxeurope.com\/en\/wp-json\/wp\/v2\/product_brand?post=920"},{"taxonomy":"product_cat","embeddable":true,"href":"https:\/\/novaluxeurope.com\/en\/wp-json\/wp\/v2\/product_cat?post=920"},{"taxonomy":"product_tag","embeddable":true,"href":"https:\/\/novaluxeurope.com\/en\/wp-json\/wp\/v2\/product_tag?post=920"}],"curies":[{"name":"wp","href":"https:\/\/api.w.org\/{rel}","templated":true}]}}