{"id":912,"date":"2026-03-27T14:26:28","date_gmt":"2026-03-27T14:26:28","guid":{"rendered":"https:\/\/novaluxeurope.com\/producto\/fragrance-world-artisan-perfumery-salted-caramel-edp-u-80-ml\/"},"modified":"2026-05-06T12:01:18","modified_gmt":"2026-05-06T12:01:18","slug":"fragrance-world-artisan-perfumery-salted-caramel-edp-u-80-ml","status":"publish","type":"product","link":"https:\/\/novaluxeurope.com\/en\/product\/fragrance-world-artisan-perfumery-salted-caramel-edp-u-80-ml\/","title":{"rendered":"Fragrance World Artisan Perfumery Salted Caramel"},"content":{"rendered":"<p>Fragrance World Artisan Perfumery Salted Caramel EDP 80 ml es una adictiva Eau de Parfum unisex que combina la frescura marina con la cremosa calidez gourmand. La fragancia se abre con una combinaci\u00f3n brillante y ligeramente chispeante de sal marina, lim\u00f3n y pimienta rosa, creando una primera impresi\u00f3n estimulante y vigorizante. En el coraz\u00f3n, la composici\u00f3n se adentra en una mezcla \u00fanica de jazm\u00edn, algas marinas y arom\u00e1tica hoja de laurel, que confiere a la fragancia un intrigante car\u00e1cter costero con profundidad floral y verde. A medida que se desarrolla en la piel, Caramelo Salado revela una base deliciosamente c\u00e1lida de caramelo , facetas adicionales de sal, rico az\u00facar moreno y suave madera de cedro , lo que resulta en un final duradero, dulce-salado que es a la vez reconfortante y cautivador. Perfecta para quienes disfrutan de las fragancias gourmands modernas con un toque especial, esta fragancia es ideal para llevar durante todo el a\u00f1o, ya que ofrece un equilibrio de frescura y dulzura indulgente que sienta bien tanto a mujeres como a hombres. NOTAS DE PERFUME Notas de salida: Sal marina, lim\u00f3n, pimienta rosa Notas medias: Jazm\u00edn, Algas, Hoja de laurel Notas de fondo: Caramelo, sal, az\u00facar moreno, madera de cedro<\/p>\n<h4>Pir\u00e1mide olfativa<\/h4>\n<ul>\n<li><strong>Notas de entrada:<\/strong> Sal marina, Lim\u00f3n, Pimienta rosa<\/li>\n<li><strong>Notas de coraz\u00f3n:<\/strong> Jazm\u00edn, Algas marinas, Hoja de laurel<\/li>\n<li><strong>Notas de salida:<\/strong> Caramelo, Sal, Az\u00facar moreno, Madera de cedro<\/li>\n<\/ul>","protected":false},"excerpt":{"rendered":"<p>Fragrance World Artisan Perfumery Salted Caramel EDP 80 ml es una adictiva Eau de Parfum unisex que combina la frescura marina con la cremosa calidez gourmand. La fragancia se abre con una combinaci\u00f3n brillante y ligeramente chispeante de sal marina, lim\u00f3n y pimienta rosa, creando una primera impresi\u00f3n estimulante y vigorizante. En el coraz\u00f3n, la [&hellip;]<\/p>\n","protected":false},"featured_media":911,"comment_status":"open","ping_status":"closed","template":"","meta":[],"product_brand":[117],"product_cat":[225],"product_tag":[138,129,60,139,56,140,46,141,142,143],"class_list":{"0":"post-912","1":"product","2":"type-product","3":"status-publish","4":"has-post-thumbnail","6":"product_brand-fragrance-world","7":"product_cat-perfumes-y-fragancias","8":"product_tag-algas-marinas","9":"product_tag-azucar-moreno","10":"product_tag-caramelo","11":"product_tag-hoja-de-laurel","12":"product_tag-jazmin","13":"product_tag-limon","14":"product_tag-madera-de-cedro","15":"product_tag-pimienta-rosa","16":"product_tag-sal","17":"product_tag-sal-marina","19":"first","20":"instock","21":"taxable","22":"shipping-taxable","23":"product-type-simple"},"_links":{"self":[{"href":"https:\/\/novaluxeurope.com\/en\/wp-json\/wp\/v2\/product\/912","targetHints":{"allow":["GET"]}}],"collection":[{"href":"https:\/\/novaluxeurope.com\/en\/wp-json\/wp\/v2\/product"}],"about":[{"href":"https:\/\/novaluxeurope.com\/en\/wp-json\/wp\/v2\/types\/product"}],"replies":[{"embeddable":true,"href":"https:\/\/novaluxeurope.com\/en\/wp-json\/wp\/v2\/comments?post=912"}],"wp:featuredmedia":[{"embeddable":true,"href":"https:\/\/novaluxeurope.com\/en\/wp-json\/wp\/v2\/media\/911"}],"wp:attachment":[{"href":"https:\/\/novaluxeurope.com\/en\/wp-json\/wp\/v2\/media?parent=912"}],"wp:term":[{"taxonomy":"product_brand","embeddable":true,"href":"https:\/\/novaluxeurope.com\/en\/wp-json\/wp\/v2\/product_brand?post=912"},{"taxonomy":"product_cat","embeddable":true,"href":"https:\/\/novaluxeurope.com\/en\/wp-json\/wp\/v2\/product_cat?post=912"},{"taxonomy":"product_tag","embeddable":true,"href":"https:\/\/novaluxeurope.com\/en\/wp-json\/wp\/v2\/product_tag?post=912"}],"curies":[{"name":"wp","href":"https:\/\/api.w.org\/{rel}","templated":true}]}}