{"id":907,"date":"2026-03-27T14:26:27","date_gmt":"2026-03-27T14:26:27","guid":{"rendered":"https:\/\/novaluxeurope.com\/producto\/fragrance-world-artisan-perfumery-brown-sugar-edp-u-80-ml\/"},"modified":"2026-05-06T00:01:14","modified_gmt":"2026-05-06T00:01:14","slug":"fragrance-world-artisan-perfumery-brown-sugar-edp-u-80-ml","status":"publish","type":"product","link":"https:\/\/novaluxeurope.com\/en\/product\/fragrance-world-artisan-perfumery-brown-sugar-edp-u-80-ml\/","title":{"rendered":"Fragrance World Artisan Perfumery Brown Sugar"},"content":{"rendered":"<p>Fragrance World Artisan Perfumery Brown Sugar EDP 80 ml es una cautivadora Eau de Parfum unisex que combina una atrevida dulzura gourmand con una refinada profundidad amaderada. Dise\u00f1ada para aquellos que disfrutan de los aromas modernos y distintivos, esta fragancia ofrece un viaje rico y sensorial ideal para las estaciones m\u00e1s fr\u00edas y para la noche. La composici\u00f3n se abre con una llamativa explosi\u00f3n de frambuesa, combinada con una lujosa salpicadura de vino tinto y la calidez herbal de la davana, creando una introducci\u00f3n viva y sofisticada. A medida que la fragancia se despliega, el coraz\u00f3n revela una elegante interacci\u00f3n de geranio y rosa, equilibrada por un suave caramelo, que a\u00f1ade una cremosa capa gourmand c\u00e1lida y contempor\u00e1nea. En la base, la fragancia se funde en una reconfortante mezcla de az\u00facar moreno, pachul\u00ed terroso y madera de cedro seca, dejando tras de s\u00ed una estela envolvente y duradera que destila dulzura con un toque refinado. Moderno, indulgente y maravillosamente equilibrado, Brown Sugar es perfecto tanto para mujeres como para hombres que aprecian un perfil dulce pero sofisticado con profundidad y car\u00e1cter. NOTAS DE PERFUME Notas de salida: Frambuesa, Vino tinto, Davana Notas medias: Geranio, Rosa, Caramelo Notas de Fondo: Az\u00facar moreno, Pachul\u00ed, Cedro<\/p>\n<h4>Pir\u00e1mide olfativa<\/h4>\n<ul>\n<li><strong>Notas de entrada:<\/strong> Frambuesa, Vino tinto, Davana<\/li>\n<li><strong>Notas de coraz\u00f3n:<\/strong> Geranio, Rosa, Caramelo<\/li>\n<li><strong>Notas de salida:<\/strong> Az\u00facar moreno, Pachul\u00ed, Madera de cedro<\/li>\n<\/ul>","protected":false},"excerpt":{"rendered":"<p>Fragrance World Artisan Perfumery Brown Sugar EDP 80 ml es una cautivadora Eau de Parfum unisex que combina una atrevida dulzura gourmand con una refinada profundidad amaderada. Dise\u00f1ada para aquellos que disfrutan de los aromas modernos y distintivos, esta fragancia ofrece un viaje rico y sensorial ideal para las estaciones m\u00e1s fr\u00edas y para la [&hellip;]<\/p>\n","protected":false},"featured_media":906,"comment_status":"open","ping_status":"closed","template":"","meta":[],"product_brand":[117],"product_cat":[225],"product_tag":[129,60,130,97,131,46,67,49,132],"class_list":{"0":"post-907","1":"product","2":"type-product","3":"status-publish","4":"has-post-thumbnail","6":"product_brand-fragrance-world","7":"product_cat-perfumes-y-fragancias","8":"product_tag-azucar-moreno","9":"product_tag-caramelo","10":"product_tag-davana","11":"product_tag-frambuesa","12":"product_tag-geranio","13":"product_tag-madera-de-cedro","14":"product_tag-pachuli","15":"product_tag-rosa","16":"product_tag-vino-tinto","18":"first","19":"instock","20":"taxable","21":"shipping-taxable","22":"product-type-simple"},"_links":{"self":[{"href":"https:\/\/novaluxeurope.com\/en\/wp-json\/wp\/v2\/product\/907","targetHints":{"allow":["GET"]}}],"collection":[{"href":"https:\/\/novaluxeurope.com\/en\/wp-json\/wp\/v2\/product"}],"about":[{"href":"https:\/\/novaluxeurope.com\/en\/wp-json\/wp\/v2\/types\/product"}],"replies":[{"embeddable":true,"href":"https:\/\/novaluxeurope.com\/en\/wp-json\/wp\/v2\/comments?post=907"}],"wp:featuredmedia":[{"embeddable":true,"href":"https:\/\/novaluxeurope.com\/en\/wp-json\/wp\/v2\/media\/906"}],"wp:attachment":[{"href":"https:\/\/novaluxeurope.com\/en\/wp-json\/wp\/v2\/media?parent=907"}],"wp:term":[{"taxonomy":"product_brand","embeddable":true,"href":"https:\/\/novaluxeurope.com\/en\/wp-json\/wp\/v2\/product_brand?post=907"},{"taxonomy":"product_cat","embeddable":true,"href":"https:\/\/novaluxeurope.com\/en\/wp-json\/wp\/v2\/product_cat?post=907"},{"taxonomy":"product_tag","embeddable":true,"href":"https:\/\/novaluxeurope.com\/en\/wp-json\/wp\/v2\/product_tag?post=907"}],"curies":[{"name":"wp","href":"https:\/\/api.w.org\/{rel}","templated":true}]}}