{"id":903,"date":"2026-03-27T14:26:25","date_gmt":"2026-03-27T14:26:25","guid":{"rendered":"https:\/\/novaluxeurope.com\/producto\/fragrance-world-aether-extrait-exp-u-100-ml\/"},"modified":"2026-05-06T20:29:12","modified_gmt":"2026-05-06T20:29:12","slug":"fragrance-world-aether-extrait-exp-u-100-ml","status":"publish","type":"product","link":"https:\/\/novaluxeurope.com\/en\/product\/fragrance-world-aether-extrait-exp-u-100-ml\/","title":{"rendered":"Fragrance World Aether Extrait EXP"},"content":{"rendered":"<p>Experimente la refinada elegancia de Fragrance World Aether Extrait de Parfum 100 ml , una fragancia que pertenece a la familia amaderada de Foug\u00e8re . Este extrait de parfum unisex se abre con manzana verde crujiente , bergamota y mandarina , creando una introducci\u00f3n fresca y vigorizante que cautiva inmediatamente los sentidos. El coraz\u00f3n mezcla cedro, petitgrain, cashmeran y violeta, a\u00f1adiendo una sofisticada profundidad floral y amaderada. Por \u00faltimo, la base se asienta en notas c\u00e1lidas y duraderas de almizcle, musgo de roble y madera de \u00e1mbar, dejando una estela elegante y duradera. Con una fuerte proyecci\u00f3n y una longevidad excepcional, Aether es ideal tanto para llevar de d\u00eda como para ocasiones especiales, sobre todo en primavera y verano. NOTAS DE PERFUME Notas de salida: Manzana verde, Bergamota, Mandarina Notas medias: Cedro, Petitgrain, Cashmeran, Violeta Notas de Fondo: Almizcle, musgo de roble, madera de \u00e1mbar<\/p>\n<h4>Pir\u00e1mide olfativa<\/h4>\n<ul>\n<li><strong>Notas de entrada:<\/strong> Manzana verde, Bergamota, Mandar\u00edn<\/li>\n<li><strong>Notas de coraz\u00f3n:<\/strong> Cedro, Petitgrain, Cashmeran, Violeta<\/li>\n<li><strong>Notas de salida:<\/strong> Almizcle, Oakmoss, Amberwood<\/li>\n<\/ul>","protected":false},"excerpt":{"rendered":"<p>Experimente la refinada elegancia de Fragrance World Aether Extrait de Parfum 100 ml , una fragancia que pertenece a la familia amaderada de Foug\u00e8re . Este extrait de parfum unisex se abre con manzana verde crujiente , bergamota y mandarina , creando una introducci\u00f3n fresca y vigorizante que cautiva inmediatamente los sentidos. El coraz\u00f3n mezcla [&hellip;]<\/p>\n","protected":false},"featured_media":896,"comment_status":"open","ping_status":"closed","template":"","meta":[],"product_brand":[117],"product_cat":[225],"product_tag":[59,120,102,121,53,122,123,124,125,51],"class_list":{"0":"post-903","1":"product","2":"type-product","3":"status-publish","4":"has-post-thumbnail","6":"product_brand-fragrance-world","7":"product_cat-perfumes-y-fragancias","8":"product_tag-almizcle","9":"product_tag-amberwood","10":"product_tag-bergamota","11":"product_tag-cashmeran","12":"product_tag-cedro","13":"product_tag-mandarin","14":"product_tag-manzana-verde","15":"product_tag-oakmoss","16":"product_tag-petitgrain","17":"product_tag-violeta","19":"first","20":"instock","21":"taxable","22":"shipping-taxable","23":"product-type-simple"},"_links":{"self":[{"href":"https:\/\/novaluxeurope.com\/en\/wp-json\/wp\/v2\/product\/903","targetHints":{"allow":["GET"]}}],"collection":[{"href":"https:\/\/novaluxeurope.com\/en\/wp-json\/wp\/v2\/product"}],"about":[{"href":"https:\/\/novaluxeurope.com\/en\/wp-json\/wp\/v2\/types\/product"}],"replies":[{"embeddable":true,"href":"https:\/\/novaluxeurope.com\/en\/wp-json\/wp\/v2\/comments?post=903"}],"wp:featuredmedia":[{"embeddable":true,"href":"https:\/\/novaluxeurope.com\/en\/wp-json\/wp\/v2\/media\/896"}],"wp:attachment":[{"href":"https:\/\/novaluxeurope.com\/en\/wp-json\/wp\/v2\/media?parent=903"}],"wp:term":[{"taxonomy":"product_brand","embeddable":true,"href":"https:\/\/novaluxeurope.com\/en\/wp-json\/wp\/v2\/product_brand?post=903"},{"taxonomy":"product_cat","embeddable":true,"href":"https:\/\/novaluxeurope.com\/en\/wp-json\/wp\/v2\/product_cat?post=903"},{"taxonomy":"product_tag","embeddable":true,"href":"https:\/\/novaluxeurope.com\/en\/wp-json\/wp\/v2\/product_tag?post=903"}],"curies":[{"name":"wp","href":"https:\/\/api.w.org\/{rel}","templated":true}]}}