{"id":863,"date":"2026-03-27T02:47:13","date_gmt":"2026-03-27T02:47:13","guid":{"rendered":"https:\/\/novaluxeurope.com\/producto\/fragrance-world-ambroise-pour-femme\/"},"modified":"2026-04-24T13:14:33","modified_gmt":"2026-04-24T13:14:33","slug":"fragrance-world-ambroise-pour-femme","status":"publish","type":"product","link":"https:\/\/novaluxeurope.com\/en\/product\/fragrance-world-ambroise-pour-femme\/","title":{"rendered":"Fragrance World Ambroise Pour Femme"},"content":{"rendered":"<p>La combinaci\u00f3n de suavidad y fuerza que se esconde dentro de cada mujer se ha materializado en el mundo de las fragancias. El eau de parfum Fragrance World Ambroise Pour Femme revelar\u00e1 poco a poco todas las caras de tu personalidad y resaltar\u00e1 a la perfecci\u00f3n tu extraordinario atractivo.<\/p>\n<ul>\n<li>fragancia frutal<\/li>\n<li>fragancia especiada<\/li>\n<li>fragancia de cuero<\/li>\n<\/ul>\n<h4>Pir\u00e1mide olfativa<\/h4>\n<ul>\n<li><strong>Notas de entrada:<\/strong> cerezo, azafr\u00e1n, cardamomo<\/li>\n<li><strong>Notas de coraz\u00f3n:<\/strong> rosa, frambuesa, violeta<\/li>\n<li><strong>Notas de salida:<\/strong> pachuli, oud, cuero<\/li>\n<\/ul>","protected":false},"excerpt":{"rendered":"<p>La combinaci\u00f3n de suavidad y fuerza que se esconde dentro de cada mujer se ha materializado en el mundo de las fragancias. El eau de parfum Fragrance World Ambroise Pour Femme revelar\u00e1 poco a poco todas las caras de tu personalidad y resaltar\u00e1 a la perfecci\u00f3n tu extraordinario atractivo. fragancia frutal fragancia especiada fragancia de [&hellip;]<\/p>\n","protected":false},"featured_media":862,"comment_status":"open","ping_status":"closed","template":"","meta":[],"product_brand":[117],"product_cat":[225],"product_tag":[87,77,118,69,97,48,67,49,51],"class_list":{"0":"post-863","1":"product","2":"type-product","3":"status-publish","4":"has-post-thumbnail","6":"product_brand-fragrance-world","7":"product_cat-perfumes-y-fragancias","8":"product_tag-azafran","9":"product_tag-cardamomo","10":"product_tag-cerezo","11":"product_tag-cuero","12":"product_tag-frambuesa","13":"product_tag-oud","14":"product_tag-pachuli","15":"product_tag-rosa","16":"product_tag-violeta","18":"first","19":"outofstock","20":"taxable","21":"shipping-taxable","22":"product-type-simple"},"_links":{"self":[{"href":"https:\/\/novaluxeurope.com\/en\/wp-json\/wp\/v2\/product\/863","targetHints":{"allow":["GET"]}}],"collection":[{"href":"https:\/\/novaluxeurope.com\/en\/wp-json\/wp\/v2\/product"}],"about":[{"href":"https:\/\/novaluxeurope.com\/en\/wp-json\/wp\/v2\/types\/product"}],"replies":[{"embeddable":true,"href":"https:\/\/novaluxeurope.com\/en\/wp-json\/wp\/v2\/comments?post=863"}],"wp:featuredmedia":[{"embeddable":true,"href":"https:\/\/novaluxeurope.com\/en\/wp-json\/wp\/v2\/media\/862"}],"wp:attachment":[{"href":"https:\/\/novaluxeurope.com\/en\/wp-json\/wp\/v2\/media?parent=863"}],"wp:term":[{"taxonomy":"product_brand","embeddable":true,"href":"https:\/\/novaluxeurope.com\/en\/wp-json\/wp\/v2\/product_brand?post=863"},{"taxonomy":"product_cat","embeddable":true,"href":"https:\/\/novaluxeurope.com\/en\/wp-json\/wp\/v2\/product_cat?post=863"},{"taxonomy":"product_tag","embeddable":true,"href":"https:\/\/novaluxeurope.com\/en\/wp-json\/wp\/v2\/product_tag?post=863"}],"curies":[{"name":"wp","href":"https:\/\/api.w.org\/{rel}","templated":true}]}}