{"id":817,"date":"2026-03-26T20:58:39","date_gmt":"2026-03-26T20:58:39","guid":{"rendered":"https:\/\/novaluxeurope.com\/producto\/afnan-supremacy-collectors-edition\/"},"modified":"2026-04-24T13:14:33","modified_gmt":"2026-04-24T13:14:33","slug":"afnan-supremacy-collectors-edition","status":"publish","type":"product","link":"https:\/\/novaluxeurope.com\/en\/product\/afnan-supremacy-collectors-edition\/","title":{"rendered":"Afnan Supremacy Collector&#8217;s Edition"},"content":{"rendered":"<p dir=\"ltr\"><strong>La uni\u00f3n de la tradici\u00f3n con el mundo moderno<\/strong><\/p>\n<p dir=\"ltr\">\u00bfSigues buscando esa fragancia perfecta para una ocasi\u00f3n especial? El eau de parfum para hombre Afnan Supremacy Collector&#8217;s Edition ofrece un toque moderno de frescor y elegancia. Esta fragancia sofisticada combina notas refrescantes de flores blancas, un frescor frutal y unas c\u00e1lidas notas amaderadas que acent\u00faan su car\u00e1cter masculino.<\/p>\n<ul>\n<li value=\"1\">fragancia floral y frutal con notas de \u00e1mbar<\/li>\n<li value=\"2\">la opci\u00f3n perfecta para un acontecimiento formal<\/li>\n<li value=\"3\">para quienes prefieren la elegancia moderna<\/li>\n<\/ul>\n<p dir=\"ltr\"><strong>Composici\u00f3n de la fragancia:<\/strong><br \/>Envu\u00e9lvete en frescor y calidez. Al principio te deslumbra con la jugosa pi\u00f1a, la chispeante bergamota y la crujiente manzana, que se combinan con unas sutiles flores blancas. En las notas de coraz\u00f3n surge la dulce y arom\u00e1tica flor de azahar, complementada con unas notas ahumadas de abedul y \u00e1mbar. Las notas de fondo reflejan un esp\u00edritu masculino gracias al car\u00e1cter terroso del musgo de roble, el sensual almizcle y un toque de ambrox\u00e1n, que deja una huella inolvidable.<\/p>\n<p dir=\"ltr\"><strong>Historia de la fragancia:<\/strong><br \/>Afnan Supremacy Collector&#8217;s Edition fue creada como homenaje al legado de la ic\u00f3nica colecci\u00f3n Supremacy, pero incorpora un toque de modernidad. Su sobrio frasco, de l\u00edneas puras y dise\u00f1o lujoso, simboliza la armon\u00eda entre la tradici\u00f3n y el estilo moderno.<\/p>\n<h4>Pir\u00e1mide olfativa<\/h4>\n<ul>\n<li><strong>Notas de entrada:<\/strong> pi\u00f1a, bergamota, manzana, flores blancas<\/li>\n<li><strong>Notas de coraz\u00f3n:<\/strong> flor de naranjo, abedul, \u00e1mbar<\/li>\n<li><strong>Notas de salida:<\/strong> musgo de roble, almizcle, \u00e1mbar gris<\/li>\n<\/ul>","protected":false},"excerpt":{"rendered":"<p>La uni\u00f3n de la tradici\u00f3n con el mundo moderno \u00bfSigues buscando esa fragancia perfecta para una ocasi\u00f3n especial? El eau de parfum para hombre Afnan Supremacy Collector&#8217;s Edition ofrece un toque moderno de frescor y elegancia. Esta fragancia sofisticada combina notas refrescantes de flores blancas, un frescor frutal y unas c\u00e1lidas notas amaderadas que acent\u00faan [&hellip;]<\/p>\n","protected":false},"featured_media":816,"comment_status":"open","ping_status":"closed","template":"","meta":[],"product_brand":[119],"product_cat":[225],"product_tag":[86,59,52,64,102,84,110,88,61,101],"class_list":{"0":"post-817","1":"product","2":"type-product","3":"status-publish","4":"has-post-thumbnail","6":"product_brand-afnan","7":"product_cat-perfumes-y-fragancias","8":"product_tag-abedul","9":"product_tag-almizcle","10":"product_tag-ambar","11":"product_tag-ambar-gris","12":"product_tag-bergamota","13":"product_tag-flor-de-naranjo","14":"product_tag-flores-blancas","15":"product_tag-manzana","16":"product_tag-musgo-de-roble","17":"product_tag-pina","19":"first","20":"outofstock","21":"taxable","22":"shipping-taxable","23":"product-type-simple"},"_links":{"self":[{"href":"https:\/\/novaluxeurope.com\/en\/wp-json\/wp\/v2\/product\/817","targetHints":{"allow":["GET"]}}],"collection":[{"href":"https:\/\/novaluxeurope.com\/en\/wp-json\/wp\/v2\/product"}],"about":[{"href":"https:\/\/novaluxeurope.com\/en\/wp-json\/wp\/v2\/types\/product"}],"replies":[{"embeddable":true,"href":"https:\/\/novaluxeurope.com\/en\/wp-json\/wp\/v2\/comments?post=817"}],"wp:featuredmedia":[{"embeddable":true,"href":"https:\/\/novaluxeurope.com\/en\/wp-json\/wp\/v2\/media\/816"}],"wp:attachment":[{"href":"https:\/\/novaluxeurope.com\/en\/wp-json\/wp\/v2\/media?parent=817"}],"wp:term":[{"taxonomy":"product_brand","embeddable":true,"href":"https:\/\/novaluxeurope.com\/en\/wp-json\/wp\/v2\/product_brand?post=817"},{"taxonomy":"product_cat","embeddable":true,"href":"https:\/\/novaluxeurope.com\/en\/wp-json\/wp\/v2\/product_cat?post=817"},{"taxonomy":"product_tag","embeddable":true,"href":"https:\/\/novaluxeurope.com\/en\/wp-json\/wp\/v2\/product_tag?post=817"}],"curies":[{"name":"wp","href":"https:\/\/api.w.org\/{rel}","templated":true}]}}