{"id":804,"date":"2026-03-26T20:44:10","date_gmt":"2026-03-26T20:44:10","guid":{"rendered":"https:\/\/novaluxeurope.com\/producto\/afnan-supremacy-not-only-intense\/"},"modified":"2026-05-09T00:01:13","modified_gmt":"2026-05-09T00:01:13","slug":"afnan-supremacy-not-only-intense","status":"publish","type":"product","link":"https:\/\/novaluxeurope.com\/en\/product\/afnan-supremacy-not-only-intense\/","title":{"rendered":"Afnan Supremacy Not Only Intense"},"content":{"rendered":"<p>No solo es intensa, sino tambi\u00e9n peligrosamente adictiva. As\u00ed es la fragancia con la que te envolver\u00e1 el extracto de perfume para hombre Afnan Supremacy Not Only Intense. \u00a1D\u00e9jate llevar a otro mundo!<\/p>\n<ul>\n<li>fragancia ambarina amaderada<\/li>\n<li>ideal para cualquier ocasi\u00f3n<\/li>\n<li>en un elegante frasco met\u00e1lico<\/li>\n<\/ul>\n<p> <strong>Composici\u00f3n de la fragancia:<\/strong><br \/>Al principio, te cautivar\u00e1 una armon\u00eda frutal en forma de notas de bergamota, manzana y grosella negra. A continuaci\u00f3n, se despertar\u00e1 el frescor de la lavanda combinado con notas de pachuli y musgo de roble. Lo que m\u00e1s tiempo te agradar\u00e1 ser\u00e1 la irresistible fusi\u00f3n del azafr\u00e1n, el sensual almizcle y el \u00e1mbar gris.<\/p>\n<h4>Pir\u00e1mide olfativa<\/h4>\n<ul>\n<li><strong>Notas de entrada:<\/strong> bergamota, manzana, grosella negra<\/li>\n<li><strong>Notas de coraz\u00f3n:<\/strong> lavanda, pachuli, musgo de roble<\/li>\n<li><strong>Notas de salida:<\/strong> azafr\u00e1n, almizcle, \u00e1mbar gris<\/li>\n<\/ul>","protected":false},"excerpt":{"rendered":"<p>No solo es intensa, sino tambi\u00e9n peligrosamente adictiva. As\u00ed es la fragancia con la que te envolver\u00e1 el extracto de perfume para hombre Afnan Supremacy Not Only Intense. \u00a1D\u00e9jate llevar a otro mundo! fragancia ambarina amaderada ideal para cualquier ocasi\u00f3n en un elegante frasco met\u00e1lico Composici\u00f3n de la fragancia:Al principio, te cautivar\u00e1 una armon\u00eda frutal [&hellip;]<\/p>\n","protected":false},"featured_media":803,"comment_status":"open","ping_status":"closed","template":"","meta":[],"product_brand":[119],"product_cat":[225],"product_tag":[59,64,87,102,111,73,88,61,67],"class_list":{"0":"post-804","1":"product","2":"type-product","3":"status-publish","4":"has-post-thumbnail","6":"product_brand-afnan","7":"product_cat-perfumes-y-fragancias","8":"product_tag-almizcle","9":"product_tag-ambar-gris","10":"product_tag-azafran","11":"product_tag-bergamota","12":"product_tag-grosella-negra","13":"product_tag-lavanda","14":"product_tag-manzana","15":"product_tag-musgo-de-roble","16":"product_tag-pachuli","18":"first","19":"instock","20":"taxable","21":"shipping-taxable","22":"product-type-simple"},"_links":{"self":[{"href":"https:\/\/novaluxeurope.com\/en\/wp-json\/wp\/v2\/product\/804","targetHints":{"allow":["GET"]}}],"collection":[{"href":"https:\/\/novaluxeurope.com\/en\/wp-json\/wp\/v2\/product"}],"about":[{"href":"https:\/\/novaluxeurope.com\/en\/wp-json\/wp\/v2\/types\/product"}],"replies":[{"embeddable":true,"href":"https:\/\/novaluxeurope.com\/en\/wp-json\/wp\/v2\/comments?post=804"}],"wp:featuredmedia":[{"embeddable":true,"href":"https:\/\/novaluxeurope.com\/en\/wp-json\/wp\/v2\/media\/803"}],"wp:attachment":[{"href":"https:\/\/novaluxeurope.com\/en\/wp-json\/wp\/v2\/media?parent=804"}],"wp:term":[{"taxonomy":"product_brand","embeddable":true,"href":"https:\/\/novaluxeurope.com\/en\/wp-json\/wp\/v2\/product_brand?post=804"},{"taxonomy":"product_cat","embeddable":true,"href":"https:\/\/novaluxeurope.com\/en\/wp-json\/wp\/v2\/product_cat?post=804"},{"taxonomy":"product_tag","embeddable":true,"href":"https:\/\/novaluxeurope.com\/en\/wp-json\/wp\/v2\/product_tag?post=804"}],"curies":[{"name":"wp","href":"https:\/\/api.w.org\/{rel}","templated":true}]}}