{"id":800,"date":"2026-03-26T20:44:04","date_gmt":"2026-03-26T20:44:04","guid":{"rendered":"https:\/\/novaluxeurope.com\/producto\/afnan-mystique-bouquet\/"},"modified":"2026-04-24T13:14:33","modified_gmt":"2026-04-24T13:14:33","slug":"afnan-mystique-bouquet","status":"publish","type":"product","link":"https:\/\/novaluxeurope.com\/en\/product\/afnan-mystique-bouquet\/","title":{"rendered":"Afnan Mystique Bouquet"},"content":{"rendered":"<p><strong>Una fragancia ex\u00f3tica que aporta sensualidad a las mujeres<\/strong><\/p>\n<p>Te presentamos una exclusiva fragancia que cautivar\u00e1 tus sentidos y le aportar\u00e1 a tu d\u00eda una chispa de lujo. El eau de parfum para mujer Afnan Mystique Bouquet es sin\u00f3nimo de frescor y elegancia, y te llevar\u00e1 a un mundo de impresiones sofisticadas e irresistible encanto.<\/p>\n<ul>\n<li>fragancia floral con notas frutales<\/li>\n<li>aporta sensualidad y un toque de pasi\u00f3n a las mujeres<\/li>\n<li>en un frasco elegante<\/li>\n<\/ul>\n<p><strong>Composici\u00f3n de la fragancia:<\/strong><br \/>Las notas de cabeza abren su historia con el frescor del melocot\u00f3n blanco, la mandarina, la bergamota y el lichi, deleitando los sentidos con una sensaci\u00f3n chispeante. Las sigue la flor de azahar, que se convierte en el centro de atenci\u00f3n junto con el vetiver y la mahonia. Esta combinaci\u00f3n desprende una armon\u00eda floral y una fuerza terrosa. Al final se despliegan las notas de fondo sensuales en las que se entremezcla el ambroxan, el almizcle, la vainilla y el musgo de roble, creando una sensaci\u00f3n de atracci\u00f3n y lujo duradero.<\/p>\n<p><strong>Historia de la fragancia:<\/strong><br \/>Todos los perfumes y fragancias de la marca Afnan representan el conocimiento vital y la motivaci\u00f3n del fundador de la perfumer\u00eda. Su intenci\u00f3n es crear conexiones entre las personas y despertar la curiosidad y el deseo. Cada gota del perfume Afnan Mystique Bouquet contiene un toque ex\u00f3tico irresistible.<\/p>\n<h4>Pir\u00e1mide olfativa<\/h4>\n<ul>\n<li><strong>Notas de entrada:<\/strong> melocot\u00f3n blanco, naranja, bergamota, lichi<\/li>\n<li><strong>Notas de coraz\u00f3n:<\/strong> flor de naranjo, vetiver, mahonia, peon\u00eda<\/li>\n<li><strong>Notas de salida:<\/strong> ambroxan, almizcle, vainilla, musgo de roble<\/li>\n<\/ul>","protected":false},"excerpt":{"rendered":"<p>Una fragancia ex\u00f3tica que aporta sensualidad a las mujeres Te presentamos una exclusiva fragancia que cautivar\u00e1 tus sentidos y le aportar\u00e1 a tu d\u00eda una chispa de lujo. El eau de parfum para mujer Afnan Mystique Bouquet es sin\u00f3nimo de frescor y elegancia, y te llevar\u00e1 a un mundo de impresiones sofisticadas e irresistible encanto. [&hellip;]<\/p>\n","protected":false},"featured_media":799,"comment_status":"open","ping_status":"closed","template":"","meta":[],"product_brand":[119],"product_cat":[225],"product_tag":[59,76,102,84,108,80,109,61,98,57,63,50],"class_list":{"0":"post-800","1":"product","2":"type-product","3":"status-publish","4":"has-post-thumbnail","6":"product_brand-afnan","7":"product_cat-perfumes-y-fragancias","8":"product_tag-almizcle","9":"product_tag-ambroxan","10":"product_tag-bergamota","11":"product_tag-flor-de-naranjo","12":"product_tag-lichi","13":"product_tag-mahonia","14":"product_tag-melocoton-blanco","15":"product_tag-musgo-de-roble","16":"product_tag-naranja","17":"product_tag-peonia","18":"product_tag-vainilla","19":"product_tag-vetiver","21":"first","22":"outofstock","23":"taxable","24":"shipping-taxable","25":"product-type-simple"},"_links":{"self":[{"href":"https:\/\/novaluxeurope.com\/en\/wp-json\/wp\/v2\/product\/800","targetHints":{"allow":["GET"]}}],"collection":[{"href":"https:\/\/novaluxeurope.com\/en\/wp-json\/wp\/v2\/product"}],"about":[{"href":"https:\/\/novaluxeurope.com\/en\/wp-json\/wp\/v2\/types\/product"}],"replies":[{"embeddable":true,"href":"https:\/\/novaluxeurope.com\/en\/wp-json\/wp\/v2\/comments?post=800"}],"wp:featuredmedia":[{"embeddable":true,"href":"https:\/\/novaluxeurope.com\/en\/wp-json\/wp\/v2\/media\/799"}],"wp:attachment":[{"href":"https:\/\/novaluxeurope.com\/en\/wp-json\/wp\/v2\/media?parent=800"}],"wp:term":[{"taxonomy":"product_brand","embeddable":true,"href":"https:\/\/novaluxeurope.com\/en\/wp-json\/wp\/v2\/product_brand?post=800"},{"taxonomy":"product_cat","embeddable":true,"href":"https:\/\/novaluxeurope.com\/en\/wp-json\/wp\/v2\/product_cat?post=800"},{"taxonomy":"product_tag","embeddable":true,"href":"https:\/\/novaluxeurope.com\/en\/wp-json\/wp\/v2\/product_tag?post=800"}],"curies":[{"name":"wp","href":"https:\/\/api.w.org\/{rel}","templated":true}]}}