{"id":793,"date":"2026-03-26T20:43:56","date_gmt":"2026-03-26T20:43:56","guid":{"rendered":"https:\/\/novaluxeurope.com\/producto\/afnan-9-pm\/"},"modified":"2026-04-27T20:00:53","modified_gmt":"2026-04-27T20:00:53","slug":"afnan-9-pm","status":"publish","type":"product","link":"https:\/\/novaluxeurope.com\/en\/product\/afnan-9-pm\/","title":{"rendered":"Afnan 9 PM"},"content":{"rendered":"<p>Una fragancia masculina que se adaptar\u00e1 a tu estilo de vida activo. As\u00ed es el eau de parfum para hombre Afnan 9 PM. Su rica composici\u00f3n repleta de notas especiadas potenciar\u00e1 los mejores aspectos de tu personalidad. \u00a1Atr\u00e9vete a ser t\u00fa mismo!<\/p>\n<ul>\n<li>fragancia de \u00e1mbar y especias con notas gourmand<\/li>\n<li>ideal para las \u00e9pocas m\u00e1s fr\u00edas<\/li>\n<li>lanzada en el a\u00f1o 2020<\/li>\n<\/ul>\n<p> <strong>Composici\u00f3n de la fragancia:<\/strong><br \/>Primero te dar\u00e1n la bienvenida las notas frescas de bergamota y lavanda, que se entremezclan con un toque de manzana con canela. Al cabo de unos instantes te fascinar\u00e1n las notas de coraz\u00f3n florales con lirio de los valles y flor de azahar. Las c\u00e1lidas notas de \u00e1mbar y pachuli, junto con el car\u00e1cter dulce de la vainilla y el haba tonka, se encargar\u00e1n de ofrecer un cierre agradable.<\/p>\n<h4>Pir\u00e1mide olfativa<\/h4>\n<ul>\n<li><strong>Notas de entrada:<\/strong> bergamota, espliego, canela, manzana<\/li>\n<li><strong>Notas de coraz\u00f3n:<\/strong> lirio de los valles, flor de naranjo<\/li>\n<li><strong>Notas de salida:<\/strong> pachuli, \u00e1mbar, vainilla, haba tonka<\/li>\n<\/ul>","protected":false},"excerpt":{"rendered":"<p>Una fragancia masculina que se adaptar\u00e1 a tu estilo de vida activo. As\u00ed es el eau de parfum para hombre Afnan 9 PM. Su rica composici\u00f3n repleta de notas especiadas potenciar\u00e1 los mejores aspectos de tu personalidad. \u00a1Atr\u00e9vete a ser t\u00fa mismo! fragancia de \u00e1mbar y especias con notas gourmand ideal para las \u00e9pocas m\u00e1s [&hellip;]<\/p>\n","protected":false},"featured_media":792,"comment_status":"open","ping_status":"closed","template":"","meta":[],"product_brand":[119],"product_cat":[225],"product_tag":[52,102,94,81,84,79,85,88,67,63],"class_list":{"0":"post-793","1":"product","2":"type-product","3":"status-publish","4":"has-post-thumbnail","6":"product_brand-afnan","7":"product_cat-perfumes-y-fragancias","8":"product_tag-ambar","9":"product_tag-bergamota","10":"product_tag-canela","11":"product_tag-espliego","12":"product_tag-flor-de-naranjo","13":"product_tag-haba-tonka","14":"product_tag-lirio-de-los-valles","15":"product_tag-manzana","16":"product_tag-pachuli","17":"product_tag-vainilla","19":"first","20":"outofstock","21":"taxable","22":"shipping-taxable","23":"product-type-simple"},"_links":{"self":[{"href":"https:\/\/novaluxeurope.com\/en\/wp-json\/wp\/v2\/product\/793","targetHints":{"allow":["GET"]}}],"collection":[{"href":"https:\/\/novaluxeurope.com\/en\/wp-json\/wp\/v2\/product"}],"about":[{"href":"https:\/\/novaluxeurope.com\/en\/wp-json\/wp\/v2\/types\/product"}],"replies":[{"embeddable":true,"href":"https:\/\/novaluxeurope.com\/en\/wp-json\/wp\/v2\/comments?post=793"}],"wp:featuredmedia":[{"embeddable":true,"href":"https:\/\/novaluxeurope.com\/en\/wp-json\/wp\/v2\/media\/792"}],"wp:attachment":[{"href":"https:\/\/novaluxeurope.com\/en\/wp-json\/wp\/v2\/media?parent=793"}],"wp:term":[{"taxonomy":"product_brand","embeddable":true,"href":"https:\/\/novaluxeurope.com\/en\/wp-json\/wp\/v2\/product_brand?post=793"},{"taxonomy":"product_cat","embeddable":true,"href":"https:\/\/novaluxeurope.com\/en\/wp-json\/wp\/v2\/product_cat?post=793"},{"taxonomy":"product_tag","embeddable":true,"href":"https:\/\/novaluxeurope.com\/en\/wp-json\/wp\/v2\/product_tag?post=793"}],"curies":[{"name":"wp","href":"https:\/\/api.w.org\/{rel}","templated":true}]}}