{"id":787,"date":"2026-03-26T20:43:49","date_gmt":"2026-03-26T20:43:49","guid":{"rendered":"https:\/\/novaluxeurope.com\/producto\/afnan-9-pm-elixir\/"},"modified":"2026-05-07T20:44:28","modified_gmt":"2026-05-07T20:44:28","slug":"afnan-9-pm-elixir","status":"publish","type":"product","link":"https:\/\/novaluxeurope.com\/en\/product\/afnan-9-pm-elixir\/","title":{"rendered":"Afnan 9 PM Elixir"},"content":{"rendered":"<p dir=\"ltr\"><strong>Una apasionante sinfon\u00eda de calidez y atracci\u00f3n<\/strong><\/p>\n<p dir=\"ltr\">El extracto de perfume Afnan 9 PM Elixir encarna la fuerza de las notas especiadas, orientales y de cuero. Celebra la forma m\u00e1s elevada de la atracci\u00f3n y el carisma, impresionando al instante a todos los que te rodean.<\/p>\n<ul>\n<li value=\"1\">fragancia oriental especiada<\/li>\n<li value=\"2\">para hombres y mujeres que deseen dejar una huella intensa y sensual<\/li>\n<li value=\"3\">se lanz\u00f3 en el a\u00f1o 2025<\/li>\n<\/ul>\n<p dir=\"ltr\"><strong>Composici\u00f3n de la fragancia:<\/strong><br \/>Desde el primer momento te cautivar\u00e1 el picante elemi y el arom\u00e1tico cardamomo, complementado con la c\u00e1lida nuez moscada. A continuaci\u00f3n se despliegan el suave espliego, la especiada guindilla y el toque sensual del cuero. Las notas finales se componen de la dulce y cremosa vainilla, el profundo l\u00e1dano, el terroso pachuli y un embriagador toque a jara.<\/p>\n<p dir=\"ltr\"><strong>Historia de la fragancia:<\/strong><br \/>El frasco es tan elegante como la propia fragancia: su forma minimalista de color oscuro realza el car\u00e1cter c\u00e1lido y misterioso, cautivando a todos los amantes de las fragancias inusuales.<\/p>\n<h4>Pir\u00e1mide olfativa<\/h4>\n<ul>\n<li><strong>Notas de entrada:<\/strong> elemi, nuez moscada, cardamomo<\/li>\n<li><strong>Notas de coraz\u00f3n:<\/strong> espliego, guindilla Pimento, cuero<\/li>\n<li><strong>Notas de salida:<\/strong> jara, l\u00e1dano, pachuli, vainilla<\/li>\n<\/ul>","protected":false},"excerpt":{"rendered":"<p>Una apasionante sinfon\u00eda de calidez y atracci\u00f3n El extracto de perfume Afnan 9 PM Elixir encarna la fuerza de las notas especiadas, orientales y de cuero. Celebra la forma m\u00e1s elevada de la atracci\u00f3n y el carisma, impresionando al instante a todos los que te rodean. fragancia oriental especiada para hombres y mujeres que deseen [&hellip;]<\/p>\n","protected":false},"featured_media":786,"comment_status":"open","ping_status":"closed","template":"","meta":[],"product_brand":[119],"product_cat":[225],"product_tag":[77,69,107,81,82,83,70,95,67,63],"class_list":{"0":"post-787","1":"product","2":"type-product","3":"status-publish","4":"has-post-thumbnail","6":"product_brand-afnan","7":"product_cat-perfumes-y-fragancias","8":"product_tag-cardamomo","9":"product_tag-cuero","10":"product_tag-elemi","11":"product_tag-espliego","12":"product_tag-guindilla-pimento","13":"product_tag-jara","14":"product_tag-ladano","15":"product_tag-nuez-moscada","16":"product_tag-pachuli","17":"product_tag-vainilla","19":"first","20":"instock","21":"taxable","22":"shipping-taxable","23":"product-type-simple"},"_links":{"self":[{"href":"https:\/\/novaluxeurope.com\/en\/wp-json\/wp\/v2\/product\/787","targetHints":{"allow":["GET"]}}],"collection":[{"href":"https:\/\/novaluxeurope.com\/en\/wp-json\/wp\/v2\/product"}],"about":[{"href":"https:\/\/novaluxeurope.com\/en\/wp-json\/wp\/v2\/types\/product"}],"replies":[{"embeddable":true,"href":"https:\/\/novaluxeurope.com\/en\/wp-json\/wp\/v2\/comments?post=787"}],"wp:featuredmedia":[{"embeddable":true,"href":"https:\/\/novaluxeurope.com\/en\/wp-json\/wp\/v2\/media\/786"}],"wp:attachment":[{"href":"https:\/\/novaluxeurope.com\/en\/wp-json\/wp\/v2\/media?parent=787"}],"wp:term":[{"taxonomy":"product_brand","embeddable":true,"href":"https:\/\/novaluxeurope.com\/en\/wp-json\/wp\/v2\/product_brand?post=787"},{"taxonomy":"product_cat","embeddable":true,"href":"https:\/\/novaluxeurope.com\/en\/wp-json\/wp\/v2\/product_cat?post=787"},{"taxonomy":"product_tag","embeddable":true,"href":"https:\/\/novaluxeurope.com\/en\/wp-json\/wp\/v2\/product_tag?post=787"}],"curies":[{"name":"wp","href":"https:\/\/api.w.org\/{rel}","templated":true}]}}