{"id":782,"date":"2026-03-26T20:43:43","date_gmt":"2026-03-26T20:43:43","guid":{"rendered":"https:\/\/novaluxeurope.com\/producto\/afnan-9-pm-night-out\/"},"modified":"2026-05-07T20:01:12","modified_gmt":"2026-05-07T20:01:12","slug":"afnan-9-pm-night-out","status":"publish","type":"product","link":"https:\/\/novaluxeurope.com\/en\/product\/afnan-9-pm-night-out\/","title":{"rendered":"Afnan 9 PM Night Out"},"content":{"rendered":"<p>Descubre el perfume unisex Afnan 9 PM Night Out, que es tan original como t\u00fa. Solo t\u00fa decides en que ocasiones dejar\u00e1s que su fragancia extraordinariamente rica destaque en tu piel. Basta con unas gotas para que el mundo caiga rendido a tus pies.<\/p>\n<ul>\n<li>fragancia especiada<\/li>\n<li>fragancia amaderada<\/li>\n<li>fragancia frutal<\/li>\n<li>para todas aquellas personas que no tienen miedo a destacar<\/li>\n<li>fragancia original para las ocasiones especiales<\/li>\n<li>fragancia unisex<\/li>\n<\/ul>\n<h4>Pir\u00e1mide olfativa<\/h4>\n<ul>\n<li><strong>Notas de entrada:<\/strong> bergamota, pitaya, lavanda, licor, manzana<\/li>\n<li><strong>Notas de coraz\u00f3n:<\/strong> cardamomo, mahonia, gamuza, Toffee, cedro<\/li>\n<li><strong>Notas de salida:<\/strong> Akigalawood\u00ae, pachuli, haba tonka, ambroxan<\/li>\n<\/ul>","protected":false},"excerpt":{"rendered":"<p>Descubre el perfume unisex Afnan 9 PM Night Out, que es tan original como t\u00fa. Solo t\u00fa decides en que ocasiones dejar\u00e1s que su fragancia extraordinariamente rica destaque en tu piel. Basta con unas gotas para que el mundo caiga rendido a tus pies. fragancia especiada fragancia amaderada fragancia frutal para todas aquellas personas que [&hellip;]<\/p>\n","protected":false},"featured_media":781,"comment_status":"open","ping_status":"closed","template":"","meta":[],"product_brand":[119],"product_cat":[225],"product_tag":[74,76,102,77,53,78,79,73,105,80,88,67,106,75],"class_list":{"0":"post-782","1":"product","2":"type-product","3":"status-publish","4":"has-post-thumbnail","6":"product_brand-afnan","7":"product_cat-perfumes-y-fragancias","8":"product_tag-akigalawood","9":"product_tag-ambroxan","10":"product_tag-bergamota","11":"product_tag-cardamomo","12":"product_tag-cedro","13":"product_tag-gamuza","14":"product_tag-haba-tonka","15":"product_tag-lavanda","16":"product_tag-licor","17":"product_tag-mahonia","18":"product_tag-manzana","19":"product_tag-pachuli","20":"product_tag-pitaya","21":"product_tag-toffee","23":"first","24":"instock","25":"taxable","26":"shipping-taxable","27":"product-type-simple"},"_links":{"self":[{"href":"https:\/\/novaluxeurope.com\/en\/wp-json\/wp\/v2\/product\/782","targetHints":{"allow":["GET"]}}],"collection":[{"href":"https:\/\/novaluxeurope.com\/en\/wp-json\/wp\/v2\/product"}],"about":[{"href":"https:\/\/novaluxeurope.com\/en\/wp-json\/wp\/v2\/types\/product"}],"replies":[{"embeddable":true,"href":"https:\/\/novaluxeurope.com\/en\/wp-json\/wp\/v2\/comments?post=782"}],"wp:featuredmedia":[{"embeddable":true,"href":"https:\/\/novaluxeurope.com\/en\/wp-json\/wp\/v2\/media\/781"}],"wp:attachment":[{"href":"https:\/\/novaluxeurope.com\/en\/wp-json\/wp\/v2\/media?parent=782"}],"wp:term":[{"taxonomy":"product_brand","embeddable":true,"href":"https:\/\/novaluxeurope.com\/en\/wp-json\/wp\/v2\/product_brand?post=782"},{"taxonomy":"product_cat","embeddable":true,"href":"https:\/\/novaluxeurope.com\/en\/wp-json\/wp\/v2\/product_cat?post=782"},{"taxonomy":"product_tag","embeddable":true,"href":"https:\/\/novaluxeurope.com\/en\/wp-json\/wp\/v2\/product_tag?post=782"}],"curies":[{"name":"wp","href":"https:\/\/api.w.org\/{rel}","templated":true}]}}