{"id":778,"date":"2026-03-26T20:43:39","date_gmt":"2026-03-26T20:43:39","guid":{"rendered":"https:\/\/novaluxeurope.com\/producto\/afnan-supremacy-noir\/"},"modified":"2026-05-11T12:01:33","modified_gmt":"2026-05-11T12:01:33","slug":"afnan-supremacy-noir","status":"publish","type":"product","link":"https:\/\/novaluxeurope.com\/en\/product\/afnan-supremacy-noir\/","title":{"rendered":"Afnan Supremacy Noir"},"content":{"rendered":"<p>Olv\u00eddate de las reglas, los l\u00edmites y los obst\u00e1culos. El eau de parfum unisex Afnan Supremacy Noir es perfecto para cualquier persona que no tenga miedo a destacar.<\/p>\n<ul>\n<li>fragancia arom\u00e1tica amaderada<\/li>\n<li>fragancia oriental<\/li>\n<li>fragancia especiada<\/li>\n<li>para todas aquellas personas que no tienen miedo a destacar<\/li>\n<li>unisex \u2013 tanto para hombres como para mujeres<\/li>\n<li>fragancia adecuada para uso diario<\/li>\n<\/ul>\n<h4>Pir\u00e1mide olfativa<\/h4>\n<ul>\n<li><strong>Notas de entrada:<\/strong> bergamota, violeta, p\u00edcea<\/li>\n<li><strong>Notas de coraz\u00f3n:<\/strong> cuero, lavanda, pino<\/li>\n<li><strong>Notas de salida:<\/strong> pachuli, l\u00e1dano<\/li>\n<\/ul>","protected":false},"excerpt":{"rendered":"<p>Olv\u00eddate de las reglas, los l\u00edmites y los obst\u00e1culos. El eau de parfum unisex Afnan Supremacy Noir es perfecto para cualquier persona que no tenga miedo a destacar. fragancia arom\u00e1tica amaderada fragancia oriental fragancia especiada para todas aquellas personas que no tienen miedo a destacar unisex \u2013 tanto para hombres como para mujeres fragancia adecuada [&hellip;]<\/p>\n","protected":false},"featured_media":777,"comment_status":"open","ping_status":"closed","template":"","meta":[],"product_brand":[119],"product_cat":[225],"product_tag":[102,69,70,73,67,104,58,51],"class_list":{"0":"post-778","1":"product","2":"type-product","3":"status-publish","4":"has-post-thumbnail","6":"product_brand-afnan","7":"product_cat-perfumes-y-fragancias","8":"product_tag-bergamota","9":"product_tag-cuero","10":"product_tag-ladano","11":"product_tag-lavanda","12":"product_tag-pachuli","13":"product_tag-picea","14":"product_tag-pino","15":"product_tag-violeta","17":"first","18":"instock","19":"taxable","20":"shipping-taxable","21":"product-type-simple"},"_links":{"self":[{"href":"https:\/\/novaluxeurope.com\/en\/wp-json\/wp\/v2\/product\/778","targetHints":{"allow":["GET"]}}],"collection":[{"href":"https:\/\/novaluxeurope.com\/en\/wp-json\/wp\/v2\/product"}],"about":[{"href":"https:\/\/novaluxeurope.com\/en\/wp-json\/wp\/v2\/types\/product"}],"replies":[{"embeddable":true,"href":"https:\/\/novaluxeurope.com\/en\/wp-json\/wp\/v2\/comments?post=778"}],"wp:featuredmedia":[{"embeddable":true,"href":"https:\/\/novaluxeurope.com\/en\/wp-json\/wp\/v2\/media\/777"}],"wp:attachment":[{"href":"https:\/\/novaluxeurope.com\/en\/wp-json\/wp\/v2\/media?parent=778"}],"wp:term":[{"taxonomy":"product_brand","embeddable":true,"href":"https:\/\/novaluxeurope.com\/en\/wp-json\/wp\/v2\/product_brand?post=778"},{"taxonomy":"product_cat","embeddable":true,"href":"https:\/\/novaluxeurope.com\/en\/wp-json\/wp\/v2\/product_cat?post=778"},{"taxonomy":"product_tag","embeddable":true,"href":"https:\/\/novaluxeurope.com\/en\/wp-json\/wp\/v2\/product_tag?post=778"}],"curies":[{"name":"wp","href":"https:\/\/api.w.org\/{rel}","templated":true}]}}