{"id":774,"date":"2026-03-26T20:43:35","date_gmt":"2026-03-26T20:43:35","guid":{"rendered":"https:\/\/novaluxeurope.com\/producto\/afnan-supremacy-incense\/"},"modified":"2026-04-24T13:14:33","modified_gmt":"2026-04-24T13:14:33","slug":"afnan-supremacy-incense","status":"publish","type":"product","link":"https:\/\/novaluxeurope.com\/en\/product\/afnan-supremacy-incense\/","title":{"rendered":"Afnan Supremacy Incense"},"content":{"rendered":"<p>Ponte al d\u00eda y apuesta por una fragancia de moda e informal que no encaja en ninguna categor\u00eda. As\u00ed es el eau de parfum Afnan Supremacy Incense, creado para resaltar el estilo \u00fanico de mujeres y hombres.<\/p>\n<ul>\n<li>composici\u00f3n arom\u00e1tica unisex con notas de coraz\u00f3n ambarinas<\/li>\n<li>ideal para usarlo a diario, sobre todo en verano<\/li>\n<li>en un elegante frasco con elementos met\u00e1licos<\/li>\n<\/ul>\n<p> <strong>Composici\u00f3n de la fragancia:<\/strong><br \/>En primer lugar, te envolver\u00e1 el aroma frutal de la bergamota, que se une a las notas de or\u00e9gano y pimienta. Instantes despu\u00e9s, la fragancia revelar\u00e1 sus c\u00e1lidas notas de coraz\u00f3n, en las cuales se marida el \u00e1mbar, el l\u00e1udano y el opoponax. En sus inolvidables acordes de fondo encontrar\u00e1s el cuero, la madera de s\u00e1ndalo, el pachuli y el oud.<\/p>\n<h4>Pir\u00e1mide olfativa<\/h4>\n<ul>\n<li><strong>Notas de entrada:<\/strong> bergamota, or\u00e9gano, especia<\/li>\n<li><strong>Notas de coraz\u00f3n:<\/strong> \u00e1mbar, l\u00e1dano, opoponax<\/li>\n<li><strong>Notas de salida:<\/strong> cuero, notas ahumadas, pachuli, oud<\/li>\n<\/ul>","protected":false},"excerpt":{"rendered":"<p>Ponte al d\u00eda y apuesta por una fragancia de moda e informal que no encaja en ninguna categor\u00eda. As\u00ed es el eau de parfum Afnan Supremacy Incense, creado para resaltar el estilo \u00fanico de mujeres y hombres. composici\u00f3n arom\u00e1tica unisex con notas de coraz\u00f3n ambarinas ideal para usarlo a diario, sobre todo en verano en [&hellip;]<\/p>\n","protected":false},"featured_media":773,"comment_status":"open","ping_status":"closed","template":"","meta":[],"product_brand":[119],"product_cat":[225],"product_tag":[52,102,69,65,70,71,72,103,48,67],"class_list":{"0":"post-774","1":"product","2":"type-product","3":"status-publish","4":"has-post-thumbnail","6":"product_brand-afnan","7":"product_cat-perfumes-y-fragancias","8":"product_tag-ambar","9":"product_tag-bergamota","10":"product_tag-cuero","11":"product_tag-especia","12":"product_tag-ladano","13":"product_tag-notas-ahumadas","14":"product_tag-opoponax","15":"product_tag-oregano","16":"product_tag-oud","17":"product_tag-pachuli","19":"first","20":"outofstock","21":"taxable","22":"shipping-taxable","23":"product-type-simple"},"_links":{"self":[{"href":"https:\/\/novaluxeurope.com\/en\/wp-json\/wp\/v2\/product\/774","targetHints":{"allow":["GET"]}}],"collection":[{"href":"https:\/\/novaluxeurope.com\/en\/wp-json\/wp\/v2\/product"}],"about":[{"href":"https:\/\/novaluxeurope.com\/en\/wp-json\/wp\/v2\/types\/product"}],"replies":[{"embeddable":true,"href":"https:\/\/novaluxeurope.com\/en\/wp-json\/wp\/v2\/comments?post=774"}],"wp:featuredmedia":[{"embeddable":true,"href":"https:\/\/novaluxeurope.com\/en\/wp-json\/wp\/v2\/media\/773"}],"wp:attachment":[{"href":"https:\/\/novaluxeurope.com\/en\/wp-json\/wp\/v2\/media?parent=774"}],"wp:term":[{"taxonomy":"product_brand","embeddable":true,"href":"https:\/\/novaluxeurope.com\/en\/wp-json\/wp\/v2\/product_brand?post=774"},{"taxonomy":"product_cat","embeddable":true,"href":"https:\/\/novaluxeurope.com\/en\/wp-json\/wp\/v2\/product_cat?post=774"},{"taxonomy":"product_tag","embeddable":true,"href":"https:\/\/novaluxeurope.com\/en\/wp-json\/wp\/v2\/product_tag?post=774"}],"curies":[{"name":"wp","href":"https:\/\/api.w.org\/{rel}","templated":true}]}}