{"id":768,"date":"2026-03-26T20:43:28","date_gmt":"2026-03-26T20:43:28","guid":{"rendered":"https:\/\/novaluxeurope.com\/producto\/afnan-supremacy-in-oud\/"},"modified":"2026-05-14T16:01:31","modified_gmt":"2026-05-14T16:01:31","slug":"afnan-supremacy-in-oud","status":"publish","type":"product","link":"https:\/\/novaluxeurope.com\/en\/product\/afnan-supremacy-in-oud\/","title":{"rendered":"Afnan Supremacy In Oud"},"content":{"rendered":"<p>Llama la atenci\u00f3n all\u00e1 donde vayas. Con el eau de parfum Afnan Supremacy In Oud dejar\u00e1s una atrevida huella que te acompa\u00f1ar\u00e1 durante todo el d\u00eda. Gracias a esta fragancia, irradiar\u00e1s fuerza y poder.\u00a0<\/p>\n<ul>\n<li>composici\u00f3n arom\u00e1tica especiada unisex<\/li>\n<li>fragancia duradera para uso diario \u00a0<\/li>\n<li>en un lujoso frasco con elementos dorados\u00a0<\/li>\n<\/ul>\n<p> <strong>Composici\u00f3n de la fragancia:<\/strong><br \/>En primer lugar te envolver\u00e1 el aroma especiado del azafr\u00e1n, que se entremezcla con la lavanda y la nuez moscada. A continuaci\u00f3n tus sentidos se ver\u00e1n fascinados por la madera de agar con sus notas dulces. Despu\u00e9s, el almizcle y el pachuli se encargan de ofrecer un cierre inolvidable.<\/p>\n<h4>Pir\u00e1mide olfativa<\/h4>\n<ul>\n<li><strong>Notas de entrada:<\/strong> azafr\u00e1n, lavanda, nuez moscada<\/li>\n<li><strong>Notas de coraz\u00f3n:<\/strong> madera de agar<\/li>\n<li><strong>Notas de salida:<\/strong> almizcle, pachuli<\/li>\n<\/ul>","protected":false},"excerpt":{"rendered":"<p>Llama la atenci\u00f3n all\u00e1 donde vayas. Con el eau de parfum Afnan Supremacy In Oud dejar\u00e1s una atrevida huella que te acompa\u00f1ar\u00e1 durante todo el d\u00eda. Gracias a esta fragancia, irradiar\u00e1s fuerza y poder.\u00a0 composici\u00f3n arom\u00e1tica especiada unisex fragancia duradera para uso diario \u00a0 en un lujoso frasco con elementos dorados\u00a0 Composici\u00f3n de la fragancia:En [&hellip;]<\/p>\n","protected":false},"featured_media":767,"comment_status":"open","ping_status":"closed","template":"","meta":[],"product_brand":[119],"product_cat":[225],"product_tag":[59,87,73,68,95,67],"class_list":{"0":"post-768","1":"product","2":"type-product","3":"status-publish","4":"has-post-thumbnail","6":"product_brand-afnan","7":"product_cat-perfumes-y-fragancias","8":"product_tag-almizcle","9":"product_tag-azafran","10":"product_tag-lavanda","11":"product_tag-madera-de-agar","12":"product_tag-nuez-moscada","13":"product_tag-pachuli","15":"first","16":"instock","17":"taxable","18":"shipping-taxable","19":"product-type-simple"},"_links":{"self":[{"href":"https:\/\/novaluxeurope.com\/en\/wp-json\/wp\/v2\/product\/768","targetHints":{"allow":["GET"]}}],"collection":[{"href":"https:\/\/novaluxeurope.com\/en\/wp-json\/wp\/v2\/product"}],"about":[{"href":"https:\/\/novaluxeurope.com\/en\/wp-json\/wp\/v2\/types\/product"}],"replies":[{"embeddable":true,"href":"https:\/\/novaluxeurope.com\/en\/wp-json\/wp\/v2\/comments?post=768"}],"wp:featuredmedia":[{"embeddable":true,"href":"https:\/\/novaluxeurope.com\/en\/wp-json\/wp\/v2\/media\/767"}],"wp:attachment":[{"href":"https:\/\/novaluxeurope.com\/en\/wp-json\/wp\/v2\/media?parent=768"}],"wp:term":[{"taxonomy":"product_brand","embeddable":true,"href":"https:\/\/novaluxeurope.com\/en\/wp-json\/wp\/v2\/product_brand?post=768"},{"taxonomy":"product_cat","embeddable":true,"href":"https:\/\/novaluxeurope.com\/en\/wp-json\/wp\/v2\/product_cat?post=768"},{"taxonomy":"product_tag","embeddable":true,"href":"https:\/\/novaluxeurope.com\/en\/wp-json\/wp\/v2\/product_tag?post=768"}],"curies":[{"name":"wp","href":"https:\/\/api.w.org\/{rel}","templated":true}]}}