{"id":763,"date":"2026-03-26T20:43:22","date_gmt":"2026-03-26T20:43:22","guid":{"rendered":"https:\/\/novaluxeurope.com\/producto\/afnan-turathi-homme-blue\/"},"modified":"2026-05-01T08:00:53","modified_gmt":"2026-05-01T08:00:53","slug":"afnan-turathi-homme-blue","status":"publish","type":"product","link":"https:\/\/novaluxeurope.com\/en\/product\/afnan-turathi-homme-blue\/","title":{"rendered":"Afnan Turathi Homme Blue"},"content":{"rendered":"<p>El eau de parfum Afnan Turathi Blue Homme te anima a seguir tus instintos en tus retos diarios. Prueba esta rica composici\u00f3n con notas jugosas de c\u00edtricos y especias frescas y ver\u00e1s c\u00f3mo sucumbes totalmente ante ella.<\/p>\n<ul>\n<li>fragancia arom\u00e1tica y especiada con notas c\u00edtricas<\/li>\n<li>ideal para hombres aventureros a los que les gustan los retos<\/li>\n<li>lanzada en el a\u00f1o 2021<\/li>\n<\/ul>\n<p> <strong>Composici\u00f3n de la fragancia:<\/strong><br \/>Al principio te cautivar\u00e1n las agradables y jugosas notas de la dulce mandarina y la bergamota ligeramente amarga. Inmediatamente despu\u00e9s salen a escena los intensos acordes amaderados sutilmente impregnados de unas notas c\u00e1lidas y atalcadas de \u00e1mbar. Al final se asienta el almizcle, suave y sensual, junto con el terroso pachuli y las delicadas notas de especias frescas que deleitar\u00e1n tus sentidos durante muchas horas.<\/p>\n<h4>Pir\u00e1mide olfativa<\/h4>\n<ul>\n<li><strong>Notas de entrada:<\/strong> bergamota, mandarina<\/li>\n<li><strong>Notas de coraz\u00f3n:<\/strong> \u00e1mbar, madera<\/li>\n<li><strong>Notas de salida:<\/strong> almizcle, pachuli, especia<\/li>\n<\/ul>","protected":false},"excerpt":{"rendered":"<p>El eau de parfum Afnan Turathi Blue Homme te anima a seguir tus instintos en tus retos diarios. Prueba esta rica composici\u00f3n con notas jugosas de c\u00edtricos y especias frescas y ver\u00e1s c\u00f3mo sucumbes totalmente ante ella. fragancia arom\u00e1tica y especiada con notas c\u00edtricas ideal para hombres aventureros a los que les gustan los retos [&hellip;]<\/p>\n","protected":false},"featured_media":762,"comment_status":"open","ping_status":"closed","template":"","meta":[],"product_brand":[119],"product_cat":[225],"product_tag":[59,52,102,65,66,99,67],"class_list":{"0":"post-763","1":"product","2":"type-product","3":"status-publish","4":"has-post-thumbnail","6":"product_brand-afnan","7":"product_cat-perfumes-y-fragancias","8":"product_tag-almizcle","9":"product_tag-ambar","10":"product_tag-bergamota","11":"product_tag-especia","12":"product_tag-madera","13":"product_tag-mandarina","14":"product_tag-pachuli","16":"first","17":"outofstock","18":"taxable","19":"shipping-taxable","20":"product-type-simple"},"_links":{"self":[{"href":"https:\/\/novaluxeurope.com\/en\/wp-json\/wp\/v2\/product\/763","targetHints":{"allow":["GET"]}}],"collection":[{"href":"https:\/\/novaluxeurope.com\/en\/wp-json\/wp\/v2\/product"}],"about":[{"href":"https:\/\/novaluxeurope.com\/en\/wp-json\/wp\/v2\/types\/product"}],"replies":[{"embeddable":true,"href":"https:\/\/novaluxeurope.com\/en\/wp-json\/wp\/v2\/comments?post=763"}],"wp:featuredmedia":[{"embeddable":true,"href":"https:\/\/novaluxeurope.com\/en\/wp-json\/wp\/v2\/media\/762"}],"wp:attachment":[{"href":"https:\/\/novaluxeurope.com\/en\/wp-json\/wp\/v2\/media?parent=763"}],"wp:term":[{"taxonomy":"product_brand","embeddable":true,"href":"https:\/\/novaluxeurope.com\/en\/wp-json\/wp\/v2\/product_brand?post=763"},{"taxonomy":"product_cat","embeddable":true,"href":"https:\/\/novaluxeurope.com\/en\/wp-json\/wp\/v2\/product_cat?post=763"},{"taxonomy":"product_tag","embeddable":true,"href":"https:\/\/novaluxeurope.com\/en\/wp-json\/wp\/v2\/product_tag?post=763"}],"curies":[{"name":"wp","href":"https:\/\/api.w.org\/{rel}","templated":true}]}}