{"id":757,"date":"2026-03-26T20:43:14","date_gmt":"2026-03-26T20:43:14","guid":{"rendered":"https:\/\/novaluxeurope.com\/producto\/afnan-9-pm-rebel\/"},"modified":"2026-05-08T12:01:33","modified_gmt":"2026-05-08T12:01:33","slug":"afnan-9-pm-rebel","status":"publish","type":"product","link":"https:\/\/novaluxeurope.com\/en\/product\/afnan-9-pm-rebel\/","title":{"rendered":"Afnan 9 PM Rebel"},"content":{"rendered":"<p dir=\"ltr\">\u00bfEres rebelde? El eau de parfum Afnan 9 PM Rebel romper\u00e1 todas las reglas. Combina acordes frutales, amaderados y de \u00e1mbar de primera calidad, dando lugar a una composici\u00f3n juvenil y elegante que atraer\u00e1 a todo el mundo independientemente de su sexo.<\/p>\n<ul>\n<li value=\"1\">fragancia frutal y amaderada con notas de fondo de \u00e1mbar gris<\/li>\n<li value=\"2\">un equilibrio perfecto entre frescor, elegancia y sensualidad<\/li>\n<li value=\"3\">unisex<\/li>\n<\/ul>\n<p dir=\"ltr\"><strong>Composici\u00f3n de la fragancia:<\/strong><br \/>La fragancia te envolver\u00e1 con una combinaci\u00f3n fresca de jugosa mandarina, pi\u00f1a dulce y manzana Granny Smith. A continuaci\u00f3n, surgen unas notas m\u00e1s profundas de madera de cedro, musgo de roble y suave vainilla que aportan una capa sofisticada a la composici\u00f3n. El cierre se compone de caramelo, acordes secos y amaderados, \u00e1mbar gris y sensual almizcle.<\/p>\n<h4>Pir\u00e1mide olfativa<\/h4>\n<ul>\n<li><strong>Notas de entrada:<\/strong> mandarina, pi\u00f1a, manzana Granny Smith<\/li>\n<li><strong>Notas de coraz\u00f3n:<\/strong> madera de cedro, musgo de roble, vainilla<\/li>\n<li><strong>Notas de salida:<\/strong> caramelo, notas de madera seca, \u00e1mbar gris, almizcle<\/li>\n<\/ul>","protected":false},"excerpt":{"rendered":"<p>\u00bfEres rebelde? El eau de parfum Afnan 9 PM Rebel romper\u00e1 todas las reglas. Combina acordes frutales, amaderados y de \u00e1mbar de primera calidad, dando lugar a una composici\u00f3n juvenil y elegante que atraer\u00e1 a todo el mundo independientemente de su sexo. fragancia frutal y amaderada con notas de fondo de \u00e1mbar gris un equilibrio [&hellip;]<\/p>\n","protected":false},"featured_media":756,"comment_status":"open","ping_status":"closed","template":"","meta":[],"product_brand":[119],"product_cat":[225],"product_tag":[59,64,60,46,99,100,61,62,101,63],"class_list":{"0":"post-757","1":"product","2":"type-product","3":"status-publish","4":"has-post-thumbnail","6":"product_brand-afnan","7":"product_cat-perfumes-y-fragancias","8":"product_tag-almizcle","9":"product_tag-ambar-gris","10":"product_tag-caramelo","11":"product_tag-madera-de-cedro","12":"product_tag-mandarina","13":"product_tag-manzana-granny-smith","14":"product_tag-musgo-de-roble","15":"product_tag-notas-de-madera-seca","16":"product_tag-pina","17":"product_tag-vainilla","19":"first","20":"outofstock","21":"taxable","22":"shipping-taxable","23":"product-type-simple"},"_links":{"self":[{"href":"https:\/\/novaluxeurope.com\/en\/wp-json\/wp\/v2\/product\/757","targetHints":{"allow":["GET"]}}],"collection":[{"href":"https:\/\/novaluxeurope.com\/en\/wp-json\/wp\/v2\/product"}],"about":[{"href":"https:\/\/novaluxeurope.com\/en\/wp-json\/wp\/v2\/types\/product"}],"replies":[{"embeddable":true,"href":"https:\/\/novaluxeurope.com\/en\/wp-json\/wp\/v2\/comments?post=757"}],"wp:featuredmedia":[{"embeddable":true,"href":"https:\/\/novaluxeurope.com\/en\/wp-json\/wp\/v2\/media\/756"}],"wp:attachment":[{"href":"https:\/\/novaluxeurope.com\/en\/wp-json\/wp\/v2\/media?parent=757"}],"wp:term":[{"taxonomy":"product_brand","embeddable":true,"href":"https:\/\/novaluxeurope.com\/en\/wp-json\/wp\/v2\/product_brand?post=757"},{"taxonomy":"product_cat","embeddable":true,"href":"https:\/\/novaluxeurope.com\/en\/wp-json\/wp\/v2\/product_cat?post=757"},{"taxonomy":"product_tag","embeddable":true,"href":"https:\/\/novaluxeurope.com\/en\/wp-json\/wp\/v2\/product_tag?post=757"}],"curies":[{"name":"wp","href":"https:\/\/api.w.org\/{rel}","templated":true}]}}