{"id":753,"date":"2026-03-26T20:43:11","date_gmt":"2026-03-26T20:43:11","guid":{"rendered":"https:\/\/novaluxeurope.com\/producto\/afnan-9-pm-pour-femme\/"},"modified":"2026-05-04T12:01:24","modified_gmt":"2026-05-04T12:01:24","slug":"afnan-9-pm-pour-femme","status":"publish","type":"product","link":"https:\/\/novaluxeurope.com\/en\/product\/afnan-9-pm-pour-femme\/","title":{"rendered":"Afnan 9 PM Pour Femme"},"content":{"rendered":"<p>Disfruta de una fragancia con la que no pasar\u00e1s desapercibida en ning\u00fan evento. El eau de parfum para mujer Afnan 9 PM Pour Femme es la materializaci\u00f3n del lujo y la exclusividad. Su sofisticada composici\u00f3n arom\u00e1tica deleitar\u00e1 hasta a las personas m\u00e1s exigentes.<\/p>\n<ul>\n<li>fragancia floral<\/li>\n<li>fragancia oriental<\/li>\n<li>fragancia amaderada<\/li>\n<\/ul>\n<h4>Pir\u00e1mide olfativa<\/h4>\n<ul>\n<li><strong>Notas de entrada:<\/strong> frambuesa, manzana, violeta, naranja<\/li>\n<li><strong>Notas de coraz\u00f3n:<\/strong> rosa, peon\u00eda, iris, jazm\u00edn<\/li>\n<li><strong>Notas de salida:<\/strong> cedro, cipr\u00e9s, pino, \u00e1mbar<\/li>\n<\/ul>","protected":false},"excerpt":{"rendered":"<p>Disfruta de una fragancia con la que no pasar\u00e1s desapercibida en ning\u00fan evento. El eau de parfum para mujer Afnan 9 PM Pour Femme es la materializaci\u00f3n del lujo y la exclusividad. Su sofisticada composici\u00f3n arom\u00e1tica deleitar\u00e1 hasta a las personas m\u00e1s exigentes. fragancia floral fragancia oriental fragancia amaderada Pir\u00e1mide olfativa Notas de entrada: frambuesa, [&hellip;]<\/p>\n","protected":false},"featured_media":752,"comment_status":"open","ping_status":"closed","template":"","meta":[],"product_brand":[119],"product_cat":[225],"product_tag":[52,53,54,97,55,56,88,98,57,58,49,51],"class_list":{"0":"post-753","1":"product","2":"type-product","3":"status-publish","4":"has-post-thumbnail","6":"product_brand-afnan","7":"product_cat-perfumes-y-fragancias","8":"product_tag-ambar","9":"product_tag-cedro","10":"product_tag-cipres","11":"product_tag-frambuesa","12":"product_tag-iris","13":"product_tag-jazmin","14":"product_tag-manzana","15":"product_tag-naranja","16":"product_tag-peonia","17":"product_tag-pino","18":"product_tag-rosa","19":"product_tag-violeta","21":"first","22":"instock","23":"taxable","24":"shipping-taxable","25":"product-type-simple"},"_links":{"self":[{"href":"https:\/\/novaluxeurope.com\/en\/wp-json\/wp\/v2\/product\/753","targetHints":{"allow":["GET"]}}],"collection":[{"href":"https:\/\/novaluxeurope.com\/en\/wp-json\/wp\/v2\/product"}],"about":[{"href":"https:\/\/novaluxeurope.com\/en\/wp-json\/wp\/v2\/types\/product"}],"replies":[{"embeddable":true,"href":"https:\/\/novaluxeurope.com\/en\/wp-json\/wp\/v2\/comments?post=753"}],"wp:featuredmedia":[{"embeddable":true,"href":"https:\/\/novaluxeurope.com\/en\/wp-json\/wp\/v2\/media\/752"}],"wp:attachment":[{"href":"https:\/\/novaluxeurope.com\/en\/wp-json\/wp\/v2\/media?parent=753"}],"wp:term":[{"taxonomy":"product_brand","embeddable":true,"href":"https:\/\/novaluxeurope.com\/en\/wp-json\/wp\/v2\/product_brand?post=753"},{"taxonomy":"product_cat","embeddable":true,"href":"https:\/\/novaluxeurope.com\/en\/wp-json\/wp\/v2\/product_cat?post=753"},{"taxonomy":"product_tag","embeddable":true,"href":"https:\/\/novaluxeurope.com\/en\/wp-json\/wp\/v2\/product_tag?post=753"}],"curies":[{"name":"wp","href":"https:\/\/api.w.org\/{rel}","templated":true}]}}