{"id":747,"date":"2026-03-26T20:43:04","date_gmt":"2026-03-26T20:43:04","guid":{"rendered":"https:\/\/novaluxeurope.com\/producto\/afnan-rare-carbon\/"},"modified":"2026-05-11T05:15:05","modified_gmt":"2026-05-11T05:15:05","slug":"afnan-rare-carbon","status":"publish","type":"product","link":"https:\/\/novaluxeurope.com\/en\/product\/afnan-rare-carbon\/","title":{"rendered":"Afnan Rare Carbon"},"content":{"rendered":"<p><strong>La armoniosa fragancia de la libertad<\/strong><\/p>\n<p>El eau de parfum para hombre Afnan Rare Carbon te ofrece una liberaci\u00f3n total de las preocupaciones cotidianas. Esta fragancia especiada de cuero y matizada con acordes florales y amaderados despertar\u00e1 en ti una fuerza insospechada y un valor inquebrantable. Est\u00e1s a un paso del \u00e9xito.<\/p>\n<ul>\n<li>fragancia de cuero con notas amaderadas<\/li>\n<li>fragancia adecuada para la noche y especialmente para los d\u00edas m\u00e1s fr\u00edos<\/li>\n<li>eau de parfum del a\u00f1o 2020<\/li>\n<\/ul>\n<p> <strong>Composici\u00f3n de la fragancia:<\/strong><br \/>Las notas de salida de cuero se mezclan con una combinaci\u00f3n dulce y picante de nuez moscada, canela y frescas hojas de violeta. En las notas de coraz\u00f3n de la fragancia se entremezclan armoniosamente unos tiernos acordes florales de rosa y violeta con el opulento aroma de las maderas de cedro y agar. Por \u00faltimo se une a ellos una rica brisa oriental de madera de s\u00e1ndalo junto con el terroso vetiver y el c\u00e1lido \u00e1mbar gris.<\/p>\n<p> <strong>Historia de la fragancia:<\/strong><br \/>La fuerza del eau de parfum para hombre Afnan Rare Carbon reside en la armon\u00eda de sus ingredientes, cuya combinaci\u00f3n perfecta aporta a quien la lleva elegancia, carisma y una calma prudente. La impresi\u00f3n general se completa con el frasco sencillo y elegante y el refinado tap\u00f3n plateado.<\/p>\n<h4>Pir\u00e1mide olfativa<\/h4>\n<ul>\n<li><strong>Notas de entrada:<\/strong> cuero, p\u00e9talo de violeta, canela, nuez moscada<\/li>\n<li><strong>Notas de coraz\u00f3n:<\/strong> rosa, violeta, madera de cedro, oud<\/li>\n<li><strong>Notas de salida:<\/strong> vetiver, madera de s\u00e1ndalo, \u00e1mbar<\/li>\n<\/ul>","protected":false},"excerpt":{"rendered":"<p>La armoniosa fragancia de la libertad El eau de parfum para hombre Afnan Rare Carbon te ofrece una liberaci\u00f3n total de las preocupaciones cotidianas. Esta fragancia especiada de cuero y matizada con acordes florales y amaderados despertar\u00e1 en ti una fuerza insospechada y un valor inquebrantable. Est\u00e1s a un paso del \u00e9xito. fragancia de cuero [&hellip;]<\/p>\n","protected":false},"featured_media":746,"comment_status":"open","ping_status":"closed","template":"","meta":[],"product_brand":[119],"product_cat":[225],"product_tag":[52,94,69,46,47,95,48,96,49,50,51],"class_list":{"0":"post-747","1":"product","2":"type-product","3":"status-publish","4":"has-post-thumbnail","6":"product_brand-afnan","7":"product_cat-perfumes-y-fragancias","8":"product_tag-ambar","9":"product_tag-canela","10":"product_tag-cuero","11":"product_tag-madera-de-cedro","12":"product_tag-madera-de-sandalo","13":"product_tag-nuez-moscada","14":"product_tag-oud","15":"product_tag-petalo-de-violeta","16":"product_tag-rosa","17":"product_tag-vetiver","18":"product_tag-violeta","20":"first","21":"instock","22":"taxable","23":"shipping-taxable","24":"product-type-simple"},"_links":{"self":[{"href":"https:\/\/novaluxeurope.com\/en\/wp-json\/wp\/v2\/product\/747","targetHints":{"allow":["GET"]}}],"collection":[{"href":"https:\/\/novaluxeurope.com\/en\/wp-json\/wp\/v2\/product"}],"about":[{"href":"https:\/\/novaluxeurope.com\/en\/wp-json\/wp\/v2\/types\/product"}],"replies":[{"embeddable":true,"href":"https:\/\/novaluxeurope.com\/en\/wp-json\/wp\/v2\/comments?post=747"}],"wp:featuredmedia":[{"embeddable":true,"href":"https:\/\/novaluxeurope.com\/en\/wp-json\/wp\/v2\/media\/746"}],"wp:attachment":[{"href":"https:\/\/novaluxeurope.com\/en\/wp-json\/wp\/v2\/media?parent=747"}],"wp:term":[{"taxonomy":"product_brand","embeddable":true,"href":"https:\/\/novaluxeurope.com\/en\/wp-json\/wp\/v2\/product_brand?post=747"},{"taxonomy":"product_cat","embeddable":true,"href":"https:\/\/novaluxeurope.com\/en\/wp-json\/wp\/v2\/product_cat?post=747"},{"taxonomy":"product_tag","embeddable":true,"href":"https:\/\/novaluxeurope.com\/en\/wp-json\/wp\/v2\/product_tag?post=747"}],"curies":[{"name":"wp","href":"https:\/\/api.w.org\/{rel}","templated":true}]}}