{"id":5895,"date":"2026-05-07T19:18:00","date_gmt":"2026-05-07T19:18:00","guid":{"rendered":"https:\/\/novaluxeurope.com\/producto\/haramain-noora-12-ml\/"},"modified":"2026-05-07T19:34:05","modified_gmt":"2026-05-07T19:34:05","slug":"haramain-noora-12-ml","status":"publish","type":"product","link":"https:\/\/novaluxeurope.com\/en\/product\/haramain-noora-12-ml\/","title":{"rendered":"HARAMAIN NOORA 12 ML"},"content":{"rendered":"<p>Experimente la exquisita mezcla de lujo y sofisticaci\u00f3n con el aceite de perfume Noora de Al Haramain. Esta fragancia unisex, meticulosamente elaborada por la renombrada casa de dise\u00f1o Al Haramain, es perfecta para cualquiera que busque un aroma distintivo y memorable. Esta fragancia se abre con una mezcla brillante y floral de ylang-ylang, rosa, jazm\u00edn, naranja, bergamota y notas verdes, creando una introducci\u00f3n fresca, vibrante y ligeramente c\u00edtrica. El coraz\u00f3n revela una rica combinaci\u00f3n de elementos de jazm\u00edn, amaderados y afrutados, que a\u00f1aden una complejidad profunda y sensual. Las notas de fondo de s\u00e1ndalo, gourmand y almizcle proporcionan un acabado c\u00e1lido, cremoso y suave, creando un aroma suave y acogedor. Esta fragancia es perfecta para quienes disfrutan de una sofisticada mezcla de notas florales, afrutadas y amaderadas con un toque de dulzura. Este aceite de perfume se presenta en un c\u00f3modo envase de 12 ml, perfecto para llevar encima. Su mezcla \u00fanica de notas lo hace adecuado para cualquier ocasi\u00f3n, tanto si se dirige a un evento formal como a una salida informal. El aceite de perfume Noora de Al Haramain es una fragancia verdaderamente universal, dise\u00f1ada para atraer tanto a hombres como a mujeres. Su composici\u00f3n compleja y armoniosa lo convierte en un perfume vers\u00e1til y atemporal. NOTAS DE PERFUME Nota de salida: Ylang Ylang, Rosa, Jazm\u00edn, Naranja, Bergamota, Notas verdes Nota media: Jazm\u00edn, Amaderado, Afrutado Nota de fondo: S\u00e1ndalo, Gourmand, Almizcle<\/p>\n<h4>Pir\u00e1mide olfativa<\/h4>\n<ul>\n<li><strong>Notas de entrada:<\/strong> Ylang Ylang, Rosa, Jazm\u00edn, Naranja, Bergamota, Notas verdes<\/li>\n<li><strong>Notas de coraz\u00f3n:<\/strong> Jazm\u00edn, Woody, Afrutado<\/li>\n<li><strong>Notas de salida:<\/strong> S\u00e1ndalo, Gourmand, Almizcle<\/li>\n<\/ul>","protected":false},"excerpt":{"rendered":"<p>Experimente la exquisita mezcla de lujo y sofisticaci\u00f3n con el aceite de perfume Noora de Al Haramain. Esta fragancia unisex, meticulosamente elaborada por la renombrada casa de dise\u00f1o Al Haramain, es perfecta para cualquiera que busque un aroma distintivo y memorable. Esta fragancia se abre con una mezcla brillante y floral de ylang-ylang, rosa, jazm\u00edn, [&hellip;]<\/p>\n","protected":false},"featured_media":5894,"comment_status":"open","ping_status":"closed","template":"","meta":[],"product_brand":[718],"product_cat":[225],"product_tag":[480,59,102,548,56,98,581,49,174,232,149],"class_list":{"0":"post-5895","1":"product","2":"type-product","3":"status-publish","4":"has-post-thumbnail","6":"product_brand-al-haramain","7":"product_cat-perfumes-y-fragancias","8":"product_tag-afrutado","9":"product_tag-almizcle","10":"product_tag-bergamota","11":"product_tag-gourmand","12":"product_tag-jazmin","13":"product_tag-naranja","14":"product_tag-notas-verdes","15":"product_tag-rosa","16":"product_tag-sandalo","17":"product_tag-woody","18":"product_tag-ylang-ylang","20":"first","21":"outofstock","22":"taxable","23":"shipping-taxable","24":"product-type-simple"},"_links":{"self":[{"href":"https:\/\/novaluxeurope.com\/en\/wp-json\/wp\/v2\/product\/5895","targetHints":{"allow":["GET"]}}],"collection":[{"href":"https:\/\/novaluxeurope.com\/en\/wp-json\/wp\/v2\/product"}],"about":[{"href":"https:\/\/novaluxeurope.com\/en\/wp-json\/wp\/v2\/types\/product"}],"replies":[{"embeddable":true,"href":"https:\/\/novaluxeurope.com\/en\/wp-json\/wp\/v2\/comments?post=5895"}],"wp:featuredmedia":[{"embeddable":true,"href":"https:\/\/novaluxeurope.com\/en\/wp-json\/wp\/v2\/media\/5894"}],"wp:attachment":[{"href":"https:\/\/novaluxeurope.com\/en\/wp-json\/wp\/v2\/media?parent=5895"}],"wp:term":[{"taxonomy":"product_brand","embeddable":true,"href":"https:\/\/novaluxeurope.com\/en\/wp-json\/wp\/v2\/product_brand?post=5895"},{"taxonomy":"product_cat","embeddable":true,"href":"https:\/\/novaluxeurope.com\/en\/wp-json\/wp\/v2\/product_cat?post=5895"},{"taxonomy":"product_tag","embeddable":true,"href":"https:\/\/novaluxeurope.com\/en\/wp-json\/wp\/v2\/product_tag?post=5895"}],"curies":[{"name":"wp","href":"https:\/\/api.w.org\/{rel}","templated":true}]}}