{"id":5888,"date":"2026-05-07T19:17:58","date_gmt":"2026-05-07T19:17:58","guid":{"rendered":"https:\/\/novaluxeurope.com\/producto\/haramain-mystique-femme-spray-100-ml\/"},"modified":"2026-05-07T19:34:05","modified_gmt":"2026-05-07T19:34:05","slug":"haramain-mystique-femme-spray-100-ml","status":"publish","type":"product","link":"https:\/\/novaluxeurope.com\/en\/product\/haramain-mystique-femme-spray-100-ml\/","title":{"rendered":"HARAMAIN MYSTIQUE FEMME SPRAY 100 ML"},"content":{"rendered":"<p>Un misterio por desvelar. Mystique Femme de Al Haramain es una fragancia fresca y afrutada para mujer. Esta fragancia se abre con una vibrante mezcla de manzana roja, esencia de rosa, brote de grosella negra y mandarina, que ofrece una introducci\u00f3n fresca, afrutada y ligeramente floral. El coraz\u00f3n se despliega con una hermosa combinaci\u00f3n de rosa, azahar, higo y jazm\u00edn, que a\u00f1ade una profundidad rica, floral y dulce. Las notas de fondo de pachul\u00ed, lirio, ambroxan, styrax y vainilla proporcionan un acabado c\u00e1lido, terroso y cremoso, creando un aroma lujoso y sensual. Esta fragancia es perfecta para quienes disfrutan de una armoniosa mezcla de elementos afrutados, florales y c\u00e1lidos y terrosos. Junto con esta hermosa fragancia, incluso sus haza\u00f1as minimalistas pero sinceras har\u00e1n que el p\u00fablico de todo el mundo le apoye. NOTAS DE PERFUME Notas de salida: Manzana roja, Esencia de rosa, Capullo de grosella negra, Mandarina Notas medias: Rosa, Azahar, Higo, Jazm\u00edn Notas de Fondo: Pachul\u00ed, Lirio, Ambroxan, Estireno, Vainilla<\/p>\n<h4>Pir\u00e1mide olfativa<\/h4>\n<ul>\n<li><strong>Notas de entrada:<\/strong> Manzana roja, Esencia de rosa, Capullo de grosella negra, Mandar\u00edn<\/li>\n<li><strong>Notas de coraz\u00f3n:<\/strong> Rosa, Azahar, Figura, Jazm\u00edn<\/li>\n<li><strong>Notas de salida:<\/strong> Pachul\u00ed, Orris, Ambroxan, Styrax, Vainilla<\/li>\n<\/ul>","protected":false},"excerpt":{"rendered":"<p>Un misterio por desvelar. Mystique Femme de Al Haramain es una fragancia fresca y afrutada para mujer. Esta fragancia se abre con una vibrante mezcla de manzana roja, esencia de rosa, brote de grosella negra y mandarina, que ofrece una introducci\u00f3n fresca, afrutada y ligeramente floral. El coraz\u00f3n se despliega con una hermosa combinaci\u00f3n de [&hellip;]<\/p>\n","protected":false},"featured_media":5887,"comment_status":"open","ping_status":"closed","template":"","meta":[],"product_brand":[718],"product_cat":[225],"product_tag":[76,353,746,747,172,56,122,748,266,67,49,156,63],"class_list":{"0":"post-5888","1":"product","2":"type-product","3":"status-publish","4":"has-post-thumbnail","6":"product_brand-al-haramain","7":"product_cat-perfumes-y-fragancias","8":"product_tag-ambroxan","9":"product_tag-azahar","10":"product_tag-capullo-de-grosella-negra","11":"product_tag-esencia-de-rosa","12":"product_tag-figura","13":"product_tag-jazmin","14":"product_tag-mandarin","15":"product_tag-manzana-roja","16":"product_tag-orris","17":"product_tag-pachuli","18":"product_tag-rosa","19":"product_tag-styrax","20":"product_tag-vainilla","22":"first","23":"outofstock","24":"taxable","25":"shipping-taxable","26":"product-type-simple"},"_links":{"self":[{"href":"https:\/\/novaluxeurope.com\/en\/wp-json\/wp\/v2\/product\/5888","targetHints":{"allow":["GET"]}}],"collection":[{"href":"https:\/\/novaluxeurope.com\/en\/wp-json\/wp\/v2\/product"}],"about":[{"href":"https:\/\/novaluxeurope.com\/en\/wp-json\/wp\/v2\/types\/product"}],"replies":[{"embeddable":true,"href":"https:\/\/novaluxeurope.com\/en\/wp-json\/wp\/v2\/comments?post=5888"}],"wp:featuredmedia":[{"embeddable":true,"href":"https:\/\/novaluxeurope.com\/en\/wp-json\/wp\/v2\/media\/5887"}],"wp:attachment":[{"href":"https:\/\/novaluxeurope.com\/en\/wp-json\/wp\/v2\/media?parent=5888"}],"wp:term":[{"taxonomy":"product_brand","embeddable":true,"href":"https:\/\/novaluxeurope.com\/en\/wp-json\/wp\/v2\/product_brand?post=5888"},{"taxonomy":"product_cat","embeddable":true,"href":"https:\/\/novaluxeurope.com\/en\/wp-json\/wp\/v2\/product_cat?post=5888"},{"taxonomy":"product_tag","embeddable":true,"href":"https:\/\/novaluxeurope.com\/en\/wp-json\/wp\/v2\/product_tag?post=5888"}],"curies":[{"name":"wp","href":"https:\/\/api.w.org\/{rel}","templated":true}]}}