{"id":5881,"date":"2026-05-07T19:17:56","date_gmt":"2026-05-07T19:17:56","guid":{"rendered":"https:\/\/novaluxeurope.com\/producto\/haramain-musk-al-haramain-12-ml\/"},"modified":"2026-05-07T19:21:06","modified_gmt":"2026-05-07T19:21:06","slug":"haramain-musk-al-haramain-12-ml","status":"publish","type":"product","link":"https:\/\/novaluxeurope.com\/en\/product\/haramain-musk-al-haramain-12-ml\/","title":{"rendered":"HARAMAIN Musk Al Haramain 12 ML"},"content":{"rendered":"<p>Presentamos la \u00faltima joya de la casa de dise\u00f1o Al Haramain, el Aceite de Perfume de Almizcle. Lanzada en 2021, esta sensacional fragancia ha sido meticulosamente elaborada para el individuo moderno que aprecia un toque de elegancia y sofisticaci\u00f3n. Su mezcla \u00fanica de notas crea una experiencia arom\u00e1tica que es dif\u00edcil de olvidar y f\u00e1cil de amar, por lo que es una adici\u00f3n significativa a su colecci\u00f3n de fragancias. Las notas de salida de este aceite de perfume se componen de notas afrutadas, que proporcionan una apertura dulce y tentadora a esta experiencia de fragancia \u00fanica. Las notas de coraz\u00f3n, compuestas de violeta, lirio de los valles y rosa, aportan un toque tierno y floral a la fragancia. Las notas de fondo de almizcle, madera de cedro, vainilla y \u00e1mbar proporcionan un acabado c\u00e1lido y reconfortante, dejando un aroma persistente que es a la vez seductor y cautivador. El Aceite de Perfume de Almizcle de Al Haramain se presenta en un tama\u00f1o compacto de 12 ml, lo que lo convierte en el compa\u00f1ero perfecto para quienes est\u00e1n siempre en movimiento. Una peque\u00f1a cantidad de este potente aceite perfumado le permitir\u00e1 oler divinamente durante todo el d\u00eda. Su f\u00f3rmula unisex lo convierte en una excelente elecci\u00f3n tanto para hombres como para mujeres, ofreciendo una versatilidad que rara vez se encuentra en el mundo de las fragancias. El aceite de almizcle Al Haramain es m\u00e1s que una fragancia: es una declaraci\u00f3n de estilo, un testimonio de buen gusto y un s\u00edmbolo de individualidad. Su c\u00f3digo de barras, 6291100130801, garantiza su autenticidad, asegur\u00e1ndole que recibe el producto genuino. Abrace el encantador aroma del Aceite de Perfume de Almizcle y deje que sus sentidos se deleiten con su divina fragancia. NOTAS DE PERFUME Notas altas: Notas afrutadas Notas medias: Violeta, Lirio de los valles, Rosa Notas de fondo: Almizcle, Cedro, Vainilla, \u00c1mbar<\/p>\n<h4>Pir\u00e1mide olfativa<\/h4>\n<ul>\n<li><strong>Notas de entrada:<\/strong> Notas afrutadas<\/li>\n<li><strong>Notas de coraz\u00f3n:<\/strong> Violeta, Lirio de los valles, Rosa<\/li>\n<li><strong>Notas de salida:<\/strong> Almizcle, Madera de cedro, Vainilla, \u00c1mbar<\/li>\n<\/ul>","protected":false},"excerpt":{"rendered":"<p>Presentamos la \u00faltima joya de la casa de dise\u00f1o Al Haramain, el Aceite de Perfume de Almizcle. Lanzada en 2021, esta sensacional fragancia ha sido meticulosamente elaborada para el individuo moderno que aprecia un toque de elegancia y sofisticaci\u00f3n. Su mezcla \u00fanica de notas crea una experiencia arom\u00e1tica que es dif\u00edcil de olvidar y f\u00e1cil [&hellip;]<\/p>\n","protected":false},"featured_media":5880,"comment_status":"open","ping_status":"closed","template":"","meta":[],"product_brand":[718],"product_cat":[225],"product_tag":[59,52,85,46,514,49,63,51],"class_list":{"0":"post-5881","1":"product","2":"type-product","3":"status-publish","4":"has-post-thumbnail","6":"product_brand-al-haramain","7":"product_cat-perfumes-y-fragancias","8":"product_tag-almizcle","9":"product_tag-ambar","10":"product_tag-lirio-de-los-valles","11":"product_tag-madera-de-cedro","12":"product_tag-notas-afrutadas","13":"product_tag-rosa","14":"product_tag-vainilla","15":"product_tag-violeta","17":"first","18":"outofstock","19":"taxable","20":"shipping-taxable","21":"product-type-simple"},"_links":{"self":[{"href":"https:\/\/novaluxeurope.com\/en\/wp-json\/wp\/v2\/product\/5881","targetHints":{"allow":["GET"]}}],"collection":[{"href":"https:\/\/novaluxeurope.com\/en\/wp-json\/wp\/v2\/product"}],"about":[{"href":"https:\/\/novaluxeurope.com\/en\/wp-json\/wp\/v2\/types\/product"}],"replies":[{"embeddable":true,"href":"https:\/\/novaluxeurope.com\/en\/wp-json\/wp\/v2\/comments?post=5881"}],"wp:featuredmedia":[{"embeddable":true,"href":"https:\/\/novaluxeurope.com\/en\/wp-json\/wp\/v2\/media\/5880"}],"wp:attachment":[{"href":"https:\/\/novaluxeurope.com\/en\/wp-json\/wp\/v2\/media?parent=5881"}],"wp:term":[{"taxonomy":"product_brand","embeddable":true,"href":"https:\/\/novaluxeurope.com\/en\/wp-json\/wp\/v2\/product_brand?post=5881"},{"taxonomy":"product_cat","embeddable":true,"href":"https:\/\/novaluxeurope.com\/en\/wp-json\/wp\/v2\/product_cat?post=5881"},{"taxonomy":"product_tag","embeddable":true,"href":"https:\/\/novaluxeurope.com\/en\/wp-json\/wp\/v2\/product_tag?post=5881"}],"curies":[{"name":"wp","href":"https:\/\/api.w.org\/{rel}","templated":true}]}}