{"id":5867,"date":"2026-05-07T19:17:52","date_gmt":"2026-05-07T19:17:52","guid":{"rendered":"https:\/\/novaluxeurope.com\/producto\/haramain-amira-12-ml\/"},"modified":"2026-05-07T19:21:06","modified_gmt":"2026-05-07T19:21:06","slug":"haramain-amira-12-ml","status":"publish","type":"product","link":"https:\/\/novaluxeurope.com\/en\/product\/haramain-amira-12-ml\/","title":{"rendered":"HARAMAIN AMIRA 12 ML"},"content":{"rendered":"<p>El Aceite de Perfume Concentrado (CPO) Al Haramain Amira es una lujosa fragancia que ofrece un equilibrio perfecto de notas c\u00e1lidas, frescas y florales. Esta fragancia se abre con una mezcla vibrante y refrescante de bergamota, naranja, lima, lavanda, aldeh\u00eddo, mango, ciruela, ylang-ylang y geranio , ofreciendo una introducci\u00f3n viva, c\u00edtrica y ligeramente floral. El coraz\u00f3n se despliega con una rica combinaci\u00f3n de rosa, geranio, lirio, jazm\u00edn, ylang-ylang y \u00e1mbar, creando un bouquet profundo, floral y c\u00e1lido. Las notas de fondo de madera de cedro, pachul\u00ed, \u00e1mbar, almizcle, vainilla, gurjum, b\u00e1lsamo, s\u00e1ndalo y elementos resinosos proporcionan un acabado c\u00e1lido, amaderado y terroso, dejando una impresi\u00f3n duradera y lujosa. Esta fragancia es perfecta para quienes disfrutan de una mezcla compleja y equilibrada de notas frescas, florales y amaderadas. Frasco dorado de elegante dise\u00f1o, adornado con piedras, este aceite de perfume es para quienes aprecian la elegancia y la exclusividad. Al Haramain Amira Gold es la elecci\u00f3n ideal para quienes buscan un aroma opulento y encantador. Haramain Amira 12 ml viene con un gran aroma y la perfecci\u00f3n de un perfume bien equilibrado que satisfar\u00e1 todas las necesidades del usuario que quiere m\u00e1s de lo que el usuario ordinario necesita con la vida. NOTAS DE PERFUME Notas de salida: Bergamota, Naranja, Lima, Lavanda, Aldeh\u00eddo, Mango, Ciruela, Ylang-Ylang, Geranio Notas medias: Rosa, Geranio, Orris, Jazm\u00edn, Ylang-Ylang, \u00c1mbar Notas de Fondo: Cedro, Pachul\u00ed, \u00c1mbar, Almizcle, Vainilla, Gurjum, B\u00e1lsamo, S\u00e1ndalo, Resinoso<\/p>\n<h4>Pir\u00e1mide olfativa<\/h4>\n<ul>\n<li><strong>Notas de entrada:<\/strong> Bergamota, Naranja, Cal, Lavanda, Aldeh\u00eddo, Mango, Ciruela, Ylang-Ylang, Geranio<\/li>\n<li><strong>Notas de coraz\u00f3n:<\/strong> Rosa, Geranio, Orris, Jazm\u00edn, Ylang-Ylang, \u00c1mbar<\/li>\n<li><strong>Notas de salida:<\/strong> Madera de cedro, Pachul\u00ed, \u00c1mbar, Almizcle, Vainilla, Gurjum, B\u00e1lsamo, S\u00e1ndalo, Resinoso<\/li>\n<\/ul>","protected":false},"excerpt":{"rendered":"<p>El Aceite de Perfume Concentrado (CPO) Al Haramain Amira es una lujosa fragancia que ofrece un equilibrio perfecto de notas c\u00e1lidas, frescas y florales. Esta fragancia se abre con una mezcla vibrante y refrescante de bergamota, naranja, lima, lavanda, aldeh\u00eddo, mango, ciruela, ylang-ylang y geranio , ofreciendo una introducci\u00f3n viva, c\u00edtrica y ligeramente floral. El [&hellip;]<\/p>\n","protected":false},"featured_media":5866,"comment_status":"open","ping_status":"closed","template":"","meta":[],"product_brand":[718],"product_cat":[225],"product_tag":[743,59,52,468,102,477,198,131,744,56,73,46,190,98,266,67,745,49,174,63,149],"class_list":{"0":"post-5867","1":"product","2":"type-product","3":"status-publish","4":"has-post-thumbnail","6":"product_brand-al-haramain","7":"product_cat-perfumes-y-fragancias","8":"product_tag-aldehido","9":"product_tag-almizcle","10":"product_tag-ambar","11":"product_tag-balsamo","12":"product_tag-bergamota","13":"product_tag-cal","14":"product_tag-ciruela","15":"product_tag-geranio","16":"product_tag-gurjum","17":"product_tag-jazmin","18":"product_tag-lavanda","19":"product_tag-madera-de-cedro","20":"product_tag-mango","21":"product_tag-naranja","22":"product_tag-orris","23":"product_tag-pachuli","24":"product_tag-resinoso","25":"product_tag-rosa","26":"product_tag-sandalo","27":"product_tag-vainilla","28":"product_tag-ylang-ylang","30":"first","31":"outofstock","32":"taxable","33":"shipping-taxable","34":"product-type-simple"},"_links":{"self":[{"href":"https:\/\/novaluxeurope.com\/en\/wp-json\/wp\/v2\/product\/5867","targetHints":{"allow":["GET"]}}],"collection":[{"href":"https:\/\/novaluxeurope.com\/en\/wp-json\/wp\/v2\/product"}],"about":[{"href":"https:\/\/novaluxeurope.com\/en\/wp-json\/wp\/v2\/types\/product"}],"replies":[{"embeddable":true,"href":"https:\/\/novaluxeurope.com\/en\/wp-json\/wp\/v2\/comments?post=5867"}],"wp:featuredmedia":[{"embeddable":true,"href":"https:\/\/novaluxeurope.com\/en\/wp-json\/wp\/v2\/media\/5866"}],"wp:attachment":[{"href":"https:\/\/novaluxeurope.com\/en\/wp-json\/wp\/v2\/media?parent=5867"}],"wp:term":[{"taxonomy":"product_brand","embeddable":true,"href":"https:\/\/novaluxeurope.com\/en\/wp-json\/wp\/v2\/product_brand?post=5867"},{"taxonomy":"product_cat","embeddable":true,"href":"https:\/\/novaluxeurope.com\/en\/wp-json\/wp\/v2\/product_cat?post=5867"},{"taxonomy":"product_tag","embeddable":true,"href":"https:\/\/novaluxeurope.com\/en\/wp-json\/wp\/v2\/product_tag?post=5867"}],"curies":[{"name":"wp","href":"https:\/\/api.w.org\/{rel}","templated":true}]}}