{"id":5857,"date":"2026-05-07T19:17:49","date_gmt":"2026-05-07T19:17:49","guid":{"rendered":"https:\/\/novaluxeurope.com\/producto\/haramain-amber-oud-spray-60-ml\/"},"modified":"2026-05-07T19:21:06","modified_gmt":"2026-05-07T19:21:06","slug":"haramain-amber-oud-spray-60-ml","status":"publish","type":"product","link":"https:\/\/novaluxeurope.com\/en\/product\/haramain-amber-oud-spray-60-ml\/","title":{"rendered":"HARAMAIN AMBER OUD SPRAY 60 ML"},"content":{"rendered":"<p>Descubre el encantador encanto de Amber Oud de Al Haramain , una fragancia unisex que captura la esencia del lujo de Oriente Medio. Lanzada en 2018, esta exquisita fragancia pertenece a la familia olfativa Ambarina Amaderada , por lo que es una opci\u00f3n perfecta para aquellos que aprecian los aromas ricos, c\u00e1lidos y sofisticados. Las notas de salida de Amber Oud son una refrescante mezcla de romero, hojas de cedro, bergamota y lim\u00f3n , creando una apertura vigorizante que cautiva tus sentidos. A medida que el aroma se desarrolla, las notas de coraz\u00f3n revelan una armoniosa mezcla de especias, cedro y madera de guayaco, que a\u00f1aden profundidad y complejidad a la fragancia. Por \u00faltimo, las notas de fondo de resina, \u00e1mbar y almizcle proporcionan un final persistente y sensual que deja una impresi\u00f3n duradera. Elaborado por la renombrada casa de dise\u00f1o Al Haramain, con sede en los Emiratos \u00c1rabes Unidos, Amber Oud es un testimonio de la experiencia de la marca en la creaci\u00f3n de lujosas fragancias de Oriente Medio. Este Eau de Parfum (EDP) en spray se presenta en un c\u00f3modo tama\u00f1o de 60 ml, por lo que es perfecto para uso diario o para ocasiones especiales. Con su mezcla \u00fanica de notas y su sofisticado dise\u00f1o, Al Haramain Amber Oud es un complemento imprescindible en cualquier colecci\u00f3n de fragancias. Tanto si desea darse un capricho como si busca el regalo perfecto, esta fragancia unisex le encantar\u00e1 e impresionar\u00e1. NOTAS DE PERFUME Notas de salida: Romero, hojas de cedro, bergamota, lim\u00f3n Notas medias: Especias, Cedro, Madera de Guayaco Notas de Fondo: Resina, \u00c1mbar, Almizcle<\/p>\n<h4>Pir\u00e1mide olfativa<\/h4>\n<ul>\n<li><strong>Notas de entrada:<\/strong> Rosemary, Hojas de cedro, Bergamota, Lim\u00f3n<\/li>\n<li><strong>Notas de coraz\u00f3n:<\/strong> Especias, Madera de cedro, Madera de guayaco<\/li>\n<li><strong>Notas de salida:<\/strong> Resina, \u00c1mbar, Almizcle<\/li>\n<\/ul>","protected":false},"excerpt":{"rendered":"<p>Descubre el encantador encanto de Amber Oud de Al Haramain , una fragancia unisex que captura la esencia del lujo de Oriente Medio. Lanzada en 2018, esta exquisita fragancia pertenece a la familia olfativa Ambarina Amaderada , por lo que es una opci\u00f3n perfecta para aquellos que aprecian los aromas ricos, c\u00e1lidos y sofisticados. Las [&hellip;]<\/p>\n","protected":false},"featured_media":5856,"comment_status":"open","ping_status":"closed","template":"","meta":[],"product_brand":[718],"product_cat":[225],"product_tag":[59,52,102,374,741,140,46,147,488,463],"class_list":{"0":"post-5857","1":"product","2":"type-product","3":"status-publish","4":"has-post-thumbnail","6":"product_brand-al-haramain","7":"product_cat-perfumes-y-fragancias","8":"product_tag-almizcle","9":"product_tag-ambar","10":"product_tag-bergamota","11":"product_tag-especias","12":"product_tag-hojas-de-cedro","13":"product_tag-limon","14":"product_tag-madera-de-cedro","15":"product_tag-madera-de-guayaco","16":"product_tag-resina","17":"product_tag-rosemary","19":"first","20":"outofstock","21":"taxable","22":"shipping-taxable","23":"product-type-simple"},"_links":{"self":[{"href":"https:\/\/novaluxeurope.com\/en\/wp-json\/wp\/v2\/product\/5857","targetHints":{"allow":["GET"]}}],"collection":[{"href":"https:\/\/novaluxeurope.com\/en\/wp-json\/wp\/v2\/product"}],"about":[{"href":"https:\/\/novaluxeurope.com\/en\/wp-json\/wp\/v2\/types\/product"}],"replies":[{"embeddable":true,"href":"https:\/\/novaluxeurope.com\/en\/wp-json\/wp\/v2\/comments?post=5857"}],"wp:featuredmedia":[{"embeddable":true,"href":"https:\/\/novaluxeurope.com\/en\/wp-json\/wp\/v2\/media\/5856"}],"wp:attachment":[{"href":"https:\/\/novaluxeurope.com\/en\/wp-json\/wp\/v2\/media?parent=5857"}],"wp:term":[{"taxonomy":"product_brand","embeddable":true,"href":"https:\/\/novaluxeurope.com\/en\/wp-json\/wp\/v2\/product_brand?post=5857"},{"taxonomy":"product_cat","embeddable":true,"href":"https:\/\/novaluxeurope.com\/en\/wp-json\/wp\/v2\/product_cat?post=5857"},{"taxonomy":"product_tag","embeddable":true,"href":"https:\/\/novaluxeurope.com\/en\/wp-json\/wp\/v2\/product_tag?post=5857"}],"curies":[{"name":"wp","href":"https:\/\/api.w.org\/{rel}","templated":true}]}}