{"id":5851,"date":"2026-05-07T19:17:44","date_gmt":"2026-05-07T19:17:44","guid":{"rendered":"https:\/\/novaluxeurope.com\/producto\/al-haramain-narjis\/"},"modified":"2026-05-07T20:01:14","modified_gmt":"2026-05-07T20:01:14","slug":"al-haramain-narjis","status":"publish","type":"product","link":"https:\/\/novaluxeurope.com\/en\/product\/al-haramain-narjis\/","title":{"rendered":"Al Haramain Narjis"},"content":{"rendered":"<p dir=\"ltr\"><strong>Una caricia arom\u00e1tica para tus sentidos<\/strong><\/p>\n<p dir=\"ltr\">Envu\u00e9lvete en una fragancia primaveral, aunque fuera est\u00e9 nevando. El aceite perfumado unisex Al Haramain Narjis es un homenaje a la delicada belleza de las flores, que nos cautivan con su pureza y sofisticaci\u00f3n. Las notas de salida inician el camino hacia un jard\u00edn florido, donde se despierta el frescor de la naturaleza. Las notas de coraz\u00f3n de la fragancia despliegan una armon\u00eda de ricos acordes florales que evocan una sensaci\u00f3n de elegancia y tierno encanto. Al final se extiende un dulzor c\u00e1lido que permanece en la piel como un recuerdo silencioso de algo bello.<\/p>\n<ul>\n<li value=\"1\">fragancia floral con cierre c\u00e1lido<\/li>\n<li value=\"2\">lanzada en el a\u00f1o 2021<\/li>\n<li value=\"3\">ideal para llevar de d\u00eda y en las veladas rom\u00e1nticas<\/li>\n<\/ul>\n<p dir=\"ltr\"><strong>Composici\u00f3n de la fragancia:<\/strong><br \/>La delicada flor de espino se une a la dulce y embriagadora casia en las notas de salida, creando la sensaci\u00f3n de una ma\u00f1ana primaveral llena de frescor. Las notas de coraz\u00f3n de la fragancia recrean una rica sinfon\u00eda floral: la rosa aterciopelada, el sensual jazm\u00edn y la violeta atalcada dibujan juntas un cuadro con un prado florido. Al final se despliega la c\u00e1lida vainilla y el aroma limpio del almizcle blanco, brind\u00e1ndole a la fragancia profundidad y una suavidad duradera.<\/p>\n<p dir=\"ltr\"><strong>Historia de la fragancia:<\/strong><br \/>La fragancia Narjis de Al Haramain es el origen de la perfecci\u00f3n artesanal que honra la tradici\u00f3n de la perfumer\u00eda \u00e1rabe. El elegante frasco oculta una fragancia creada con amor por los ingredientes naturales y un gran sentido del detalle. Cada gota es una invitaci\u00f3n a un mundo donde la belleza consiste en la sencillez y en la elegancia atemporal.<\/p>\n<h4>Pir\u00e1mide olfativa<\/h4>\n<ul>\n<li><strong>Notas de entrada:<\/strong> espino, cassia<\/li>\n<li><strong>Notas de coraz\u00f3n:<\/strong> rosa, jazm\u00edn, violeta<\/li>\n<li><strong>Notas de salida:<\/strong> vainilla, almizcle<\/li>\n<\/ul>","protected":false},"excerpt":{"rendered":"<p>Una caricia arom\u00e1tica para tus sentidos Envu\u00e9lvete en una fragancia primaveral, aunque fuera est\u00e9 nevando. El aceite perfumado unisex Al Haramain Narjis es un homenaje a la delicada belleza de las flores, que nos cautivan con su pureza y sofisticaci\u00f3n. Las notas de salida inician el camino hacia un jard\u00edn florido, donde se despierta el [&hellip;]<\/p>\n","protected":false},"featured_media":5850,"comment_status":"open","ping_status":"closed","template":"","meta":[],"product_brand":[718],"product_cat":[225],"product_tag":[59,739,740,56,49,63,51],"class_list":{"0":"post-5851","1":"product","2":"type-product","3":"status-publish","4":"has-post-thumbnail","6":"product_brand-al-haramain","7":"product_cat-perfumes-y-fragancias","8":"product_tag-almizcle","9":"product_tag-cassia","10":"product_tag-espino","11":"product_tag-jazmin","12":"product_tag-rosa","13":"product_tag-vainilla","14":"product_tag-violeta","16":"first","17":"instock","18":"taxable","19":"shipping-taxable","20":"product-type-simple"},"_links":{"self":[{"href":"https:\/\/novaluxeurope.com\/en\/wp-json\/wp\/v2\/product\/5851","targetHints":{"allow":["GET"]}}],"collection":[{"href":"https:\/\/novaluxeurope.com\/en\/wp-json\/wp\/v2\/product"}],"about":[{"href":"https:\/\/novaluxeurope.com\/en\/wp-json\/wp\/v2\/types\/product"}],"replies":[{"embeddable":true,"href":"https:\/\/novaluxeurope.com\/en\/wp-json\/wp\/v2\/comments?post=5851"}],"wp:featuredmedia":[{"embeddable":true,"href":"https:\/\/novaluxeurope.com\/en\/wp-json\/wp\/v2\/media\/5850"}],"wp:attachment":[{"href":"https:\/\/novaluxeurope.com\/en\/wp-json\/wp\/v2\/media?parent=5851"}],"wp:term":[{"taxonomy":"product_brand","embeddable":true,"href":"https:\/\/novaluxeurope.com\/en\/wp-json\/wp\/v2\/product_brand?post=5851"},{"taxonomy":"product_cat","embeddable":true,"href":"https:\/\/novaluxeurope.com\/en\/wp-json\/wp\/v2\/product_cat?post=5851"},{"taxonomy":"product_tag","embeddable":true,"href":"https:\/\/novaluxeurope.com\/en\/wp-json\/wp\/v2\/product_tag?post=5851"}],"curies":[{"name":"wp","href":"https:\/\/api.w.org\/{rel}","templated":true}]}}