{"id":5848,"date":"2026-05-07T19:17:41","date_gmt":"2026-05-07T19:17:41","guid":{"rendered":"https:\/\/novaluxeurope.com\/producto\/al-haramain-miracle\/"},"modified":"2026-05-07T19:21:06","modified_gmt":"2026-05-07T19:21:06","slug":"al-haramain-miracle","status":"publish","type":"product","link":"https:\/\/novaluxeurope.com\/en\/product\/al-haramain-miracle\/","title":{"rendered":"Al Haramain Miracle"},"content":{"rendered":"<p>El aceite perfumado Al Haramain Miracle te convencer\u00e1 de que llevar una fragancia puede ser una experiencia sensorial compleja. No solo su composici\u00f3n arom\u00e1tica te har\u00e1 detenerte para disfrutar de cada momento de este ritual.<\/p>\n<ul>\n<li>fragancia frutal<\/li>\n<li>fragancia especiada<\/li>\n<li>para personas con un estilo no convencional<\/li>\n<li>fragancia original para las ocasiones especiales<\/li>\n<\/ul>\n<h4>Pir\u00e1mide olfativa<\/h4>\n<ul>\n<li><strong>Notas de entrada:<\/strong> pimienta rosada, especia, estrag\u00f3n<\/li>\n<li><strong>Notas de coraz\u00f3n:<\/strong> costus, g\u00e1lbano<\/li>\n<li><strong>Notas de salida:<\/strong> cuero, pachuli<\/li>\n<\/ul>","protected":false},"excerpt":{"rendered":"<p>El aceite perfumado Al Haramain Miracle te convencer\u00e1 de que llevar una fragancia puede ser una experiencia sensorial compleja. No solo su composici\u00f3n arom\u00e1tica te har\u00e1 detenerte para disfrutar de cada momento de este ritual. fragancia frutal fragancia especiada para personas con un estilo no convencional fragancia original para las ocasiones especiales Pir\u00e1mide olfativa Notas [&hellip;]<\/p>\n","protected":false},"featured_media":5847,"comment_status":"open","ping_status":"closed","template":"","meta":[],"product_brand":[718],"product_cat":[225],"product_tag":[737,69,65,738,400,67,181],"class_list":{"0":"post-5848","1":"product","2":"type-product","3":"status-publish","4":"has-post-thumbnail","6":"product_brand-al-haramain","7":"product_cat-perfumes-y-fragancias","8":"product_tag-costus","9":"product_tag-cuero","10":"product_tag-especia","11":"product_tag-estragon","12":"product_tag-galbano","13":"product_tag-pachuli","14":"product_tag-pimienta-rosada","16":"first","17":"outofstock","18":"taxable","19":"shipping-taxable","20":"product-type-simple"},"_links":{"self":[{"href":"https:\/\/novaluxeurope.com\/en\/wp-json\/wp\/v2\/product\/5848","targetHints":{"allow":["GET"]}}],"collection":[{"href":"https:\/\/novaluxeurope.com\/en\/wp-json\/wp\/v2\/product"}],"about":[{"href":"https:\/\/novaluxeurope.com\/en\/wp-json\/wp\/v2\/types\/product"}],"replies":[{"embeddable":true,"href":"https:\/\/novaluxeurope.com\/en\/wp-json\/wp\/v2\/comments?post=5848"}],"wp:featuredmedia":[{"embeddable":true,"href":"https:\/\/novaluxeurope.com\/en\/wp-json\/wp\/v2\/media\/5847"}],"wp:attachment":[{"href":"https:\/\/novaluxeurope.com\/en\/wp-json\/wp\/v2\/media?parent=5848"}],"wp:term":[{"taxonomy":"product_brand","embeddable":true,"href":"https:\/\/novaluxeurope.com\/en\/wp-json\/wp\/v2\/product_brand?post=5848"},{"taxonomy":"product_cat","embeddable":true,"href":"https:\/\/novaluxeurope.com\/en\/wp-json\/wp\/v2\/product_cat?post=5848"},{"taxonomy":"product_tag","embeddable":true,"href":"https:\/\/novaluxeurope.com\/en\/wp-json\/wp\/v2\/product_tag?post=5848"}],"curies":[{"name":"wp","href":"https:\/\/api.w.org\/{rel}","templated":true}]}}