{"id":5841,"date":"2026-05-07T19:17:39","date_gmt":"2026-05-07T19:17:39","guid":{"rendered":"https:\/\/novaluxeurope.com\/producto\/al-haramain-madinah-spray-100-ml\/"},"modified":"2026-05-07T19:21:06","modified_gmt":"2026-05-07T19:21:06","slug":"al-haramain-madinah-spray-100-ml","status":"publish","type":"product","link":"https:\/\/novaluxeurope.com\/en\/product\/al-haramain-madinah-spray-100-ml\/","title":{"rendered":"AL HARAMAIN MADINAH SPRAY 100 ML"},"content":{"rendered":"<p>Descubra el encantador encanto de Madinah de Al Haramain, una fragancia unisex que captura la esencia de la opulencia de Oriente Medio. Esta exquisita Eau de Parfum (EDP) en aerosol, disponible en un generoso tama\u00f1o de 100 ml, es una armoniosa mezcla de cautivadoras notas florales ambarinas que dejar\u00e1n una impresi\u00f3n duradera. Madinah se abre con una vigorizante explosi\u00f3n de notas de salida con el delicado aroma de la rosa , la fresca ralladura del geranio , la dulce calidez de la davana , y la vibrante mezcla c\u00edtrica de la naranja y la bergamota . Estas esencias iniciales crean una introducci\u00f3n refrescante y acogedora que es a la vez brillante y sofisticada. El coraz\u00f3n de Madinah es un rico tapiz de lujosos ingredientes. El rom\u00e1ntico encanto de la rosa se entremezcla con la ex\u00f3tica especia del azafr\u00e1n, la cremosa riqueza del s\u00e1ndalo, la delicada belleza de la orqu\u00eddea y los embriagadores aromas del jazm\u00edn y el clavo. Complementada por la profundidad amaderada del cedro, esta capa intermedia a\u00f1ade complejidad y calidez a la fragancia, haci\u00e9ndola adecuada para cualquier ocasi\u00f3n. A medida que la fragancia evoluciona, se asienta en una base profundamente sensual y reconfortante. Las notas perdurables de s\u00e1ndalo, almizcle, \u00e1mbar, matices frutales y florales se enriquecen con el toque distintivo del cedro y la suavidad aterciopelada del cachemir . Esta duradera mezcla garantiza que Madinah perdure en la piel, creando una experiencia arom\u00e1tica memorable y atemporal. Elaborada por la renombrada casa de dise\u00f1o Al Haramain, conocida por su maestr\u00eda en fragancias de Oriente Medio, Madinah es un testimonio de su experiencia y dedicaci\u00f3n a la calidad. Su composici\u00f3n \u00fanica es perfecta para quienes aprecian un aroma sofisticado y vers\u00e1til que trasciende las fronteras de g\u00e9nero. NOTAS DE PERFUME Notas de salida: Rosa, Geranio, Flores de Davana, Bergamota, Naranja Notas medias: Jazm\u00edn, Orqu\u00eddea, Clavo, Azafr\u00e1n, S\u00e1ndalo, Cedro Notas de Fondo: S\u00e1ndalo, Almizcle, \u00c1mbar, Matices florales, Cedro, Cashmeran, Frutas<\/p>\n<h4>Pir\u00e1mide olfativa<\/h4>\n<ul>\n<li><strong>Notas de entrada:<\/strong> Rosa, Geranio, Flores de Davana, Bergamota, Naranja<\/li>\n<li><strong>Notas de coraz\u00f3n:<\/strong> Jazm\u00edn, Orqu\u00eddea, Clavo, Azafr\u00e1n, S\u00e1ndalo, Madera de cedro<\/li>\n<li><strong>Notas de salida:<\/strong> S\u00e1ndalo, Almizcle, \u00c1mbar, Matices florales, Madera de cedro, Cashmeran, Fruta<\/li>\n<\/ul>","protected":false},"excerpt":{"rendered":"<p>Descubra el encantador encanto de Madinah de Al Haramain, una fragancia unisex que captura la esencia de la opulencia de Oriente Medio. Esta exquisita Eau de Parfum (EDP) en aerosol, disponible en un generoso tama\u00f1o de 100 ml, es una armoniosa mezcla de cautivadoras notas florales ambarinas que dejar\u00e1n una impresi\u00f3n duradera. Madinah se abre [&hellip;]<\/p>\n","protected":false},"featured_media":5840,"comment_status":"open","ping_status":"closed","template":"","meta":[],"product_brand":[718],"product_cat":[225],"product_tag":[59,52,87,102,121,207,734,735,131,56,46,736,98,248,49,174],"class_list":{"0":"post-5841","1":"product","2":"type-product","3":"status-publish","4":"has-post-thumbnail","6":"product_brand-al-haramain","7":"product_cat-perfumes-y-fragancias","8":"product_tag-almizcle","9":"product_tag-ambar","10":"product_tag-azafran","11":"product_tag-bergamota","12":"product_tag-cashmeran","13":"product_tag-clavo","14":"product_tag-flores-de-davana","15":"product_tag-fruta","16":"product_tag-geranio","17":"product_tag-jazmin","18":"product_tag-madera-de-cedro","19":"product_tag-matices-florales","20":"product_tag-naranja","21":"product_tag-orquidea","22":"product_tag-rosa","23":"product_tag-sandalo","25":"first","26":"outofstock","27":"taxable","28":"shipping-taxable","29":"product-type-simple"},"_links":{"self":[{"href":"https:\/\/novaluxeurope.com\/en\/wp-json\/wp\/v2\/product\/5841","targetHints":{"allow":["GET"]}}],"collection":[{"href":"https:\/\/novaluxeurope.com\/en\/wp-json\/wp\/v2\/product"}],"about":[{"href":"https:\/\/novaluxeurope.com\/en\/wp-json\/wp\/v2\/types\/product"}],"replies":[{"embeddable":true,"href":"https:\/\/novaluxeurope.com\/en\/wp-json\/wp\/v2\/comments?post=5841"}],"wp:featuredmedia":[{"embeddable":true,"href":"https:\/\/novaluxeurope.com\/en\/wp-json\/wp\/v2\/media\/5840"}],"wp:attachment":[{"href":"https:\/\/novaluxeurope.com\/en\/wp-json\/wp\/v2\/media?parent=5841"}],"wp:term":[{"taxonomy":"product_brand","embeddable":true,"href":"https:\/\/novaluxeurope.com\/en\/wp-json\/wp\/v2\/product_brand?post=5841"},{"taxonomy":"product_cat","embeddable":true,"href":"https:\/\/novaluxeurope.com\/en\/wp-json\/wp\/v2\/product_cat?post=5841"},{"taxonomy":"product_tag","embeddable":true,"href":"https:\/\/novaluxeurope.com\/en\/wp-json\/wp\/v2\/product_tag?post=5841"}],"curies":[{"name":"wp","href":"https:\/\/api.w.org\/{rel}","templated":true}]}}