{"id":5834,"date":"2026-05-07T19:17:37","date_gmt":"2026-05-07T19:17:37","guid":{"rendered":"https:\/\/novaluxeurope.com\/producto\/al-haramain-laventure-spray-100-ml\/"},"modified":"2026-05-07T20:01:14","modified_gmt":"2026-05-07T20:01:14","slug":"al-haramain-laventure-spray-100-ml","status":"publish","type":"product","link":"https:\/\/novaluxeurope.com\/en\/product\/al-haramain-laventure-spray-100-ml\/","title":{"rendered":"AL HARAMAIN L&#8217;AVENTURE SPRAY 100 ML"},"content":{"rendered":"<p>Descubre el cautivador encanto de L&#8217;Aventure de Al Haramain , una fragancia masculina que no ha dejado de llamar la atenci\u00f3n desde su lanzamiento en 2016. Esta exquisita fragancia pertenece a la familia olfativa Chipre Frutal y ofrece una mezcla \u00fanica de notas vigorizantes y c\u00e1lidas que la convierten en un complemento inolvidable para la colecci\u00f3n de cualquier hombre. L&#8217;Aventure se abre con una explosi\u00f3n de frescura gracias a sus notas de salida de Elemi, Lim\u00f3n y Bergamota . Esta vibrante introducci\u00f3n se equilibra a la perfecci\u00f3n con las notas de coraz\u00f3n de Jazm\u00edn, Lirio del Valle y Notas Amaderadas , que a\u00f1aden un toque de elegancia y profundidad. A continuaci\u00f3n, la fragancia se asienta en sus notas de fondo de pachul\u00ed, \u00e1mbar y almizcle , dejando una impresi\u00f3n duradera que es a la vez sofisticada y masculina. Elaborada por la prestigiosa casa de dise\u00f1o de Oriente Medio Al Haramain, L&#8217;Aventure es m\u00e1s que una fragancia: es una experiencia. Envuelto en un elegante frasco de 100 ml, este Eau de Parfum en spray est\u00e1 dise\u00f1ado para el hombre moderno que aprecia las cosas buenas de la vida. El c\u00f3digo de barras de este producto es 6291100139668, lo que garantiza su autenticidad y calidad. Tanto si se dirige a una reuni\u00f3n de negocios como a una salida informal, L&#8217;Aventure EDP Spray de Al Haramain Men es el compa\u00f1ero perfecto. NOTAS DE PERFUME Notas de salida: Elemi, Lim\u00f3n, Bergamota Notas medias: Jazm\u00edn, Lirio de los valles, Notas de fondo amaderadas: Pachul\u00ed, \u00c1mbar, Almizcle<\/p>\n<h4>Pir\u00e1mide olfativa<\/h4>\n<ul>\n<li><strong>Notas de entrada:<\/strong> Elemi, Lim\u00f3n, Bergamota<\/li>\n<li><strong>Notas de coraz\u00f3n:<\/strong> Jazm\u00edn, Lirio del valle, Woody<\/li>\n<li><strong>Notas de salida:<\/strong> Pachul\u00ed, \u00c1mbar, Almizcle<\/li>\n<\/ul>","protected":false},"excerpt":{"rendered":"<p>Descubre el cautivador encanto de L&#8217;Aventure de Al Haramain , una fragancia masculina que no ha dejado de llamar la atenci\u00f3n desde su lanzamiento en 2016. Esta exquisita fragancia pertenece a la familia olfativa Chipre Frutal y ofrece una mezcla \u00fanica de notas vigorizantes y c\u00e1lidas que la convierten en un complemento inolvidable para la [&hellip;]<\/p>\n","protected":false},"featured_media":5833,"comment_status":"open","ping_status":"closed","template":"","meta":[],"product_brand":[718],"product_cat":[225],"product_tag":[59,52,102,107,56,140,388,67,232],"class_list":{"0":"post-5834","1":"product","2":"type-product","3":"status-publish","4":"has-post-thumbnail","6":"product_brand-al-haramain","7":"product_cat-perfumes-y-fragancias","8":"product_tag-almizcle","9":"product_tag-ambar","10":"product_tag-bergamota","11":"product_tag-elemi","12":"product_tag-jazmin","13":"product_tag-limon","14":"product_tag-lirio-del-valle","15":"product_tag-pachuli","16":"product_tag-woody","18":"first","19":"instock","20":"taxable","21":"shipping-taxable","22":"product-type-simple"},"_links":{"self":[{"href":"https:\/\/novaluxeurope.com\/en\/wp-json\/wp\/v2\/product\/5834","targetHints":{"allow":["GET"]}}],"collection":[{"href":"https:\/\/novaluxeurope.com\/en\/wp-json\/wp\/v2\/product"}],"about":[{"href":"https:\/\/novaluxeurope.com\/en\/wp-json\/wp\/v2\/types\/product"}],"replies":[{"embeddable":true,"href":"https:\/\/novaluxeurope.com\/en\/wp-json\/wp\/v2\/comments?post=5834"}],"wp:featuredmedia":[{"embeddable":true,"href":"https:\/\/novaluxeurope.com\/en\/wp-json\/wp\/v2\/media\/5833"}],"wp:attachment":[{"href":"https:\/\/novaluxeurope.com\/en\/wp-json\/wp\/v2\/media?parent=5834"}],"wp:term":[{"taxonomy":"product_brand","embeddable":true,"href":"https:\/\/novaluxeurope.com\/en\/wp-json\/wp\/v2\/product_brand?post=5834"},{"taxonomy":"product_cat","embeddable":true,"href":"https:\/\/novaluxeurope.com\/en\/wp-json\/wp\/v2\/product_cat?post=5834"},{"taxonomy":"product_tag","embeddable":true,"href":"https:\/\/novaluxeurope.com\/en\/wp-json\/wp\/v2\/product_tag?post=5834"}],"curies":[{"name":"wp","href":"https:\/\/api.w.org\/{rel}","templated":true}]}}