{"id":5832,"date":"2026-05-07T19:17:37","date_gmt":"2026-05-07T19:17:37","guid":{"rendered":"https:\/\/novaluxeurope.com\/producto\/al-haramain-laventure-rose-2\/"},"modified":"2026-05-07T19:21:06","modified_gmt":"2026-05-07T19:21:06","slug":"al-haramain-laventure-rose-2","status":"publish","type":"product","link":"https:\/\/novaluxeurope.com\/en\/product\/al-haramain-laventure-rose-2\/","title":{"rendered":"Al Haramain L&#8217;Aventure Rose"},"content":{"rendered":"<p>Emprende un viaje arom\u00e1tico hacia el \u00e9xito. El eau de parfum para mujer Al Haramain L&#8217;Aventure Rose se inspira en una de las creaciones m\u00e1s bellas de la naturaleza: la rosa. Su aroma est\u00e1 presente a lo largo de toda la composici\u00f3n arom\u00e1tica, a la que se van incorporando gradualmente unas notas c\u00edtricas con jazm\u00edn.\u00a0<\/p>\n<ul>\n<li>fragancia floral-frutal con notas de rosa y c\u00edtricos\u00a0<\/li>\n<li>acent\u00faa tu presencia y tu camino hacia el \u00e9xito \u00a0<\/li>\n<li>en un elegante frasco con forma de cubo\u00a0<\/li>\n<\/ul>\n<p> <strong>Composici\u00f3n de la fragancia:<\/strong><br \/>Nada m\u00e1s olerla te dar\u00e1 la bienvenida la dominante rosa en combinaci\u00f3n con las notas frutales de c\u00edtricos y bayas. Despu\u00e9s, en las notas de coraz\u00f3n, el jazm\u00edn se une a la rosa en este viaje de aventuras. Al final toman la palabra el \u00e1mbar gris y el almizcle, haciendo destacar a toda la composici\u00f3n de un modo extraordinario.<\/p>\n<h4>Pir\u00e1mide olfativa<\/h4>\n<ul>\n<li><strong>Notas de entrada:<\/strong> rosa, c\u00edtricos, bayas rojas<\/li>\n<li><strong>Notas de coraz\u00f3n:<\/strong> rosa, jazm\u00edn<\/li>\n<li><strong>Notas de salida:<\/strong> \u00e1mbar, almizcle<\/li>\n<\/ul>","protected":false},"excerpt":{"rendered":"<p>Emprende un viaje arom\u00e1tico hacia el \u00e9xito. El eau de parfum para mujer Al Haramain L&#8217;Aventure Rose se inspira en una de las creaciones m\u00e1s bellas de la naturaleza: la rosa. Su aroma est\u00e1 presente a lo largo de toda la composici\u00f3n arom\u00e1tica, a la que se van incorporando gradualmente unas notas c\u00edtricas con jazm\u00edn.\u00a0 [&hellip;]<\/p>\n","protected":false},"featured_media":5829,"comment_status":"open","ping_status":"closed","template":"","meta":[],"product_brand":[718],"product_cat":[225],"product_tag":[59,52,330,158,56,49],"class_list":{"0":"post-5832","1":"product","2":"type-product","3":"status-publish","4":"has-post-thumbnail","6":"product_brand-al-haramain","7":"product_cat-perfumes-y-fragancias","8":"product_tag-almizcle","9":"product_tag-ambar","10":"product_tag-bayas-rojas","11":"product_tag-citricos","12":"product_tag-jazmin","13":"product_tag-rosa","15":"first","16":"outofstock","17":"taxable","18":"shipping-taxable","19":"product-type-simple"},"_links":{"self":[{"href":"https:\/\/novaluxeurope.com\/en\/wp-json\/wp\/v2\/product\/5832","targetHints":{"allow":["GET"]}}],"collection":[{"href":"https:\/\/novaluxeurope.com\/en\/wp-json\/wp\/v2\/product"}],"about":[{"href":"https:\/\/novaluxeurope.com\/en\/wp-json\/wp\/v2\/types\/product"}],"replies":[{"embeddable":true,"href":"https:\/\/novaluxeurope.com\/en\/wp-json\/wp\/v2\/comments?post=5832"}],"wp:featuredmedia":[{"embeddable":true,"href":"https:\/\/novaluxeurope.com\/en\/wp-json\/wp\/v2\/media\/5829"}],"wp:attachment":[{"href":"https:\/\/novaluxeurope.com\/en\/wp-json\/wp\/v2\/media?parent=5832"}],"wp:term":[{"taxonomy":"product_brand","embeddable":true,"href":"https:\/\/novaluxeurope.com\/en\/wp-json\/wp\/v2\/product_brand?post=5832"},{"taxonomy":"product_cat","embeddable":true,"href":"https:\/\/novaluxeurope.com\/en\/wp-json\/wp\/v2\/product_cat?post=5832"},{"taxonomy":"product_tag","embeddable":true,"href":"https:\/\/novaluxeurope.com\/en\/wp-json\/wp\/v2\/product_tag?post=5832"}],"curies":[{"name":"wp","href":"https:\/\/api.w.org\/{rel}","templated":true}]}}