{"id":5810,"date":"2026-05-07T19:17:24","date_gmt":"2026-05-07T19:17:24","guid":{"rendered":"https:\/\/novaluxeurope.com\/producto\/al-haramain-signature-red\/"},"modified":"2026-05-07T19:21:07","modified_gmt":"2026-05-07T19:21:07","slug":"al-haramain-signature-red","status":"publish","type":"product","link":"https:\/\/novaluxeurope.com\/en\/product\/al-haramain-signature-red\/","title":{"rendered":"Al Haramain Signature Red"},"content":{"rendered":"<p>Disfruta de una fragancia con la que no pasar\u00e1s desapercibida en ning\u00fan evento. El eau de parfum para mujer Al Haramain Signature Red es la materializaci\u00f3n del lujo y la exclusividad. Su sofisticada composici\u00f3n arom\u00e1tica deleitar\u00e1 hasta a las personas m\u00e1s exigentes.<\/p>\n<ul>\n<li>fragancia c\u00edtrica<\/li>\n<li>fragancia floral<\/li>\n<li>fragancia amaderada<\/li>\n<li>fragancia atemporal y elegante para las amantes de lo cl\u00e1sico<\/li>\n<li>fragancia adecuada para uso diario<\/li>\n<\/ul>\n<h4>Pir\u00e1mide olfativa<\/h4>\n<ul>\n<li><strong>Notas de entrada:<\/strong> bergamota, flores de mandarino, notas verdes<\/li>\n<li><strong>Notas de coraz\u00f3n:<\/strong> violeta, jazm\u00edn, nuez moscada, comino<\/li>\n<li><strong>Notas de salida:<\/strong> madera de s\u00e1ndalo, cedro, pachuli, cuero<\/li>\n<\/ul>","protected":false},"excerpt":{"rendered":"<p>Disfruta de una fragancia con la que no pasar\u00e1s desapercibida en ning\u00fan evento. El eau de parfum para mujer Al Haramain Signature Red es la materializaci\u00f3n del lujo y la exclusividad. Su sofisticada composici\u00f3n arom\u00e1tica deleitar\u00e1 hasta a las personas m\u00e1s exigentes. fragancia c\u00edtrica fragancia floral fragancia amaderada fragancia atemporal y elegante para las amantes [&hellip;]<\/p>\n","protected":false},"featured_media":5809,"comment_status":"open","ping_status":"closed","template":"","meta":[],"product_brand":[718],"product_cat":[225],"product_tag":[102,53,170,69,546,56,47,581,95,67,51],"class_list":{"0":"post-5810","1":"product","2":"type-product","3":"status-publish","4":"has-post-thumbnail","6":"product_brand-al-haramain","7":"product_cat-perfumes-y-fragancias","8":"product_tag-bergamota","9":"product_tag-cedro","10":"product_tag-comino","11":"product_tag-cuero","12":"product_tag-flores-de-mandarino","13":"product_tag-jazmin","14":"product_tag-madera-de-sandalo","15":"product_tag-notas-verdes","16":"product_tag-nuez-moscada","17":"product_tag-pachuli","18":"product_tag-violeta","20":"first","21":"outofstock","22":"taxable","23":"shipping-taxable","24":"product-type-simple"},"_links":{"self":[{"href":"https:\/\/novaluxeurope.com\/en\/wp-json\/wp\/v2\/product\/5810","targetHints":{"allow":["GET"]}}],"collection":[{"href":"https:\/\/novaluxeurope.com\/en\/wp-json\/wp\/v2\/product"}],"about":[{"href":"https:\/\/novaluxeurope.com\/en\/wp-json\/wp\/v2\/types\/product"}],"replies":[{"embeddable":true,"href":"https:\/\/novaluxeurope.com\/en\/wp-json\/wp\/v2\/comments?post=5810"}],"wp:featuredmedia":[{"embeddable":true,"href":"https:\/\/novaluxeurope.com\/en\/wp-json\/wp\/v2\/media\/5809"}],"wp:attachment":[{"href":"https:\/\/novaluxeurope.com\/en\/wp-json\/wp\/v2\/media?parent=5810"}],"wp:term":[{"taxonomy":"product_brand","embeddable":true,"href":"https:\/\/novaluxeurope.com\/en\/wp-json\/wp\/v2\/product_brand?post=5810"},{"taxonomy":"product_cat","embeddable":true,"href":"https:\/\/novaluxeurope.com\/en\/wp-json\/wp\/v2\/product_cat?post=5810"},{"taxonomy":"product_tag","embeddable":true,"href":"https:\/\/novaluxeurope.com\/en\/wp-json\/wp\/v2\/product_tag?post=5810"}],"curies":[{"name":"wp","href":"https:\/\/api.w.org\/{rel}","templated":true}]}}