{"id":5804,"date":"2026-05-07T19:17:22","date_gmt":"2026-05-07T19:17:22","guid":{"rendered":"https:\/\/novaluxeurope.com\/producto\/haramain-sultan-12ml\/"},"modified":"2026-05-07T19:21:07","modified_gmt":"2026-05-07T19:21:07","slug":"haramain-sultan-12ml","status":"publish","type":"product","link":"https:\/\/novaluxeurope.com\/en\/product\/haramain-sultan-12ml\/","title":{"rendered":"HARAMAIN SULTAN 12ML"},"content":{"rendered":"<p>Haramain Sultan es una fragancia que encarna la esencia de la paz y la promesa, un verdadero aroma de lo alto. Mientras yaces despierto en el silencio de la noche, este aceite de perfume unisex te envuelve con notas de salida de fresa y pi\u00f1a , suavizadas por la calidez del s\u00e1ndalo, la vainilla y el \u00e1mbar . La sensaci\u00f3n de paz interior es palpable y refleja la profunda satisfacci\u00f3n por el d\u00eda transcurrido y las esperanzas que alberga para el ma\u00f1ana. A medida que la fragancia evoluciona, el coraz\u00f3n revela una delicada sinfon\u00eda de melocot\u00f3n, notas florales, frambuesa y almizcle, acentuada por el ex\u00f3tico encanto del ylang-ylang. Es un aroma que lleva consigo el regalo de la paz, una promesa para el ma\u00f1ana que se siente tan brillante como los rayos del sol naciente. Por \u00faltimo, las notas de fondo de pachul\u00ed, canela, rosa, jazm\u00edn y lavanda se asientan, creando una fragancia iluminadora que es un regalo en s\u00ed misma, una promesa que se cumple con cada uso. NOTAS DE PERFUME Notas de salida: Fresa, pi\u00f1a, s\u00e1ndalo, vainilla, \u00e1mbar Notas medias: Melocot\u00f3n, Notas florales, Frambuesa, Almizcle, Ylang-ylang Notas de fondo: Pachul\u00ed, Canela, Rosa, Jazm\u00edn, Lavanda<\/p>\n<h4>Pir\u00e1mide olfativa<\/h4>\n<ul>\n<li><strong>Notas de entrada:<\/strong> Fresa, Pi\u00f1a, S\u00e1ndalo, Vainilla, \u00c1mbar<\/li>\n<li><strong>Notas de coraz\u00f3n:<\/strong> Melocot\u00f3n, Notas florales, Frambuesa, Almizcle, Ylang-ylang<\/li>\n<li><strong>Notas de salida:<\/strong> Pachul\u00ed, Canela, Rosa, Jazm\u00edn, Lavanda<\/li>\n<\/ul>","protected":false},"excerpt":{"rendered":"<p>Haramain Sultan es una fragancia que encarna la esencia de la paz y la promesa, un verdadero aroma de lo alto. Mientras yaces despierto en el silencio de la noche, este aceite de perfume unisex te envuelve con notas de salida de fresa y pi\u00f1a , suavizadas por la calidez del s\u00e1ndalo, la vainilla y [&hellip;]<\/p>\n","protected":false},"featured_media":5803,"comment_status":"open","ping_status":"closed","template":"","meta":[],"product_brand":[718],"product_cat":[225],"product_tag":[59,52,94,97,165,56,73,186,333,67,101,49,174,63,149],"class_list":{"0":"post-5804","1":"product","2":"type-product","3":"status-publish","4":"has-post-thumbnail","6":"product_brand-al-haramain","7":"product_cat-perfumes-y-fragancias","8":"product_tag-almizcle","9":"product_tag-ambar","10":"product_tag-canela","11":"product_tag-frambuesa","12":"product_tag-fresa","13":"product_tag-jazmin","14":"product_tag-lavanda","15":"product_tag-melocoton","16":"product_tag-notas-florales","17":"product_tag-pachuli","18":"product_tag-pina","19":"product_tag-rosa","20":"product_tag-sandalo","21":"product_tag-vainilla","22":"product_tag-ylang-ylang","24":"first","25":"outofstock","26":"taxable","27":"shipping-taxable","28":"product-type-simple"},"_links":{"self":[{"href":"https:\/\/novaluxeurope.com\/en\/wp-json\/wp\/v2\/product\/5804","targetHints":{"allow":["GET"]}}],"collection":[{"href":"https:\/\/novaluxeurope.com\/en\/wp-json\/wp\/v2\/product"}],"about":[{"href":"https:\/\/novaluxeurope.com\/en\/wp-json\/wp\/v2\/types\/product"}],"replies":[{"embeddable":true,"href":"https:\/\/novaluxeurope.com\/en\/wp-json\/wp\/v2\/comments?post=5804"}],"wp:featuredmedia":[{"embeddable":true,"href":"https:\/\/novaluxeurope.com\/en\/wp-json\/wp\/v2\/media\/5803"}],"wp:attachment":[{"href":"https:\/\/novaluxeurope.com\/en\/wp-json\/wp\/v2\/media?parent=5804"}],"wp:term":[{"taxonomy":"product_brand","embeddable":true,"href":"https:\/\/novaluxeurope.com\/en\/wp-json\/wp\/v2\/product_brand?post=5804"},{"taxonomy":"product_cat","embeddable":true,"href":"https:\/\/novaluxeurope.com\/en\/wp-json\/wp\/v2\/product_cat?post=5804"},{"taxonomy":"product_tag","embeddable":true,"href":"https:\/\/novaluxeurope.com\/en\/wp-json\/wp\/v2\/product_tag?post=5804"}],"curies":[{"name":"wp","href":"https:\/\/api.w.org\/{rel}","templated":true}]}}