{"id":5796,"date":"2026-05-07T19:17:19","date_gmt":"2026-05-07T19:17:19","guid":{"rendered":"https:\/\/novaluxeurope.com\/producto\/haramain-signature-spray-for-men-100ml\/"},"modified":"2026-05-07T19:21:07","modified_gmt":"2026-05-07T19:21:07","slug":"haramain-signature-spray-for-men-100ml","status":"publish","type":"product","link":"https:\/\/novaluxeurope.com\/en\/product\/haramain-signature-spray-for-men-100ml\/","title":{"rendered":"HARAMAIN SIGNATURE SPRAY FOR MEN (100ML)"},"content":{"rendered":"<p>Al Haramain Signature Spray for Men 100 ml es una distinguida fragancia elaborada para el hombre moderno , perteneciente a la familia olfativa Ambarina Floral . Dise\u00f1ado para aquellos que aprecian los aromas ricos y sofisticados, ofrece una presencia c\u00e1lida y acogedora que se adapta tanto al d\u00eda como a la noche. Esta fragancia se inspira en los lujosos perfiles de los perfumes de dise\u00f1adores de alta gama, ofreciendo una experiencia olfativa refinada y memorable. La composici\u00f3n se abre con una mezcla vibrante y arom\u00e1tica de incienso , artemisia , naranja y romero , creando una introducci\u00f3n fresca pero especiada. Su coraz\u00f3n se despliega con una armoniosa mezcla de jazm\u00edn, lirio de los valles, pomelo y madera de cedro, a\u00f1adiendo un sofisticado car\u00e1cter floral y amaderado. La base combina musgo, tabaco, \u00e1mbar y s\u00e1ndalo, produciendo un acabado cremoso, c\u00e1lido y sensual que perdura en la piel con elegancia. Al Haramain Signature Spray para hombre es una fragancia vers\u00e1til que equilibra frescura, especias y calidez, por lo que es ideal tanto para ocasiones informales como formales. Su intrincada mezcla garantiza una presencia cautivadora, envolviendo al usuario en un aura sofisticada y duradera. Con su lujosa composici\u00f3n, esta fragancia encarna el refinamiento, la confianza y el atractivo atemporal. NOTAS DE PERFUME Notas de salida: Incienso, Artemisia, Naranja, Romero Notas medias: Jazm\u00edn, Lirio de los valles, Pomelo, Madera de cedro Notas de fondo: Musgo, Tabaco, \u00c1mbar, S\u00e1ndalo<\/p>\n<h4>Pir\u00e1mide olfativa<\/h4>\n<ul>\n<li><strong>Notas de entrada:<\/strong> Incienso, Artemisia, Naranja, Rosemary<\/li>\n<li><strong>Notas de coraz\u00f3n:<\/strong> Jazm\u00edn, Lirio del valle, Pomelo, Madera de cedro<\/li>\n<li><strong>Notas de salida:<\/strong> Musgo, Tabaco, \u00c1mbar, S\u00e1ndalo<\/li>\n<\/ul>","protected":false},"excerpt":{"rendered":"<p>Al Haramain Signature Spray for Men 100 ml es una distinguida fragancia elaborada para el hombre moderno , perteneciente a la familia olfativa Ambarina Floral . Dise\u00f1ado para aquellos que aprecian los aromas ricos y sofisticados, ofrece una presencia c\u00e1lida y acogedora que se adapta tanto al d\u00eda como a la noche. Esta fragancia se [&hellip;]<\/p>\n","protected":false},"featured_media":5795,"comment_status":"open","ping_status":"closed","template":"","meta":[],"product_brand":[718],"product_cat":[225],"product_tag":[52,586,127,56,388,46,161,98,245,463,174,163],"class_list":{"0":"post-5796","1":"product","2":"type-product","3":"status-publish","4":"has-post-thumbnail","6":"product_brand-al-haramain","7":"product_cat-perfumes-y-fragancias","8":"product_tag-ambar","9":"product_tag-artemisia","10":"product_tag-incienso","11":"product_tag-jazmin","12":"product_tag-lirio-del-valle","13":"product_tag-madera-de-cedro","14":"product_tag-musgo","15":"product_tag-naranja","16":"product_tag-pomelo","17":"product_tag-rosemary","18":"product_tag-sandalo","19":"product_tag-tabaco","21":"first","22":"outofstock","23":"taxable","24":"shipping-taxable","25":"product-type-simple"},"_links":{"self":[{"href":"https:\/\/novaluxeurope.com\/en\/wp-json\/wp\/v2\/product\/5796","targetHints":{"allow":["GET"]}}],"collection":[{"href":"https:\/\/novaluxeurope.com\/en\/wp-json\/wp\/v2\/product"}],"about":[{"href":"https:\/\/novaluxeurope.com\/en\/wp-json\/wp\/v2\/types\/product"}],"replies":[{"embeddable":true,"href":"https:\/\/novaluxeurope.com\/en\/wp-json\/wp\/v2\/comments?post=5796"}],"wp:featuredmedia":[{"embeddable":true,"href":"https:\/\/novaluxeurope.com\/en\/wp-json\/wp\/v2\/media\/5795"}],"wp:attachment":[{"href":"https:\/\/novaluxeurope.com\/en\/wp-json\/wp\/v2\/media?parent=5796"}],"wp:term":[{"taxonomy":"product_brand","embeddable":true,"href":"https:\/\/novaluxeurope.com\/en\/wp-json\/wp\/v2\/product_brand?post=5796"},{"taxonomy":"product_cat","embeddable":true,"href":"https:\/\/novaluxeurope.com\/en\/wp-json\/wp\/v2\/product_cat?post=5796"},{"taxonomy":"product_tag","embeddable":true,"href":"https:\/\/novaluxeurope.com\/en\/wp-json\/wp\/v2\/product_tag?post=5796"}],"curies":[{"name":"wp","href":"https:\/\/api.w.org\/{rel}","templated":true}]}}