{"id":5788,"date":"2026-05-07T19:17:16","date_gmt":"2026-05-07T19:17:16","guid":{"rendered":"https:\/\/novaluxeurope.com\/producto\/haramain-rawaa-100ml-spray\/"},"modified":"2026-05-07T19:21:07","modified_gmt":"2026-05-07T19:21:07","slug":"haramain-rawaa-100ml-spray","status":"publish","type":"product","link":"https:\/\/novaluxeurope.com\/en\/product\/haramain-rawaa-100ml-spray\/","title":{"rendered":"HARAMAIN RAWAA 100ML SPRAY"},"content":{"rendered":"<p>Al Haramain Rawaa Eau de Parfum Spray 100 ml es una lujosa fragancia unisex que irradia calidez y elegancia, perteneciente a la familia olfativa Ambarina Vainilla . Lanzada en 2018, est\u00e1 dise\u00f1ada para aquellos que aprecian los aromas ricos e indulgentes que transicionan sin esfuerzo del d\u00eda a la noche. Esta fragancia est\u00e1 inspirada en la reconocida Carolina Herrera Good Girl , capturando un equilibrio similarmente seductor de dulzura, profundidad y sofisticaci\u00f3n. La fragancia se abre con una rica mezcla de almendra y caf\u00e9 , ofreciendo una introducci\u00f3n golosa que es a la vez atractiva y distintiva. Su coraz\u00f3n revela una mezcla floral de jazm\u00edn, nardo y lirio, que le confiere un car\u00e1cter refinado y elegante. La composici\u00f3n se asienta sobre una base cremosa y sensual de haba tonka, vaina de cacao, s\u00e1ndalo y vainilla, dejando una estela c\u00e1lida y duradera que encarna el lujo y el encanto. Al Haramain Rawaa destaca como un perfume vers\u00e1til, que equilibra las dulces notas gourmand con una reconfortante calidez. Perfecto para ocasiones informales o formales, envuelve a quien lo lleva en un aura suave y cremosa al tiempo que mantiene un aire de sofisticaci\u00f3n. Esta fragancia ofrece una experiencia indulgente de alta calidad que combina elegancia, sensualidad y una presencia memorable. NOTAS DE PERFUME Notas altas: Almendra, Caf\u00e9 Notas medias: Jazm\u00edn, Nardo, Lirio Notas de Fondo: Haba tonka, Vaina de cacao, S\u00e1ndalo, Vainilla<\/p>\n<h4>Pir\u00e1mide olfativa<\/h4>\n<ul>\n<li><strong>Notas de entrada:<\/strong> Almendra, Caf\u00e9<\/li>\n<li><strong>Notas de coraz\u00f3n:<\/strong> Jazm\u00edn, Tuberosa, Orris<\/li>\n<li><strong>Notas de salida:<\/strong> Haba Tonka, Vaina de cacao, S\u00e1ndalo, Vainilla<\/li>\n<\/ul>","protected":false},"excerpt":{"rendered":"<p>Al Haramain Rawaa Eau de Parfum Spray 100 ml es una lujosa fragancia unisex que irradia calidez y elegancia, perteneciente a la familia olfativa Ambarina Vainilla . Lanzada en 2018, est\u00e1 dise\u00f1ada para aquellos que aprecian los aromas ricos e indulgentes que transicionan sin esfuerzo del d\u00eda a la noche. Esta fragancia est\u00e1 inspirada en [&hellip;]<\/p>\n","protected":false},"featured_media":5787,"comment_status":"open","ping_status":"closed","template":"","meta":[],"product_brand":[718],"product_cat":[225],"product_tag":[397,182,79,56,266,174,203,732,63],"class_list":{"0":"post-5788","1":"product","2":"type-product","3":"status-publish","4":"has-post-thumbnail","6":"product_brand-al-haramain","7":"product_cat-perfumes-y-fragancias","8":"product_tag-almendra","9":"product_tag-cafe","10":"product_tag-haba-tonka","11":"product_tag-jazmin","12":"product_tag-orris","13":"product_tag-sandalo","14":"product_tag-tuberosa","15":"product_tag-vaina-de-cacao","16":"product_tag-vainilla","18":"first","19":"outofstock","20":"taxable","21":"shipping-taxable","22":"product-type-simple"},"_links":{"self":[{"href":"https:\/\/novaluxeurope.com\/en\/wp-json\/wp\/v2\/product\/5788","targetHints":{"allow":["GET"]}}],"collection":[{"href":"https:\/\/novaluxeurope.com\/en\/wp-json\/wp\/v2\/product"}],"about":[{"href":"https:\/\/novaluxeurope.com\/en\/wp-json\/wp\/v2\/types\/product"}],"replies":[{"embeddable":true,"href":"https:\/\/novaluxeurope.com\/en\/wp-json\/wp\/v2\/comments?post=5788"}],"wp:featuredmedia":[{"embeddable":true,"href":"https:\/\/novaluxeurope.com\/en\/wp-json\/wp\/v2\/media\/5787"}],"wp:attachment":[{"href":"https:\/\/novaluxeurope.com\/en\/wp-json\/wp\/v2\/media?parent=5788"}],"wp:term":[{"taxonomy":"product_brand","embeddable":true,"href":"https:\/\/novaluxeurope.com\/en\/wp-json\/wp\/v2\/product_brand?post=5788"},{"taxonomy":"product_cat","embeddable":true,"href":"https:\/\/novaluxeurope.com\/en\/wp-json\/wp\/v2\/product_cat?post=5788"},{"taxonomy":"product_tag","embeddable":true,"href":"https:\/\/novaluxeurope.com\/en\/wp-json\/wp\/v2\/product_tag?post=5788"}],"curies":[{"name":"wp","href":"https:\/\/api.w.org\/{rel}","templated":true}]}}