{"id":5780,"date":"2026-05-07T19:17:13","date_gmt":"2026-05-07T19:17:13","guid":{"rendered":"https:\/\/novaluxeurope.com\/producto\/haramain-portfolio-neroli-canvas-spray-75ml\/"},"modified":"2026-05-07T19:21:07","modified_gmt":"2026-05-07T19:21:07","slug":"haramain-portfolio-neroli-canvas-spray-75ml","status":"publish","type":"product","link":"https:\/\/novaluxeurope.com\/en\/product\/haramain-portfolio-neroli-canvas-spray-75ml\/","title":{"rendered":"HARAMAIN PORTFOLIO- NEROLI CANVAS SPRAY 75ML"},"content":{"rendered":"<p>Al Haramain Portfolio Neroli Canvas Eau de Parfum 75 ml es una refinada fragancia unisex que captura a la perfecci\u00f3n la frescura y la sofisticaci\u00f3n dentro de la familia olfativa Almizcle Floral Amaderado. Se abre con una estimulante mezcla de bergamota, lim\u00f3n y petitgrain, que ofrece un estallido c\u00edtrico energizante de sensaci\u00f3n limpia y moderna. A medida que la fragancia evoluciona, el coraz\u00f3n desvela un luminoso neroli y azahar, envolviendo la composici\u00f3n en un suave resplandor floral. Finalmente, la fragancia se asienta en una base suave y elegante de almizcle, \u00e1mbar y cedro, creando una impresi\u00f3n c\u00e1lida y duradera. Vers\u00e1til y elegante sin esfuerzo, Neroli Canvas es ideal para quienes disfrutan de fragancias ligeras, frescas y florales con un toque contempor\u00e1neo. Perfecto para llevar a diario o en ocasiones de primavera y verano, evoca una sensaci\u00f3n de lujo discreto y encanto atemporal. NOTAS DE PERFUME Notas de salida: Bergamota, Lim\u00f3n, Petitgrain Notas medias: Neroli, Azahar Notas de fondo: Almizcle, \u00c1mbar, Cedro<\/p>\n<h4>Pir\u00e1mide olfativa<\/h4>\n<ul>\n<li><strong>Notas de entrada:<\/strong> Bergamota, Lim\u00f3n, Petitgrain<\/li>\n<li><strong>Notas de coraz\u00f3n:<\/strong> Neroli, Azahar<\/li>\n<li><strong>Notas de salida:<\/strong> Almizcle, \u00c1mbar, Cedro<\/li>\n<\/ul>","protected":false},"excerpt":{"rendered":"<p>Al Haramain Portfolio Neroli Canvas Eau de Parfum 75 ml es una refinada fragancia unisex que captura a la perfecci\u00f3n la frescura y la sofisticaci\u00f3n dentro de la familia olfativa Almizcle Floral Amaderado. Se abre con una estimulante mezcla de bergamota, lim\u00f3n y petitgrain, que ofrece un estallido c\u00edtrico energizante de sensaci\u00f3n limpia y moderna. [&hellip;]<\/p>\n","protected":false},"featured_media":5779,"comment_status":"open","ping_status":"closed","template":"","meta":[],"product_brand":[718],"product_cat":[225],"product_tag":[59,52,353,102,53,140,148,125],"class_list":{"0":"post-5780","1":"product","2":"type-product","3":"status-publish","4":"has-post-thumbnail","6":"product_brand-al-haramain","7":"product_cat-perfumes-y-fragancias","8":"product_tag-almizcle","9":"product_tag-ambar","10":"product_tag-azahar","11":"product_tag-bergamota","12":"product_tag-cedro","13":"product_tag-limon","14":"product_tag-neroli","15":"product_tag-petitgrain","17":"first","18":"outofstock","19":"taxable","20":"shipping-taxable","21":"product-type-simple"},"_links":{"self":[{"href":"https:\/\/novaluxeurope.com\/en\/wp-json\/wp\/v2\/product\/5780","targetHints":{"allow":["GET"]}}],"collection":[{"href":"https:\/\/novaluxeurope.com\/en\/wp-json\/wp\/v2\/product"}],"about":[{"href":"https:\/\/novaluxeurope.com\/en\/wp-json\/wp\/v2\/types\/product"}],"replies":[{"embeddable":true,"href":"https:\/\/novaluxeurope.com\/en\/wp-json\/wp\/v2\/comments?post=5780"}],"wp:featuredmedia":[{"embeddable":true,"href":"https:\/\/novaluxeurope.com\/en\/wp-json\/wp\/v2\/media\/5779"}],"wp:attachment":[{"href":"https:\/\/novaluxeurope.com\/en\/wp-json\/wp\/v2\/media?parent=5780"}],"wp:term":[{"taxonomy":"product_brand","embeddable":true,"href":"https:\/\/novaluxeurope.com\/en\/wp-json\/wp\/v2\/product_brand?post=5780"},{"taxonomy":"product_cat","embeddable":true,"href":"https:\/\/novaluxeurope.com\/en\/wp-json\/wp\/v2\/product_cat?post=5780"},{"taxonomy":"product_tag","embeddable":true,"href":"https:\/\/novaluxeurope.com\/en\/wp-json\/wp\/v2\/product_tag?post=5780"}],"curies":[{"name":"wp","href":"https:\/\/api.w.org\/{rel}","templated":true}]}}