{"id":5772,"date":"2026-05-07T19:17:09","date_gmt":"2026-05-07T19:17:09","guid":{"rendered":"https:\/\/novaluxeurope.com\/producto\/haramain-portfolio-imperial-oud-spray-75ml\/"},"modified":"2026-05-07T19:21:07","modified_gmt":"2026-05-07T19:21:07","slug":"haramain-portfolio-imperial-oud-spray-75ml","status":"publish","type":"product","link":"https:\/\/novaluxeurope.com\/en\/product\/haramain-portfolio-imperial-oud-spray-75ml\/","title":{"rendered":"HARAMAIN PORTFOLIO IMPERIAL OUD SPRAY 75ML"},"content":{"rendered":"<p>Al Haramain Portfolio Imperial Oud Eau de Parfum 75 ml es una majestuosa fragancia unisex que destila poder, sofisticaci\u00f3n y lujo. Perteneciente a la familia olfativa Oriental Amaderada, captura la riqueza de la perfumer\u00eda tradicional del oud de Oriente Medio, manteniendo al mismo tiempo el refinamiento moderno. La fragancia se abre con un imponente \u00e1mbar gris y notas animales, estableciendo inmediatamente una presencia audaz y opulenta. El coraz\u00f3n se despliega con una mezcla resinosa de incienso, mirra y ambrarome, que aporta calidez, profundidad y complejidad. El fondo se basa en la rica madera de oud, el pachul\u00ed y el almizcle, dejando una estela persistente de elegancia terrosa y amaderada. Dise\u00f1ado para quienes aprecian los aromas profundos, lujosos y resinosos, Imperial Oud es ideal para la noche, las ocasiones especiales o cualquier momento en el que se desee un aura sofisticada y regia. Su composici\u00f3n equilibra calidez, especias y madera opulenta, convirti\u00e9ndola en una fragancia que perdura maravillosamente en la piel. NOTAS DE PERFUME Notas altas: \u00c1mbar gris, Animal Notas medias: Incienso, Mirra, Ambrarome Notas de Fondo: Madera de agar, Pachul\u00ed, Almizcle<\/p>\n<h4>Pir\u00e1mide olfativa<\/h4>\n<ul>\n<li><strong>Notas de entrada:<\/strong> Ambergris, Notas sobre animales<\/li>\n<li><strong>Notas de coraz\u00f3n:<\/strong> Incienso, Mirra, Ambrarome<\/li>\n<li><strong>Notas de salida:<\/strong> Madera de agar (oud), Pachul\u00ed, Almizcle<\/li>\n<\/ul>","protected":false},"excerpt":{"rendered":"<p>Al Haramain Portfolio Imperial Oud Eau de Parfum 75 ml es una majestuosa fragancia unisex que destila poder, sofisticaci\u00f3n y lujo. Perteneciente a la familia olfativa Oriental Amaderada, captura la riqueza de la perfumer\u00eda tradicional del oud de Oriente Medio, manteniendo al mismo tiempo el refinamiento moderno. La fragancia se abre con un imponente \u00e1mbar [&hellip;]<\/p>\n","protected":false},"featured_media":5771,"comment_status":"open","ping_status":"closed","template":"","meta":[],"product_brand":[718],"product_cat":[225],"product_tag":[59,234,730,127,416,210,731,67],"class_list":{"0":"post-5772","1":"product","2":"type-product","3":"status-publish","4":"has-post-thumbnail","6":"product_brand-al-haramain","7":"product_cat-perfumes-y-fragancias","8":"product_tag-almizcle","9":"product_tag-ambergris","10":"product_tag-ambrarome","11":"product_tag-incienso","12":"product_tag-madera-de-agar-oud","13":"product_tag-mirra","14":"product_tag-notas-sobre-animales","15":"product_tag-pachuli","17":"first","18":"outofstock","19":"taxable","20":"shipping-taxable","21":"product-type-simple"},"_links":{"self":[{"href":"https:\/\/novaluxeurope.com\/en\/wp-json\/wp\/v2\/product\/5772","targetHints":{"allow":["GET"]}}],"collection":[{"href":"https:\/\/novaluxeurope.com\/en\/wp-json\/wp\/v2\/product"}],"about":[{"href":"https:\/\/novaluxeurope.com\/en\/wp-json\/wp\/v2\/types\/product"}],"replies":[{"embeddable":true,"href":"https:\/\/novaluxeurope.com\/en\/wp-json\/wp\/v2\/comments?post=5772"}],"wp:featuredmedia":[{"embeddable":true,"href":"https:\/\/novaluxeurope.com\/en\/wp-json\/wp\/v2\/media\/5771"}],"wp:attachment":[{"href":"https:\/\/novaluxeurope.com\/en\/wp-json\/wp\/v2\/media?parent=5772"}],"wp:term":[{"taxonomy":"product_brand","embeddable":true,"href":"https:\/\/novaluxeurope.com\/en\/wp-json\/wp\/v2\/product_brand?post=5772"},{"taxonomy":"product_cat","embeddable":true,"href":"https:\/\/novaluxeurope.com\/en\/wp-json\/wp\/v2\/product_cat?post=5772"},{"taxonomy":"product_tag","embeddable":true,"href":"https:\/\/novaluxeurope.com\/en\/wp-json\/wp\/v2\/product_tag?post=5772"}],"curies":[{"name":"wp","href":"https:\/\/api.w.org\/{rel}","templated":true}]}}