{"id":5756,"date":"2026-05-07T19:17:04","date_gmt":"2026-05-07T19:17:04","guid":{"rendered":"https:\/\/novaluxeurope.com\/producto\/haramain-manege-rouge-spray-75ml\/"},"modified":"2026-05-07T19:21:07","modified_gmt":"2026-05-07T19:21:07","slug":"haramain-manege-rouge-spray-75ml","status":"publish","type":"product","link":"https:\/\/novaluxeurope.com\/en\/product\/haramain-manege-rouge-spray-75ml\/","title":{"rendered":"HARAMAIN MANEGE ROUGE SPRAY 75ML"},"content":{"rendered":"<p>Al Haramain Man\u00e8ge Rouge Eau de Parfum 75 ml es una cautivadora fragancia femenina que captura el encanto de las flores orientales con un toque goloso. Perteneciente a la familia olfativa Ambarina Floral, equilibra a la perfecci\u00f3n dulzura, calidez y sofisticaci\u00f3n en una lujosa composici\u00f3n que deleita los sentidos. La fragancia se abre con una radiante mezcla de azafr\u00e1n, naranja y jazm\u00edn, que establece un tono brillante y cautivador. En su coraz\u00f3n emergen notas juguetonas e indulgentes de caramelo y algod\u00f3n de az\u00facar, creando una dulzura aterciopelada y golosa que resulta reconfortante y elegante. A continuaci\u00f3n, la fragancia se asienta en una rica base de \u00e1mbar y musgo de roble, a\u00f1adiendo una calidez sensual y terrosa que perdura maravillosamente. Inspirado en el mundialmente famoso Baccarat Rouge 540 de la Maison Francis Kurkdjian, Man\u00e8ge Rouge ofrece un aura comparable de sofisticaci\u00f3n, lujo y encanto, pero con el toque caracter\u00edstico de Al Haramain. Perfecto para la noche, las ocasiones especiales o cuando desee causar una impresi\u00f3n duradera, este perfume le envuelve en un aroma suave pero potente que atrae las miradas all\u00e1 donde vaya. NOTAS DE PERFUME Notas de salida: Azafr\u00e1n, naranja, jazm\u00edn Notas medias: Caramelo, Algod\u00f3n de az\u00facar Notas de fondo: \u00c1mbar, musgo de roble<\/p>\n<h4>Pir\u00e1mide olfativa<\/h4>\n<ul>\n<li><strong>Notas de entrada:<\/strong> Azafr\u00e1n, Naranja, Jazm\u00edn<\/li>\n<li><strong>Notas de coraz\u00f3n:<\/strong> Caramelo, Algod\u00f3n de az\u00facar (Candy Floss)<\/li>\n<li><strong>Notas de salida:<\/strong> Oakmoss, \u00c1mbar<\/li>\n<\/ul>","protected":false},"excerpt":{"rendered":"<p>Al Haramain Man\u00e8ge Rouge Eau de Parfum 75 ml es una cautivadora fragancia femenina que captura el encanto de las flores orientales con un toque goloso. Perteneciente a la familia olfativa Ambarina Floral, equilibra a la perfecci\u00f3n dulzura, calidez y sofisticaci\u00f3n en una lujosa composici\u00f3n que deleita los sentidos. La fragancia se abre con una [&hellip;]<\/p>\n","protected":false},"featured_media":5755,"comment_status":"open","ping_status":"closed","template":"","meta":[],"product_brand":[718],"product_cat":[225],"product_tag":[729,52,87,60,56,98,124],"class_list":{"0":"post-5756","1":"product","2":"type-product","3":"status-publish","4":"has-post-thumbnail","6":"product_brand-al-haramain","7":"product_cat-perfumes-y-fragancias","8":"product_tag-algodon-de-azucar-candy-floss","9":"product_tag-ambar","10":"product_tag-azafran","11":"product_tag-caramelo","12":"product_tag-jazmin","13":"product_tag-naranja","14":"product_tag-oakmoss","16":"first","17":"outofstock","18":"taxable","19":"shipping-taxable","20":"product-type-simple"},"_links":{"self":[{"href":"https:\/\/novaluxeurope.com\/en\/wp-json\/wp\/v2\/product\/5756","targetHints":{"allow":["GET"]}}],"collection":[{"href":"https:\/\/novaluxeurope.com\/en\/wp-json\/wp\/v2\/product"}],"about":[{"href":"https:\/\/novaluxeurope.com\/en\/wp-json\/wp\/v2\/types\/product"}],"replies":[{"embeddable":true,"href":"https:\/\/novaluxeurope.com\/en\/wp-json\/wp\/v2\/comments?post=5756"}],"wp:featuredmedia":[{"embeddable":true,"href":"https:\/\/novaluxeurope.com\/en\/wp-json\/wp\/v2\/media\/5755"}],"wp:attachment":[{"href":"https:\/\/novaluxeurope.com\/en\/wp-json\/wp\/v2\/media?parent=5756"}],"wp:term":[{"taxonomy":"product_brand","embeddable":true,"href":"https:\/\/novaluxeurope.com\/en\/wp-json\/wp\/v2\/product_brand?post=5756"},{"taxonomy":"product_cat","embeddable":true,"href":"https:\/\/novaluxeurope.com\/en\/wp-json\/wp\/v2\/product_cat?post=5756"},{"taxonomy":"product_tag","embeddable":true,"href":"https:\/\/novaluxeurope.com\/en\/wp-json\/wp\/v2\/product_tag?post=5756"}],"curies":[{"name":"wp","href":"https:\/\/api.w.org\/{rel}","templated":true}]}}