{"id":5751,"date":"2026-05-07T19:17:02","date_gmt":"2026-05-07T19:17:02","guid":{"rendered":"https:\/\/novaluxeurope.com\/producto\/haramain-detour-rouge-spray-100-ml\/"},"modified":"2026-05-07T19:21:07","modified_gmt":"2026-05-07T19:21:07","slug":"haramain-detour-rouge-spray-100-ml","status":"publish","type":"product","link":"https:\/\/novaluxeurope.com\/en\/product\/haramain-detour-rouge-spray-100-ml\/","title":{"rendered":"HARAMAIN DETOUR ROUGE SPRAY 100 ML"},"content":{"rendered":"<p>Haramain Detour Rouge Spray en 100 ml es una fragancia unisex audaz y carism\u00e1tica que mezcla frescura arom\u00e1tica con profundidad ahumada y calidez refinada. Perteneciente a la familia olfativa C\u00edtrica, se abre con un car\u00e1cter vibrante y estimulante, evolucionando gradualmente hacia una experiencia m\u00e1s profunda y sensual. Esta fragancia est\u00e1 dise\u00f1ada para quienes aprecian las composiciones en capas con una personalidad moderna y atrevida, ideal para la noche, las ocasiones especiales o las estaciones m\u00e1s fr\u00edas. La fragancia comienza con una refrescante mezcla de lavanda, cardamomo y bergamota, que combina tonos florales herb\u00e1ceos con c\u00e1lidas especias y el brillo de los c\u00edtricos. Esta apertura arom\u00e1tica crea una impresi\u00f3n fresca y energizante que cautiva inmediatamente los sentidos. En el coraz\u00f3n, la fragancia se transforma en un n\u00facleo ahumado y misterioso de hojas de tabaco, t\u00e9 negro y violeta. Estas notas ricas y ligeramente amargas introducen una sensaci\u00f3n de profundidad y sofisticaci\u00f3n, a\u00f1adiendo contraste a la fresca apertura. El matiz floral de la violeta se combina a la perfecci\u00f3n con los matices terrosos del t\u00e9 y el tabaco, aportando a la fragancia un toque \u00fanico. La base revela una capa suave y s\u00f3lida de almizcle, haba tonka y cedro, que envuelve la piel en calidez y sutil amaderamiento. Este secado de larga duraci\u00f3n mejora la experiencia general, dejando tras de s\u00ed una estela reconfortante y distintiva. NOTAS DE PERFUME Notas de salida : Lavanda, Cardamomo, Bergamota Notas medias : Hojas de tabaco, T\u00e9 negro, Violeta Notas de fondo : Almizcle, haba tonka, cedro<\/p>\n<h4>Pir\u00e1mide olfativa<\/h4>\n<ul>\n<li><strong>Notas de entrada:<\/strong> Lavanda, Cardamomo, Bergamota<\/li>\n<li><strong>Notas de coraz\u00f3n:<\/strong> Hojas de tabaco, T\u00e9 negro, Violeta<\/li>\n<li><strong>Notas de salida:<\/strong> Almizcle, Haba tonka, Cedro<\/li>\n<\/ul>","protected":false},"excerpt":{"rendered":"<p>Haramain Detour Rouge Spray en 100 ml es una fragancia unisex audaz y carism\u00e1tica que mezcla frescura arom\u00e1tica con profundidad ahumada y calidez refinada. Perteneciente a la familia olfativa C\u00edtrica, se abre con un car\u00e1cter vibrante y estimulante, evolucionando gradualmente hacia una experiencia m\u00e1s profunda y sensual. Esta fragancia est\u00e1 dise\u00f1ada para quienes aprecian las [&hellip;]<\/p>\n","protected":false},"featured_media":5750,"comment_status":"open","ping_status":"closed","template":"","meta":[],"product_brand":[718],"product_cat":[225],"product_tag":[59,102,77,53,79,728,73,350,51],"class_list":{"0":"post-5751","1":"product","2":"type-product","3":"status-publish","4":"has-post-thumbnail","6":"product_brand-al-haramain","7":"product_cat-perfumes-y-fragancias","8":"product_tag-almizcle","9":"product_tag-bergamota","10":"product_tag-cardamomo","11":"product_tag-cedro","12":"product_tag-haba-tonka","13":"product_tag-hojas-de-tabaco","14":"product_tag-lavanda","15":"product_tag-te-negro","16":"product_tag-violeta","18":"first","19":"outofstock","20":"taxable","21":"shipping-taxable","22":"product-type-simple"},"_links":{"self":[{"href":"https:\/\/novaluxeurope.com\/en\/wp-json\/wp\/v2\/product\/5751","targetHints":{"allow":["GET"]}}],"collection":[{"href":"https:\/\/novaluxeurope.com\/en\/wp-json\/wp\/v2\/product"}],"about":[{"href":"https:\/\/novaluxeurope.com\/en\/wp-json\/wp\/v2\/types\/product"}],"replies":[{"embeddable":true,"href":"https:\/\/novaluxeurope.com\/en\/wp-json\/wp\/v2\/comments?post=5751"}],"wp:featuredmedia":[{"embeddable":true,"href":"https:\/\/novaluxeurope.com\/en\/wp-json\/wp\/v2\/media\/5750"}],"wp:attachment":[{"href":"https:\/\/novaluxeurope.com\/en\/wp-json\/wp\/v2\/media?parent=5751"}],"wp:term":[{"taxonomy":"product_brand","embeddable":true,"href":"https:\/\/novaluxeurope.com\/en\/wp-json\/wp\/v2\/product_brand?post=5751"},{"taxonomy":"product_cat","embeddable":true,"href":"https:\/\/novaluxeurope.com\/en\/wp-json\/wp\/v2\/product_cat?post=5751"},{"taxonomy":"product_tag","embeddable":true,"href":"https:\/\/novaluxeurope.com\/en\/wp-json\/wp\/v2\/product_tag?post=5751"}],"curies":[{"name":"wp","href":"https:\/\/api.w.org\/{rel}","templated":true}]}}